{"id":34338,"date":"2024-11-07T15:59:19","date_gmt":"2024-11-07T16:48:17","guid":{"rendered":"https:\/\/www.frantoiomuraglia.it\/?post_type=product&#038;p=34338"},"modified":"2025-02-12T14:14:41","modified_gmt":"2025-02-12T12:14:41","slug":"polka-dot-geschenkpaket","status":"publish","type":"product","link":"https:\/\/dev.frantoiomuraglia.it\/de\/produkt\/polka-dot-geschenkpaket\/","title":{"rendered":"&#8218;Polka Dot&#8216; Geschenkpaket"},"content":{"rendered":"<p>Eleganz und Raffinesse finden im neuen Orcio Pois Gold ihren h\u00f6chsten Ausdruck.<\/p>\n<p>Erh\u00e4ltlich in den Farben Rot, Wei\u00df und Schwarz, werden sie zum Symbol einer \u00c4sthetik, die Tradition und Moderne verbindet, eine Neuinterpretation der apulischen Keramik, die zum reinen Design und zum Objekt der Begierde wird.<br \/>Und um sie alle zu sammeln, die neue Geschenkbox mit den 3 einzigartigen Orci und den exklusiven Keramikschalen in drei Farben: wei\u00df, rot und schwarz.<\/p>\n<p>Ein Orcio-H\u00fcter unseres EVO-\u00d6ls zum Ausstellen, zum Verschenken, zum t\u00e4glichen Erleben: intensiv fruchtig in den Farben wei\u00df und schwarz, mittelfruchtig.<\/p>\n<p>Un Online-Exklusivit\u00e4t und limitierten Auflage.<\/p>\n","protected":false},"excerpt":{"rendered":"<p>Eleganz und Raffinesse finden im neuen Orcio Pois Gold ihren h\u00f6chsten Ausdruck. Erh\u00e4ltlich in den Farben Rot, Wei\u00df und Schwarz, werden sie zum Symbol einer \u00c4sthetik, die Tradition und Moderne verbindet, eine Neuinterpretation der apulischen Keramik, die zum reinen Design und zum Objekt der Begierde wird.Und um sie alle zu sammeln, die neue Geschenkbox mit [&hellip;]<\/p>\n","protected":false},"featured_media":34327,"template":"","meta":{"_acf_changed":false},"product_cat":[203,141],"product_tag":[303,308,294,310],"class_list":{"0":"post-34338","1":"product","2":"type-product","3":"status-publish","4":"has-post-thumbnail","6":"product_cat-geschenkideen","7":"product_cat-keramikflasche","8":"product_tag-gift-ideas-de-2","9":"product_tag-intense-variant-de","10":"product_tag-jars-de-2","11":"product_tag-medium-variant-de","13":"first","14":"instock","15":"taxable","16":"shipping-taxable","17":"purchasable","18":"product-type-simple"},"acf":[],"yoast_head":"<!-- This site is optimized with the Yoast SEO plugin v26.8 - https:\/\/yoast.com\/product\/yoast-seo-wordpress\/ -->\n<title>&#039;Polka Dot&#039; Geschenkpaket - Frantoio Muraglia<\/title>\n<meta name=\"description\" content=\"Eleganz und Raffinesse finden ihren h\u00f6chsten Ausdruck in den neuen Orcio Pois Gold, die in den Farben Rot, Wei\u00df und Schwarz erh\u00e4ltlich sind und zum Symbol einer \u00c4sthetik werden, die Tradition und Moderne verbindet, eine Neuinterpretation der apulischen Keramik, die zum reinen Design und zum Objekt der Begierde wird. Und um sie alle zu sammeln, die neue Geschenkpackung mit den 3 Orcio Pois Gold und den exklusiven Keramiksch\u00e4lchen in den drei Farben: wei\u00df, rot und schwarz. Ein Orcio-H\u00fcter unseres EVO-\u00d6ls zum Ausstellen, zum Verschenken, zum t\u00e4glichen Erleben: intensiv fruchtig in den Farben wei\u00df und schwarz, mittelfruchtig. Un Online-Exklusivit\u00e4t und limitierten Auflage.\" \/>\n<meta name=\"robots\" content=\"noindex, follow, max-snippet:-1, max-image-preview:large, max-video-preview:-1\" \/>\n<meta property=\"og:locale\" content=\"de_DE\" \/>\n<meta property=\"og:type\" content=\"article\" \/>\n<meta property=\"og:title\" content=\"&#039;Polka Dot&#039; Geschenkpaket - Frantoio Muraglia\" \/>\n<meta property=\"og:description\" content=\"Eleganz und Raffinesse finden ihren h\u00f6chsten Ausdruck in den neuen Orcio Pois Gold, die in den Farben Rot, Wei\u00df und Schwarz erh\u00e4ltlich sind und zum Symbol einer \u00c4sthetik werden, die Tradition und Moderne verbindet, eine Neuinterpretation der apulischen Keramik, die zum reinen Design und zum Objekt der Begierde wird. Und um sie alle zu sammeln, die neue Geschenkpackung mit den 3 Orcio Pois Gold und den exklusiven Keramiksch\u00e4lchen in den drei Farben: wei\u00df, rot und schwarz. Ein Orcio-H\u00fcter unseres EVO-\u00d6ls zum Ausstellen, zum Verschenken, zum t\u00e4glichen Erleben: intensiv fruchtig in den Farben wei\u00df und schwarz, mittelfruchtig. Un Online-Exklusivit\u00e4t und limitierten Auflage.\" \/>\n<meta property=\"og:url\" content=\"https:\/\/dev.frantoiomuraglia.it\/de\/produkt\/polka-dot-geschenkpaket\/\" \/>\n<meta property=\"og:site_name\" content=\"Frantoio Muraglia\" \/>\n<meta property=\"article:modified_time\" content=\"2025-02-12T12:14:41+00:00\" \/>\n<meta property=\"og:image\" content=\"https:\/\/dev.frantoiomuraglia.it\/wp-content\/uploads\/2024\/11\/pacco-pois-new-1.jpg\" \/>\n\t<meta property=\"og:image:width\" content=\"2180\" \/>\n\t<meta property=\"og:image:height\" content=\"2294\" \/>\n\t<meta property=\"og:image:type\" content=\"image\/jpeg\" \/>\n<meta name=\"twitter:card\" content=\"summary_large_image\" \/>\n<script type=\"application\/ld+json\" class=\"yoast-schema-graph\">{\"@context\":\"https:\/\/schema.org\",\"@graph\":[{\"@type\":\"WebPage\",\"@id\":\"https:\/\/dev.frantoiomuraglia.it\/de\/produkt\/polka-dot-geschenkpaket\/\",\"url\":\"https:\/\/dev.frantoiomuraglia.it\/de\/produkt\/polka-dot-geschenkpaket\/\",\"name\":\"'Polka Dot' Geschenkpaket - Frantoio Muraglia\",\"isPartOf\":{\"@id\":\"https:\/\/dev.frantoiomuraglia.it\/de\/#website\"},\"primaryImageOfPage\":{\"@id\":\"https:\/\/dev.frantoiomuraglia.it\/de\/produkt\/polka-dot-geschenkpaket\/#primaryimage\"},\"image\":{\"@id\":\"https:\/\/dev.frantoiomuraglia.it\/de\/produkt\/polka-dot-geschenkpaket\/#primaryimage\"},\"thumbnailUrl\":\"https:\/\/dev.frantoiomuraglia.it\/wp-content\/uploads\/2024\/11\/pacco-pois-new-1.jpg\",\"datePublished\":\"2024-11-07T16:48:17+00:00\",\"dateModified\":\"2025-02-12T12:14:41+00:00\",\"description\":\"Eleganz und Raffinesse finden ihren h\u00f6chsten Ausdruck in den neuen Orcio Pois Gold, die in den Farben Rot, Wei\u00df und Schwarz erh\u00e4ltlich sind und zum Symbol einer \u00c4sthetik werden, die Tradition und Moderne verbindet, eine Neuinterpretation der apulischen Keramik, die zum reinen Design und zum Objekt der Begierde wird. Und um sie alle zu sammeln, die neue Geschenkpackung mit den 3 Orcio Pois Gold und den exklusiven Keramiksch\u00e4lchen in den drei Farben: wei\u00df, rot und schwarz. Ein Orcio-H\u00fcter unseres EVO-\u00d6ls zum Ausstellen, zum Verschenken, zum t\u00e4glichen Erleben: intensiv fruchtig in den Farben wei\u00df und schwarz, mittelfruchtig. Un Online-Exklusivit\u00e4t und limitierten Auflage.\",\"breadcrumb\":{\"@id\":\"https:\/\/dev.frantoiomuraglia.it\/de\/produkt\/polka-dot-geschenkpaket\/#breadcrumb\"},\"inLanguage\":\"de\",\"potentialAction\":[{\"@type\":\"ReadAction\",\"target\":[\"https:\/\/dev.frantoiomuraglia.it\/de\/produkt\/polka-dot-geschenkpaket\/\"]}]},{\"@type\":\"ImageObject\",\"inLanguage\":\"de\",\"@id\":\"https:\/\/dev.frantoiomuraglia.it\/de\/produkt\/polka-dot-geschenkpaket\/#primaryimage\",\"url\":\"https:\/\/dev.frantoiomuraglia.it\/wp-content\/uploads\/2024\/11\/pacco-pois-new-1.jpg\",\"contentUrl\":\"https:\/\/dev.frantoiomuraglia.it\/wp-content\/uploads\/2024\/11\/pacco-pois-new-1.jpg\",\"width\":2180,\"height\":2294},{\"@type\":\"BreadcrumbList\",\"@id\":\"https:\/\/dev.frantoiomuraglia.it\/de\/produkt\/polka-dot-geschenkpaket\/#breadcrumb\",\"itemListElement\":[{\"@type\":\"ListItem\",\"position\":1,\"name\":\"Home\",\"item\":\"https:\/\/dev.frantoiomuraglia.it\/de\/\"},{\"@type\":\"ListItem\",\"position\":2,\"name\":\"Shop\",\"item\":\"https:\/\/dev.frantoiomuraglia.it\/de\/shop\/\"},{\"@type\":\"ListItem\",\"position\":3,\"name\":\"&#8218;Polka Dot&#8216; Geschenkpaket\"}]},{\"@type\":\"WebSite\",\"@id\":\"https:\/\/dev.frantoiomuraglia.it\/de\/#website\",\"url\":\"https:\/\/dev.frantoiomuraglia.it\/de\/\",\"name\":\"Frantoio Muraglia\",\"description\":\"Just another WordPress site\",\"publisher\":{\"@id\":\"https:\/\/dev.frantoiomuraglia.it\/de\/#organization\"},\"potentialAction\":[{\"@type\":\"SearchAction\",\"target\":{\"@type\":\"EntryPoint\",\"urlTemplate\":\"https:\/\/dev.frantoiomuraglia.it\/de\/?s={search_term_string}\"},\"query-input\":{\"@type\":\"PropertyValueSpecification\",\"valueRequired\":true,\"valueName\":\"search_term_string\"}}],\"inLanguage\":\"de\"},{\"@type\":\"Organization\",\"@id\":\"https:\/\/dev.frantoiomuraglia.it\/de\/#organization\",\"name\":\"Frantoio Muraglia\",\"url\":\"https:\/\/dev.frantoiomuraglia.it\/de\/\",\"logo\":{\"@type\":\"ImageObject\",\"inLanguage\":\"de\",\"@id\":\"https:\/\/dev.frantoiomuraglia.it\/de\/#\/schema\/logo\/image\/\",\"url\":\"https:\/\/www.frantoiomuraglia.it\/wp-content\/uploads\/2022\/06\/Logo-Frantoio-Muraglia-black-email.jpg\",\"contentUrl\":\"https:\/\/www.frantoiomuraglia.it\/wp-content\/uploads\/2022\/06\/Logo-Frantoio-Muraglia-black-email.jpg\",\"width\":326,\"height\":150,\"caption\":\"Frantoio Muraglia\"},\"image\":{\"@id\":\"https:\/\/dev.frantoiomuraglia.it\/de\/#\/schema\/logo\/image\/\"}}]}<\/script>\n<!-- \/ Yoast SEO plugin. -->","yoast_head_json":{"title":"'Polka Dot' Geschenkpaket - Frantoio Muraglia","description":"Eleganz und Raffinesse finden ihren h\u00f6chsten Ausdruck in den neuen Orcio Pois Gold, die in den Farben Rot, Wei\u00df und Schwarz erh\u00e4ltlich sind und zum Symbol einer \u00c4sthetik werden, die Tradition und Moderne verbindet, eine Neuinterpretation der apulischen Keramik, die zum reinen Design und zum Objekt der Begierde wird. Und um sie alle zu sammeln, die neue Geschenkpackung mit den 3 Orcio Pois Gold und den exklusiven Keramiksch\u00e4lchen in den drei Farben: wei\u00df, rot und schwarz. Ein Orcio-H\u00fcter unseres EVO-\u00d6ls zum Ausstellen, zum Verschenken, zum t\u00e4glichen Erleben: intensiv fruchtig in den Farben wei\u00df und schwarz, mittelfruchtig. Un Online-Exklusivit\u00e4t und limitierten Auflage.","robots":{"index":"noindex","follow":"follow","max-snippet":"max-snippet:-1","max-image-preview":"max-image-preview:large","max-video-preview":"max-video-preview:-1"},"og_locale":"de_DE","og_type":"article","og_title":"'Polka Dot' Geschenkpaket - Frantoio Muraglia","og_description":"Eleganz und Raffinesse finden ihren h\u00f6chsten Ausdruck in den neuen Orcio Pois Gold, die in den Farben Rot, Wei\u00df und Schwarz erh\u00e4ltlich sind und zum Symbol einer \u00c4sthetik werden, die Tradition und Moderne verbindet, eine Neuinterpretation der apulischen Keramik, die zum reinen Design und zum Objekt der Begierde wird. Und um sie alle zu sammeln, die neue Geschenkpackung mit den 3 Orcio Pois Gold und den exklusiven Keramiksch\u00e4lchen in den drei Farben: wei\u00df, rot und schwarz. Ein Orcio-H\u00fcter unseres EVO-\u00d6ls zum Ausstellen, zum Verschenken, zum t\u00e4glichen Erleben: intensiv fruchtig in den Farben wei\u00df und schwarz, mittelfruchtig. Un Online-Exklusivit\u00e4t und limitierten Auflage.","og_url":"https:\/\/dev.frantoiomuraglia.it\/de\/produkt\/polka-dot-geschenkpaket\/","og_site_name":"Frantoio Muraglia","article_modified_time":"2025-02-12T12:14:41+00:00","og_image":[{"width":2180,"height":2294,"url":"https:\/\/dev.frantoiomuraglia.it\/wp-content\/uploads\/2024\/11\/pacco-pois-new-1.jpg","type":"image\/jpeg"}],"twitter_card":"summary_large_image","schema":{"@context":"https:\/\/schema.org","@graph":[{"@type":"WebPage","@id":"https:\/\/dev.frantoiomuraglia.it\/de\/produkt\/polka-dot-geschenkpaket\/","url":"https:\/\/dev.frantoiomuraglia.it\/de\/produkt\/polka-dot-geschenkpaket\/","name":"'Polka Dot' Geschenkpaket - Frantoio Muraglia","isPartOf":{"@id":"https:\/\/dev.frantoiomuraglia.it\/de\/#website"},"primaryImageOfPage":{"@id":"https:\/\/dev.frantoiomuraglia.it\/de\/produkt\/polka-dot-geschenkpaket\/#primaryimage"},"image":{"@id":"https:\/\/dev.frantoiomuraglia.it\/de\/produkt\/polka-dot-geschenkpaket\/#primaryimage"},"thumbnailUrl":"https:\/\/dev.frantoiomuraglia.it\/wp-content\/uploads\/2024\/11\/pacco-pois-new-1.jpg","datePublished":"2024-11-07T16:48:17+00:00","dateModified":"2025-02-12T12:14:41+00:00","description":"Eleganz und Raffinesse finden ihren h\u00f6chsten Ausdruck in den neuen Orcio Pois Gold, die in den Farben Rot, Wei\u00df und Schwarz erh\u00e4ltlich sind und zum Symbol einer \u00c4sthetik werden, die Tradition und Moderne verbindet, eine Neuinterpretation der apulischen Keramik, die zum reinen Design und zum Objekt der Begierde wird. Und um sie alle zu sammeln, die neue Geschenkpackung mit den 3 Orcio Pois Gold und den exklusiven Keramiksch\u00e4lchen in den drei Farben: wei\u00df, rot und schwarz. Ein Orcio-H\u00fcter unseres EVO-\u00d6ls zum Ausstellen, zum Verschenken, zum t\u00e4glichen Erleben: intensiv fruchtig in den Farben wei\u00df und schwarz, mittelfruchtig. Un Online-Exklusivit\u00e4t und limitierten Auflage.","breadcrumb":{"@id":"https:\/\/dev.frantoiomuraglia.it\/de\/produkt\/polka-dot-geschenkpaket\/#breadcrumb"},"inLanguage":"de","potentialAction":[{"@type":"ReadAction","target":["https:\/\/dev.frantoiomuraglia.it\/de\/produkt\/polka-dot-geschenkpaket\/"]}]},{"@type":"ImageObject","inLanguage":"de","@id":"https:\/\/dev.frantoiomuraglia.it\/de\/produkt\/polka-dot-geschenkpaket\/#primaryimage","url":"https:\/\/dev.frantoiomuraglia.it\/wp-content\/uploads\/2024\/11\/pacco-pois-new-1.jpg","contentUrl":"https:\/\/dev.frantoiomuraglia.it\/wp-content\/uploads\/2024\/11\/pacco-pois-new-1.jpg","width":2180,"height":2294},{"@type":"BreadcrumbList","@id":"https:\/\/dev.frantoiomuraglia.it\/de\/produkt\/polka-dot-geschenkpaket\/#breadcrumb","itemListElement":[{"@type":"ListItem","position":1,"name":"Home","item":"https:\/\/dev.frantoiomuraglia.it\/de\/"},{"@type":"ListItem","position":2,"name":"Shop","item":"https:\/\/dev.frantoiomuraglia.it\/de\/shop\/"},{"@type":"ListItem","position":3,"name":"&#8218;Polka Dot&#8216; Geschenkpaket"}]},{"@type":"WebSite","@id":"https:\/\/dev.frantoiomuraglia.it\/de\/#website","url":"https:\/\/dev.frantoiomuraglia.it\/de\/","name":"Frantoio Muraglia","description":"Just another WordPress site","publisher":{"@id":"https:\/\/dev.frantoiomuraglia.it\/de\/#organization"},"potentialAction":[{"@type":"SearchAction","target":{"@type":"EntryPoint","urlTemplate":"https:\/\/dev.frantoiomuraglia.it\/de\/?s={search_term_string}"},"query-input":{"@type":"PropertyValueSpecification","valueRequired":true,"valueName":"search_term_string"}}],"inLanguage":"de"},{"@type":"Organization","@id":"https:\/\/dev.frantoiomuraglia.it\/de\/#organization","name":"Frantoio Muraglia","url":"https:\/\/dev.frantoiomuraglia.it\/de\/","logo":{"@type":"ImageObject","inLanguage":"de","@id":"https:\/\/dev.frantoiomuraglia.it\/de\/#\/schema\/logo\/image\/","url":"https:\/\/www.frantoiomuraglia.it\/wp-content\/uploads\/2022\/06\/Logo-Frantoio-Muraglia-black-email.jpg","contentUrl":"https:\/\/www.frantoiomuraglia.it\/wp-content\/uploads\/2022\/06\/Logo-Frantoio-Muraglia-black-email.jpg","width":326,"height":150,"caption":"Frantoio Muraglia"},"image":{"@id":"https:\/\/dev.frantoiomuraglia.it\/de\/#\/schema\/logo\/image\/"}}]}},"_links":{"self":[{"href":"https:\/\/dev.frantoiomuraglia.it\/de\/wp-json\/wp\/v2\/product\/34338","targetHints":{"allow":["GET"]}}],"collection":[{"href":"https:\/\/dev.frantoiomuraglia.it\/de\/wp-json\/wp\/v2\/product"}],"about":[{"href":"https:\/\/dev.frantoiomuraglia.it\/de\/wp-json\/wp\/v2\/types\/product"}],"wp:featuredmedia":[{"embeddable":true,"href":"https:\/\/dev.frantoiomuraglia.it\/de\/wp-json\/wp\/v2\/media\/34327"}],"wp:attachment":[{"href":"https:\/\/dev.frantoiomuraglia.it\/de\/wp-json\/wp\/v2\/media?parent=34338"}],"wp:term":[{"taxonomy":"product_cat","embeddable":true,"href":"https:\/\/dev.frantoiomuraglia.it\/de\/wp-json\/wp\/v2\/product_cat?post=34338"},{"taxonomy":"product_tag","embeddable":true,"href":"https:\/\/dev.frantoiomuraglia.it\/de\/wp-json\/wp\/v2\/product_tag?post=34338"}],"curies":[{"name":"wp","href":"https:\/\/api.w.org\/{rel}","templated":true}]}}