{"id":34240,"date":"2024-11-04T18:28:51","date_gmt":"2024-11-06T11:43:03","guid":{"rendered":"https:\/\/www.frantoiomuraglia.it\/product\/coolors-geschenkpaket\/"},"modified":"2025-05-09T20:52:00","modified_gmt":"2025-05-09T18:52:00","slug":"coolors-geschenkpaket","status":"publish","type":"product","link":"https:\/\/dev.frantoiomuraglia.it\/de\/produkt\/coolors-geschenkpaket\/","title":{"rendered":"Coolors&#8216; Geschenkpaket"},"content":{"rendered":"<p>Entdecken Sie Eleganz und Qualit\u00e4t mit der neuen Geschenkbox, die die gesamte Coolors-Kollektion enth\u00e4lt: drei einzigartige Glasflaschen mit 500 ml unseres besten nativen Oliven\u00f6ls extra.<\/p>\n<p>Einzigartige Geschenkpackungen, die nur online erh\u00e4ltlich sind. Die perfekte Geschenkidee, um die Atmosph\u00e4re von Frantoio Muraglia zu erleben. Wir werden Ihren Tisch mit Qualit\u00e4tsprodukten und viel Farbe bereichern, dank des Dufts unseres nativen Oliven\u00f6ls extra und der Farben unserer handgefertigten Designobjekte.<\/p>\n<p>Ein perfektes Geschenkpaket, um Farbe auf den Tisch von Familie, Freunden und Kunden zu bringen. Ein Weihnachtskorb oder ein Firmengeschenk, das mit Sicherheit gef\u00e4llt, bestehend aus raffinierten und leichten Glasflaschen, eine wahre Parade des Geschmacks und der Farben.<\/p>\n<p>Eine Geschenkbox mit der gesamten Coolor-Kollektion: Coolor Shining Red 500ml Medium Fruity, Coolor Titanium 500ml Intense Fruity und Coolor Gold Ros\u00e9 500ml Intense Fruity.<\/p>\n","protected":false},"excerpt":{"rendered":"<p>Entdecken Sie Eleganz und Qualit\u00e4t mit der neuen Geschenkbox, die die gesamte Coolors-Kollektion enth\u00e4lt: drei einzigartige Glasflaschen mit 500 ml unseres besten nativen Oliven\u00f6ls extra.<\/p>\n<p><strong>Das Geschenkpaket enth\u00e4lt: Coolors Rosso mit Medium Fruity EVO,Coolors Titanium con EVO Fruttato Intenso, Coolors Gold Ros\u00e8 con EVO Fruttato Intenso.<\/strong><\/p>\n","protected":false},"featured_media":34213,"template":"","meta":{"_acf_changed":false},"product_cat":[172,203,418,377],"product_tag":[303,308,310],"class_list":{"0":"post-34240","1":"product","2":"type-product","3":"status-publish","4":"has-post-thumbnail","6":"product_cat-flaschen","7":"product_cat-geschenkideen","8":"product_cat-black-friday-de","9":"product_cat-coolors-de","10":"product_tag-gift-ideas-de-2","11":"product_tag-intense-variant-de","12":"product_tag-medium-variant-de","14":"first","15":"instock","16":"taxable","17":"shipping-taxable","18":"purchasable","19":"product-type-simple"},"acf":[],"yoast_head":"<!-- This site is optimized with the Yoast SEO plugin v26.8 - https:\/\/yoast.com\/product\/yoast-seo-wordpress\/ -->\n<title>Coolors&#039; Geschenkpaket - Frantoio Muraglia<\/title>\n<meta name=\"description\" content=\"W\u00e4hlen Sie f\u00fcr Ihr Geschenk hervorragende Leistungen. Coolor Shining Red 500 ml - Mittel fruchtig. Coolor Titanium 500 ml - Intensiv fruchtig. Coolor Gold Ros\u00e8 500 ml - Intense FruityEntdecken Sie Eleganz und Qualit\u00e4t mit der neuen Geschenkbox, die die gesamte Coolors-Kollektion enth\u00e4lt: drei einzigartige Glasflaschen, die 500 ml unseres besten nativen Oliven\u00f6ls extra enthalten: Coolors Red mit Medium Fruity EVO, Coolors Titanium mit Intense Fruity EVO, Coolors Gold Ros\u00e9 mit Intense Fruity EVO.\" \/>\n<meta name=\"robots\" content=\"noindex, follow, max-snippet:-1, max-image-preview:large, max-video-preview:-1\" \/>\n<meta property=\"og:locale\" content=\"de_DE\" \/>\n<meta property=\"og:type\" content=\"article\" \/>\n<meta property=\"og:title\" content=\"Coolors&#039; Geschenkpaket - Frantoio Muraglia\" \/>\n<meta property=\"og:description\" content=\"W\u00e4hlen Sie f\u00fcr Ihr Geschenk hervorragende Leistungen. Coolor Shining Red 500 ml - Mittel fruchtig. Coolor Titanium 500 ml - Intensiv fruchtig. Coolor Gold Ros\u00e8 500 ml - Intense FruityEntdecken Sie Eleganz und Qualit\u00e4t mit der neuen Geschenkbox, die die gesamte Coolors-Kollektion enth\u00e4lt: drei einzigartige Glasflaschen, die 500 ml unseres besten nativen Oliven\u00f6ls extra enthalten: Coolors Red mit Medium Fruity EVO, Coolors Titanium mit Intense Fruity EVO, Coolors Gold Ros\u00e9 mit Intense Fruity EVO.\" \/>\n<meta property=\"og:url\" content=\"https:\/\/dev.frantoiomuraglia.it\/de\/produkt\/coolors-geschenkpaket\/\" \/>\n<meta property=\"og:site_name\" content=\"Frantoio Muraglia\" \/>\n<meta property=\"article:modified_time\" content=\"2025-05-09T18:52:00+00:00\" \/>\n<meta property=\"og:image\" content=\"https:\/\/dev.frantoiomuraglia.it\/wp-content\/uploads\/2024\/11\/pacco-coolors.jpg\" \/>\n\t<meta property=\"og:image:width\" content=\"2180\" \/>\n\t<meta property=\"og:image:height\" content=\"2294\" \/>\n\t<meta property=\"og:image:type\" content=\"image\/jpeg\" \/>\n<meta name=\"twitter:card\" content=\"summary_large_image\" \/>\n<script type=\"application\/ld+json\" class=\"yoast-schema-graph\">{\"@context\":\"https:\/\/schema.org\",\"@graph\":[{\"@type\":\"WebPage\",\"@id\":\"https:\/\/dev.frantoiomuraglia.it\/de\/produkt\/coolors-geschenkpaket\/\",\"url\":\"https:\/\/dev.frantoiomuraglia.it\/de\/produkt\/coolors-geschenkpaket\/\",\"name\":\"Coolors' Geschenkpaket - Frantoio Muraglia\",\"isPartOf\":{\"@id\":\"https:\/\/dev.frantoiomuraglia.it\/de\/#website\"},\"primaryImageOfPage\":{\"@id\":\"https:\/\/dev.frantoiomuraglia.it\/de\/produkt\/coolors-geschenkpaket\/#primaryimage\"},\"image\":{\"@id\":\"https:\/\/dev.frantoiomuraglia.it\/de\/produkt\/coolors-geschenkpaket\/#primaryimage\"},\"thumbnailUrl\":\"https:\/\/dev.frantoiomuraglia.it\/wp-content\/uploads\/2024\/11\/pacco-coolors.jpg\",\"datePublished\":\"2024-11-06T11:43:03+00:00\",\"dateModified\":\"2025-05-09T18:52:00+00:00\",\"description\":\"W\u00e4hlen Sie f\u00fcr Ihr Geschenk hervorragende Leistungen. Coolor Shining Red 500 ml - Mittel fruchtig. Coolor Titanium 500 ml - Intensiv fruchtig. Coolor Gold Ros\u00e8 500 ml - Intense FruityEntdecken Sie Eleganz und Qualit\u00e4t mit der neuen Geschenkbox, die die gesamte Coolors-Kollektion enth\u00e4lt: drei einzigartige Glasflaschen, die 500 ml unseres besten nativen Oliven\u00f6ls extra enthalten: Coolors Red mit Medium Fruity EVO, Coolors Titanium mit Intense Fruity EVO, Coolors Gold Ros\u00e9 mit Intense Fruity EVO.\",\"breadcrumb\":{\"@id\":\"https:\/\/dev.frantoiomuraglia.it\/de\/produkt\/coolors-geschenkpaket\/#breadcrumb\"},\"inLanguage\":\"de\",\"potentialAction\":[{\"@type\":\"ReadAction\",\"target\":[\"https:\/\/dev.frantoiomuraglia.it\/de\/produkt\/coolors-geschenkpaket\/\"]}]},{\"@type\":\"ImageObject\",\"inLanguage\":\"de\",\"@id\":\"https:\/\/dev.frantoiomuraglia.it\/de\/produkt\/coolors-geschenkpaket\/#primaryimage\",\"url\":\"https:\/\/dev.frantoiomuraglia.it\/wp-content\/uploads\/2024\/11\/pacco-coolors.jpg\",\"contentUrl\":\"https:\/\/dev.frantoiomuraglia.it\/wp-content\/uploads\/2024\/11\/pacco-coolors.jpg\",\"width\":2180,\"height\":2294},{\"@type\":\"BreadcrumbList\",\"@id\":\"https:\/\/dev.frantoiomuraglia.it\/de\/produkt\/coolors-geschenkpaket\/#breadcrumb\",\"itemListElement\":[{\"@type\":\"ListItem\",\"position\":1,\"name\":\"Home\",\"item\":\"https:\/\/dev.frantoiomuraglia.it\/de\/\"},{\"@type\":\"ListItem\",\"position\":2,\"name\":\"Shop\",\"item\":\"https:\/\/dev.frantoiomuraglia.it\/de\/shop\/\"},{\"@type\":\"ListItem\",\"position\":3,\"name\":\"Coolors&#8216; Geschenkpaket\"}]},{\"@type\":\"WebSite\",\"@id\":\"https:\/\/dev.frantoiomuraglia.it\/de\/#website\",\"url\":\"https:\/\/dev.frantoiomuraglia.it\/de\/\",\"name\":\"Frantoio Muraglia\",\"description\":\"Just another WordPress site\",\"publisher\":{\"@id\":\"https:\/\/dev.frantoiomuraglia.it\/de\/#organization\"},\"potentialAction\":[{\"@type\":\"SearchAction\",\"target\":{\"@type\":\"EntryPoint\",\"urlTemplate\":\"https:\/\/dev.frantoiomuraglia.it\/de\/?s={search_term_string}\"},\"query-input\":{\"@type\":\"PropertyValueSpecification\",\"valueRequired\":true,\"valueName\":\"search_term_string\"}}],\"inLanguage\":\"de\"},{\"@type\":\"Organization\",\"@id\":\"https:\/\/dev.frantoiomuraglia.it\/de\/#organization\",\"name\":\"Frantoio Muraglia\",\"url\":\"https:\/\/dev.frantoiomuraglia.it\/de\/\",\"logo\":{\"@type\":\"ImageObject\",\"inLanguage\":\"de\",\"@id\":\"https:\/\/dev.frantoiomuraglia.it\/de\/#\/schema\/logo\/image\/\",\"url\":\"https:\/\/www.frantoiomuraglia.it\/wp-content\/uploads\/2022\/06\/Logo-Frantoio-Muraglia-black-email.jpg\",\"contentUrl\":\"https:\/\/www.frantoiomuraglia.it\/wp-content\/uploads\/2022\/06\/Logo-Frantoio-Muraglia-black-email.jpg\",\"width\":326,\"height\":150,\"caption\":\"Frantoio Muraglia\"},\"image\":{\"@id\":\"https:\/\/dev.frantoiomuraglia.it\/de\/#\/schema\/logo\/image\/\"}}]}<\/script>\n<!-- \/ Yoast SEO plugin. -->","yoast_head_json":{"title":"Coolors' Geschenkpaket - Frantoio Muraglia","description":"W\u00e4hlen Sie f\u00fcr Ihr Geschenk hervorragende Leistungen. Coolor Shining Red 500 ml - Mittel fruchtig. Coolor Titanium 500 ml - Intensiv fruchtig. Coolor Gold Ros\u00e8 500 ml - Intense FruityEntdecken Sie Eleganz und Qualit\u00e4t mit der neuen Geschenkbox, die die gesamte Coolors-Kollektion enth\u00e4lt: drei einzigartige Glasflaschen, die 500 ml unseres besten nativen Oliven\u00f6ls extra enthalten: Coolors Red mit Medium Fruity EVO, Coolors Titanium mit Intense Fruity EVO, Coolors Gold Ros\u00e9 mit Intense Fruity EVO.","robots":{"index":"noindex","follow":"follow","max-snippet":"max-snippet:-1","max-image-preview":"max-image-preview:large","max-video-preview":"max-video-preview:-1"},"og_locale":"de_DE","og_type":"article","og_title":"Coolors' Geschenkpaket - Frantoio Muraglia","og_description":"W\u00e4hlen Sie f\u00fcr Ihr Geschenk hervorragende Leistungen. Coolor Shining Red 500 ml - Mittel fruchtig. Coolor Titanium 500 ml - Intensiv fruchtig. Coolor Gold Ros\u00e8 500 ml - Intense FruityEntdecken Sie Eleganz und Qualit\u00e4t mit der neuen Geschenkbox, die die gesamte Coolors-Kollektion enth\u00e4lt: drei einzigartige Glasflaschen, die 500 ml unseres besten nativen Oliven\u00f6ls extra enthalten: Coolors Red mit Medium Fruity EVO, Coolors Titanium mit Intense Fruity EVO, Coolors Gold Ros\u00e9 mit Intense Fruity EVO.","og_url":"https:\/\/dev.frantoiomuraglia.it\/de\/produkt\/coolors-geschenkpaket\/","og_site_name":"Frantoio Muraglia","article_modified_time":"2025-05-09T18:52:00+00:00","og_image":[{"width":2180,"height":2294,"url":"https:\/\/dev.frantoiomuraglia.it\/wp-content\/uploads\/2024\/11\/pacco-coolors.jpg","type":"image\/jpeg"}],"twitter_card":"summary_large_image","schema":{"@context":"https:\/\/schema.org","@graph":[{"@type":"WebPage","@id":"https:\/\/dev.frantoiomuraglia.it\/de\/produkt\/coolors-geschenkpaket\/","url":"https:\/\/dev.frantoiomuraglia.it\/de\/produkt\/coolors-geschenkpaket\/","name":"Coolors' Geschenkpaket - Frantoio Muraglia","isPartOf":{"@id":"https:\/\/dev.frantoiomuraglia.it\/de\/#website"},"primaryImageOfPage":{"@id":"https:\/\/dev.frantoiomuraglia.it\/de\/produkt\/coolors-geschenkpaket\/#primaryimage"},"image":{"@id":"https:\/\/dev.frantoiomuraglia.it\/de\/produkt\/coolors-geschenkpaket\/#primaryimage"},"thumbnailUrl":"https:\/\/dev.frantoiomuraglia.it\/wp-content\/uploads\/2024\/11\/pacco-coolors.jpg","datePublished":"2024-11-06T11:43:03+00:00","dateModified":"2025-05-09T18:52:00+00:00","description":"W\u00e4hlen Sie f\u00fcr Ihr Geschenk hervorragende Leistungen. Coolor Shining Red 500 ml - Mittel fruchtig. Coolor Titanium 500 ml - Intensiv fruchtig. Coolor Gold Ros\u00e8 500 ml - Intense FruityEntdecken Sie Eleganz und Qualit\u00e4t mit der neuen Geschenkbox, die die gesamte Coolors-Kollektion enth\u00e4lt: drei einzigartige Glasflaschen, die 500 ml unseres besten nativen Oliven\u00f6ls extra enthalten: Coolors Red mit Medium Fruity EVO, Coolors Titanium mit Intense Fruity EVO, Coolors Gold Ros\u00e9 mit Intense Fruity EVO.","breadcrumb":{"@id":"https:\/\/dev.frantoiomuraglia.it\/de\/produkt\/coolors-geschenkpaket\/#breadcrumb"},"inLanguage":"de","potentialAction":[{"@type":"ReadAction","target":["https:\/\/dev.frantoiomuraglia.it\/de\/produkt\/coolors-geschenkpaket\/"]}]},{"@type":"ImageObject","inLanguage":"de","@id":"https:\/\/dev.frantoiomuraglia.it\/de\/produkt\/coolors-geschenkpaket\/#primaryimage","url":"https:\/\/dev.frantoiomuraglia.it\/wp-content\/uploads\/2024\/11\/pacco-coolors.jpg","contentUrl":"https:\/\/dev.frantoiomuraglia.it\/wp-content\/uploads\/2024\/11\/pacco-coolors.jpg","width":2180,"height":2294},{"@type":"BreadcrumbList","@id":"https:\/\/dev.frantoiomuraglia.it\/de\/produkt\/coolors-geschenkpaket\/#breadcrumb","itemListElement":[{"@type":"ListItem","position":1,"name":"Home","item":"https:\/\/dev.frantoiomuraglia.it\/de\/"},{"@type":"ListItem","position":2,"name":"Shop","item":"https:\/\/dev.frantoiomuraglia.it\/de\/shop\/"},{"@type":"ListItem","position":3,"name":"Coolors&#8216; Geschenkpaket"}]},{"@type":"WebSite","@id":"https:\/\/dev.frantoiomuraglia.it\/de\/#website","url":"https:\/\/dev.frantoiomuraglia.it\/de\/","name":"Frantoio Muraglia","description":"Just another WordPress site","publisher":{"@id":"https:\/\/dev.frantoiomuraglia.it\/de\/#organization"},"potentialAction":[{"@type":"SearchAction","target":{"@type":"EntryPoint","urlTemplate":"https:\/\/dev.frantoiomuraglia.it\/de\/?s={search_term_string}"},"query-input":{"@type":"PropertyValueSpecification","valueRequired":true,"valueName":"search_term_string"}}],"inLanguage":"de"},{"@type":"Organization","@id":"https:\/\/dev.frantoiomuraglia.it\/de\/#organization","name":"Frantoio Muraglia","url":"https:\/\/dev.frantoiomuraglia.it\/de\/","logo":{"@type":"ImageObject","inLanguage":"de","@id":"https:\/\/dev.frantoiomuraglia.it\/de\/#\/schema\/logo\/image\/","url":"https:\/\/www.frantoiomuraglia.it\/wp-content\/uploads\/2022\/06\/Logo-Frantoio-Muraglia-black-email.jpg","contentUrl":"https:\/\/www.frantoiomuraglia.it\/wp-content\/uploads\/2022\/06\/Logo-Frantoio-Muraglia-black-email.jpg","width":326,"height":150,"caption":"Frantoio Muraglia"},"image":{"@id":"https:\/\/dev.frantoiomuraglia.it\/de\/#\/schema\/logo\/image\/"}}]}},"_links":{"self":[{"href":"https:\/\/dev.frantoiomuraglia.it\/de\/wp-json\/wp\/v2\/product\/34240","targetHints":{"allow":["GET"]}}],"collection":[{"href":"https:\/\/dev.frantoiomuraglia.it\/de\/wp-json\/wp\/v2\/product"}],"about":[{"href":"https:\/\/dev.frantoiomuraglia.it\/de\/wp-json\/wp\/v2\/types\/product"}],"wp:featuredmedia":[{"embeddable":true,"href":"https:\/\/dev.frantoiomuraglia.it\/de\/wp-json\/wp\/v2\/media\/34213"}],"wp:attachment":[{"href":"https:\/\/dev.frantoiomuraglia.it\/de\/wp-json\/wp\/v2\/media?parent=34240"}],"wp:term":[{"taxonomy":"product_cat","embeddable":true,"href":"https:\/\/dev.frantoiomuraglia.it\/de\/wp-json\/wp\/v2\/product_cat?post=34240"},{"taxonomy":"product_tag","embeddable":true,"href":"https:\/\/dev.frantoiomuraglia.it\/de\/wp-json\/wp\/v2\/product_tag?post=34240"}],"curies":[{"name":"wp","href":"https:\/\/api.w.org\/{rel}","templated":true}]}}