{"id":32005,"date":"2024-06-19T10:28:57","date_gmt":"2024-06-27T15:18:42","guid":{"rendered":"https:\/\/www.frantoiomuraglia.it\/?post_type=product&#038;p=32005"},"modified":"2025-02-12T16:49:25","modified_gmt":"2025-02-12T14:49:25","slug":"keramiktopf-mediterrane-fruechte","status":"publish","type":"product","link":"https:\/\/dev.frantoiomuraglia.it\/de\/produkt\/keramiktopf-mediterrane-fruechte\/","title":{"rendered":"Keramiktopf Mediterrane Fr\u00fcchte"},"content":{"rendered":"<p>Das Keramikgef\u00e4\u00df Fruits of the Mediterranean zeichnet sich durch helle Farben, fruchtige Motive und freigesetzte D\u00fcfte aus, die von Sonne, Meer, Erde und einem Leben im Einklang mit der Umwelt erz\u00e4hlen. Unsere Essenz.<\/p>\n<p>Zur gleichen Kollektion geh\u00f6ren auch zwei 500-ml-Dosen &#8211; die gr\u00fcne f\u00fcr das \u00d6l \u201eIntense Fruity\u201c und die hellblaue f\u00fcr das \u00d6l \u201eMedium Fruity\u201c -, die zum ersten Mal in den gleichen Farben gehalten sind und die Verbindung zwischen traditioneller Handwerkskunst und zeitgen\u00f6ssischer Designinnovation repr\u00e4sentieren, die schon immer zu unserem Kerngesch\u00e4ft geh\u00f6rte.<\/p>\n<p>Die neue Mediterranean Line ist eine Hommage an die Aromen und Farben unseres Landes, eine sensorische Reise durch die Landschaften und die Natur, die uns pr\u00e4gen.<br \/>\nSo feiern wir den Reichtum und die Lebendigkeit der typischen Fr\u00fcchte unseres Landes: Oliven, Pampelmusen, Pfirsiche, Zitronen, Orangen und Kaktusfeigen, die die Sch\u00f6nheit und Kraft der mediterranen Natur verk\u00f6rpern.<\/p>\n","protected":false},"excerpt":{"rendered":"<p>KERAMIKGLAS MEDITERRANE FR\u00dcCHTE 500ML<\/p>\n","protected":false},"featured_media":33509,"template":"","meta":{"_acf_changed":false},"product_cat":[141,160,142],"product_tag":[316,303,308,294],"class_list":{"0":"post-32005","1":"product","2":"type-product","3":"status-publish","4":"has-post-thumbnail","6":"product_cat-keramikflasche","7":"product_cat-upsell_astuccio_orcio-de","8":"product_cat-upsell_shopper-de","9":"product_tag-essence-de","10":"product_tag-gift-ideas-de-2","11":"product_tag-intense-variant-de","12":"product_tag-jars-de-2","14":"first","15":"instock","16":"taxable","17":"shipping-taxable","18":"purchasable","19":"product-type-simple"},"acf":[],"yoast_head":"<!-- This site is optimized with the Yoast SEO plugin v26.8 - https:\/\/yoast.com\/product\/yoast-seo-wordpress\/ -->\n<title>Keramiktopf Mediterrane Fr\u00fcchte - Frantoio Muraglia<\/title>\n<meta name=\"description\" content=\"Eine Kollektion, die aus einem matten Glas und zwei 500-ml-Dosen besteht - der gr\u00fcnen Dose f\u00fcr das \u00d6l Intense Fruity und der hellblauen Dose f\u00fcr das \u00d6l Medium Fruity -, die zum ersten Mal in denselben Farben gehalten sind und die Verbindung zwischen traditioneller Handwerkskunst und innovativem, zeitgen\u00f6ssischem Design darstellen, die schon immer unser Kernst\u00fcck war. Unsere Essenz.\" \/>\n<meta name=\"robots\" content=\"noindex, follow, max-snippet:-1, max-image-preview:large, max-video-preview:-1\" \/>\n<meta property=\"og:locale\" content=\"de_DE\" \/>\n<meta property=\"og:type\" content=\"article\" \/>\n<meta property=\"og:title\" content=\"Keramiktopf Mediterrane Fr\u00fcchte - Frantoio Muraglia\" \/>\n<meta property=\"og:description\" content=\"Eine Kollektion, die aus einem matten Glas und zwei 500-ml-Dosen besteht - der gr\u00fcnen Dose f\u00fcr das \u00d6l Intense Fruity und der hellblauen Dose f\u00fcr das \u00d6l Medium Fruity -, die zum ersten Mal in denselben Farben gehalten sind und die Verbindung zwischen traditioneller Handwerkskunst und innovativem, zeitgen\u00f6ssischem Design darstellen, die schon immer unser Kernst\u00fcck war. Unsere Essenz.\" \/>\n<meta property=\"og:url\" content=\"https:\/\/dev.frantoiomuraglia.it\/de\/produkt\/keramiktopf-mediterrane-fruechte\/\" \/>\n<meta property=\"og:site_name\" content=\"Frantoio Muraglia\" \/>\n<meta property=\"article:modified_time\" content=\"2025-02-12T14:49:25+00:00\" \/>\n<meta property=\"og:image\" content=\"https:\/\/dev.frantoiomuraglia.it\/wp-content\/uploads\/2024\/06\/MEDITERRANEO-ORCIO-arancione_mod.jpg\" \/>\n\t<meta property=\"og:image:width\" content=\"2180\" \/>\n\t<meta property=\"og:image:height\" content=\"2294\" \/>\n\t<meta property=\"og:image:type\" content=\"image\/jpeg\" \/>\n<meta name=\"twitter:card\" content=\"summary_large_image\" \/>\n<script type=\"application\/ld+json\" class=\"yoast-schema-graph\">{\"@context\":\"https:\/\/schema.org\",\"@graph\":[{\"@type\":\"WebPage\",\"@id\":\"https:\/\/dev.frantoiomuraglia.it\/de\/produkt\/keramiktopf-mediterrane-fruechte\/\",\"url\":\"https:\/\/dev.frantoiomuraglia.it\/de\/produkt\/keramiktopf-mediterrane-fruechte\/\",\"name\":\"Keramiktopf Mediterrane Fr\u00fcchte - Frantoio Muraglia\",\"isPartOf\":{\"@id\":\"https:\/\/dev.frantoiomuraglia.it\/de\/#website\"},\"primaryImageOfPage\":{\"@id\":\"https:\/\/dev.frantoiomuraglia.it\/de\/produkt\/keramiktopf-mediterrane-fruechte\/#primaryimage\"},\"image\":{\"@id\":\"https:\/\/dev.frantoiomuraglia.it\/de\/produkt\/keramiktopf-mediterrane-fruechte\/#primaryimage\"},\"thumbnailUrl\":\"https:\/\/dev.frantoiomuraglia.it\/wp-content\/uploads\/2024\/06\/MEDITERRANEO-ORCIO-arancione_mod.jpg\",\"datePublished\":\"2024-06-27T15:18:42+00:00\",\"dateModified\":\"2025-02-12T14:49:25+00:00\",\"description\":\"Eine Kollektion, die aus einem matten Glas und zwei 500-ml-Dosen besteht - der gr\u00fcnen Dose f\u00fcr das \u00d6l Intense Fruity und der hellblauen Dose f\u00fcr das \u00d6l Medium Fruity -, die zum ersten Mal in denselben Farben gehalten sind und die Verbindung zwischen traditioneller Handwerkskunst und innovativem, zeitgen\u00f6ssischem Design darstellen, die schon immer unser Kernst\u00fcck war. Unsere Essenz.\",\"breadcrumb\":{\"@id\":\"https:\/\/dev.frantoiomuraglia.it\/de\/produkt\/keramiktopf-mediterrane-fruechte\/#breadcrumb\"},\"inLanguage\":\"de\",\"potentialAction\":[{\"@type\":\"ReadAction\",\"target\":[\"https:\/\/dev.frantoiomuraglia.it\/de\/produkt\/keramiktopf-mediterrane-fruechte\/\"]}]},{\"@type\":\"ImageObject\",\"inLanguage\":\"de\",\"@id\":\"https:\/\/dev.frantoiomuraglia.it\/de\/produkt\/keramiktopf-mediterrane-fruechte\/#primaryimage\",\"url\":\"https:\/\/dev.frantoiomuraglia.it\/wp-content\/uploads\/2024\/06\/MEDITERRANEO-ORCIO-arancione_mod.jpg\",\"contentUrl\":\"https:\/\/dev.frantoiomuraglia.it\/wp-content\/uploads\/2024\/06\/MEDITERRANEO-ORCIO-arancione_mod.jpg\",\"width\":2180,\"height\":2294},{\"@type\":\"BreadcrumbList\",\"@id\":\"https:\/\/dev.frantoiomuraglia.it\/de\/produkt\/keramiktopf-mediterrane-fruechte\/#breadcrumb\",\"itemListElement\":[{\"@type\":\"ListItem\",\"position\":1,\"name\":\"Home\",\"item\":\"https:\/\/dev.frantoiomuraglia.it\/de\/\"},{\"@type\":\"ListItem\",\"position\":2,\"name\":\"Shop\",\"item\":\"https:\/\/dev.frantoiomuraglia.it\/de\/shop\/\"},{\"@type\":\"ListItem\",\"position\":3,\"name\":\"Keramiktopf Mediterrane Fr\u00fcchte\"}]},{\"@type\":\"WebSite\",\"@id\":\"https:\/\/dev.frantoiomuraglia.it\/de\/#website\",\"url\":\"https:\/\/dev.frantoiomuraglia.it\/de\/\",\"name\":\"Frantoio Muraglia\",\"description\":\"Just another WordPress site\",\"publisher\":{\"@id\":\"https:\/\/dev.frantoiomuraglia.it\/de\/#organization\"},\"potentialAction\":[{\"@type\":\"SearchAction\",\"target\":{\"@type\":\"EntryPoint\",\"urlTemplate\":\"https:\/\/dev.frantoiomuraglia.it\/de\/?s={search_term_string}\"},\"query-input\":{\"@type\":\"PropertyValueSpecification\",\"valueRequired\":true,\"valueName\":\"search_term_string\"}}],\"inLanguage\":\"de\"},{\"@type\":\"Organization\",\"@id\":\"https:\/\/dev.frantoiomuraglia.it\/de\/#organization\",\"name\":\"Frantoio Muraglia\",\"url\":\"https:\/\/dev.frantoiomuraglia.it\/de\/\",\"logo\":{\"@type\":\"ImageObject\",\"inLanguage\":\"de\",\"@id\":\"https:\/\/dev.frantoiomuraglia.it\/de\/#\/schema\/logo\/image\/\",\"url\":\"https:\/\/www.frantoiomuraglia.it\/wp-content\/uploads\/2022\/06\/Logo-Frantoio-Muraglia-black-email.jpg\",\"contentUrl\":\"https:\/\/www.frantoiomuraglia.it\/wp-content\/uploads\/2022\/06\/Logo-Frantoio-Muraglia-black-email.jpg\",\"width\":326,\"height\":150,\"caption\":\"Frantoio Muraglia\"},\"image\":{\"@id\":\"https:\/\/dev.frantoiomuraglia.it\/de\/#\/schema\/logo\/image\/\"}}]}<\/script>\n<!-- \/ Yoast SEO plugin. -->","yoast_head_json":{"title":"Keramiktopf Mediterrane Fr\u00fcchte - Frantoio Muraglia","description":"Eine Kollektion, die aus einem matten Glas und zwei 500-ml-Dosen besteht - der gr\u00fcnen Dose f\u00fcr das \u00d6l Intense Fruity und der hellblauen Dose f\u00fcr das \u00d6l Medium Fruity -, die zum ersten Mal in denselben Farben gehalten sind und die Verbindung zwischen traditioneller Handwerkskunst und innovativem, zeitgen\u00f6ssischem Design darstellen, die schon immer unser Kernst\u00fcck war. Unsere Essenz.","robots":{"index":"noindex","follow":"follow","max-snippet":"max-snippet:-1","max-image-preview":"max-image-preview:large","max-video-preview":"max-video-preview:-1"},"og_locale":"de_DE","og_type":"article","og_title":"Keramiktopf Mediterrane Fr\u00fcchte - Frantoio Muraglia","og_description":"Eine Kollektion, die aus einem matten Glas und zwei 500-ml-Dosen besteht - der gr\u00fcnen Dose f\u00fcr das \u00d6l Intense Fruity und der hellblauen Dose f\u00fcr das \u00d6l Medium Fruity -, die zum ersten Mal in denselben Farben gehalten sind und die Verbindung zwischen traditioneller Handwerkskunst und innovativem, zeitgen\u00f6ssischem Design darstellen, die schon immer unser Kernst\u00fcck war. Unsere Essenz.","og_url":"https:\/\/dev.frantoiomuraglia.it\/de\/produkt\/keramiktopf-mediterrane-fruechte\/","og_site_name":"Frantoio Muraglia","article_modified_time":"2025-02-12T14:49:25+00:00","og_image":[{"width":2180,"height":2294,"url":"https:\/\/dev.frantoiomuraglia.it\/wp-content\/uploads\/2024\/06\/MEDITERRANEO-ORCIO-arancione_mod.jpg","type":"image\/jpeg"}],"twitter_card":"summary_large_image","schema":{"@context":"https:\/\/schema.org","@graph":[{"@type":"WebPage","@id":"https:\/\/dev.frantoiomuraglia.it\/de\/produkt\/keramiktopf-mediterrane-fruechte\/","url":"https:\/\/dev.frantoiomuraglia.it\/de\/produkt\/keramiktopf-mediterrane-fruechte\/","name":"Keramiktopf Mediterrane Fr\u00fcchte - Frantoio Muraglia","isPartOf":{"@id":"https:\/\/dev.frantoiomuraglia.it\/de\/#website"},"primaryImageOfPage":{"@id":"https:\/\/dev.frantoiomuraglia.it\/de\/produkt\/keramiktopf-mediterrane-fruechte\/#primaryimage"},"image":{"@id":"https:\/\/dev.frantoiomuraglia.it\/de\/produkt\/keramiktopf-mediterrane-fruechte\/#primaryimage"},"thumbnailUrl":"https:\/\/dev.frantoiomuraglia.it\/wp-content\/uploads\/2024\/06\/MEDITERRANEO-ORCIO-arancione_mod.jpg","datePublished":"2024-06-27T15:18:42+00:00","dateModified":"2025-02-12T14:49:25+00:00","description":"Eine Kollektion, die aus einem matten Glas und zwei 500-ml-Dosen besteht - der gr\u00fcnen Dose f\u00fcr das \u00d6l Intense Fruity und der hellblauen Dose f\u00fcr das \u00d6l Medium Fruity -, die zum ersten Mal in denselben Farben gehalten sind und die Verbindung zwischen traditioneller Handwerkskunst und innovativem, zeitgen\u00f6ssischem Design darstellen, die schon immer unser Kernst\u00fcck war. Unsere Essenz.","breadcrumb":{"@id":"https:\/\/dev.frantoiomuraglia.it\/de\/produkt\/keramiktopf-mediterrane-fruechte\/#breadcrumb"},"inLanguage":"de","potentialAction":[{"@type":"ReadAction","target":["https:\/\/dev.frantoiomuraglia.it\/de\/produkt\/keramiktopf-mediterrane-fruechte\/"]}]},{"@type":"ImageObject","inLanguage":"de","@id":"https:\/\/dev.frantoiomuraglia.it\/de\/produkt\/keramiktopf-mediterrane-fruechte\/#primaryimage","url":"https:\/\/dev.frantoiomuraglia.it\/wp-content\/uploads\/2024\/06\/MEDITERRANEO-ORCIO-arancione_mod.jpg","contentUrl":"https:\/\/dev.frantoiomuraglia.it\/wp-content\/uploads\/2024\/06\/MEDITERRANEO-ORCIO-arancione_mod.jpg","width":2180,"height":2294},{"@type":"BreadcrumbList","@id":"https:\/\/dev.frantoiomuraglia.it\/de\/produkt\/keramiktopf-mediterrane-fruechte\/#breadcrumb","itemListElement":[{"@type":"ListItem","position":1,"name":"Home","item":"https:\/\/dev.frantoiomuraglia.it\/de\/"},{"@type":"ListItem","position":2,"name":"Shop","item":"https:\/\/dev.frantoiomuraglia.it\/de\/shop\/"},{"@type":"ListItem","position":3,"name":"Keramiktopf Mediterrane Fr\u00fcchte"}]},{"@type":"WebSite","@id":"https:\/\/dev.frantoiomuraglia.it\/de\/#website","url":"https:\/\/dev.frantoiomuraglia.it\/de\/","name":"Frantoio Muraglia","description":"Just another WordPress site","publisher":{"@id":"https:\/\/dev.frantoiomuraglia.it\/de\/#organization"},"potentialAction":[{"@type":"SearchAction","target":{"@type":"EntryPoint","urlTemplate":"https:\/\/dev.frantoiomuraglia.it\/de\/?s={search_term_string}"},"query-input":{"@type":"PropertyValueSpecification","valueRequired":true,"valueName":"search_term_string"}}],"inLanguage":"de"},{"@type":"Organization","@id":"https:\/\/dev.frantoiomuraglia.it\/de\/#organization","name":"Frantoio Muraglia","url":"https:\/\/dev.frantoiomuraglia.it\/de\/","logo":{"@type":"ImageObject","inLanguage":"de","@id":"https:\/\/dev.frantoiomuraglia.it\/de\/#\/schema\/logo\/image\/","url":"https:\/\/www.frantoiomuraglia.it\/wp-content\/uploads\/2022\/06\/Logo-Frantoio-Muraglia-black-email.jpg","contentUrl":"https:\/\/www.frantoiomuraglia.it\/wp-content\/uploads\/2022\/06\/Logo-Frantoio-Muraglia-black-email.jpg","width":326,"height":150,"caption":"Frantoio Muraglia"},"image":{"@id":"https:\/\/dev.frantoiomuraglia.it\/de\/#\/schema\/logo\/image\/"}}]}},"_links":{"self":[{"href":"https:\/\/dev.frantoiomuraglia.it\/de\/wp-json\/wp\/v2\/product\/32005","targetHints":{"allow":["GET"]}}],"collection":[{"href":"https:\/\/dev.frantoiomuraglia.it\/de\/wp-json\/wp\/v2\/product"}],"about":[{"href":"https:\/\/dev.frantoiomuraglia.it\/de\/wp-json\/wp\/v2\/types\/product"}],"wp:featuredmedia":[{"embeddable":true,"href":"https:\/\/dev.frantoiomuraglia.it\/de\/wp-json\/wp\/v2\/media\/33509"}],"wp:attachment":[{"href":"https:\/\/dev.frantoiomuraglia.it\/de\/wp-json\/wp\/v2\/media?parent=32005"}],"wp:term":[{"taxonomy":"product_cat","embeddable":true,"href":"https:\/\/dev.frantoiomuraglia.it\/de\/wp-json\/wp\/v2\/product_cat?post=32005"},{"taxonomy":"product_tag","embeddable":true,"href":"https:\/\/dev.frantoiomuraglia.it\/de\/wp-json\/wp\/v2\/product_tag?post=32005"}],"curies":[{"name":"wp","href":"https:\/\/api.w.org\/{rel}","templated":true}]}}