{"id":30604,"date":"2024-03-27T18:06:06","date_gmt":"2024-03-28T07:29:55","guid":{"rendered":"https:\/\/www.frantoiomuraglia.it\/?post_type=product&#038;p=30604"},"modified":"2025-06-11T11:04:37","modified_gmt":"2025-06-11T09:04:37","slug":"geschenkset-aus-farbigen-dosen","status":"publish","type":"product","link":"https:\/\/dev.frantoiomuraglia.it\/de\/produkt\/geschenkset-aus-farbigen-dosen\/","title":{"rendered":"Geschenkset aus farbigen Dosen"},"content":{"rendered":"<p>Das Coloured Cans Set fasst die ganze Natur Apuliens in Dosen mit Vintage-Charme zusammen: das Pois-Design f\u00fcr Retro-Eleganz, die Kaktusfeige f\u00fcr mediterrane Nuancen und die Rainbow mit ihrer bezaubernden Farbvielfalt. Im Inneren befindet sich ein \u00d6l aus italienischen Oliven der Sorten Coratina und Peranzana, das zu jedem Gericht passt. Die kunstvolle Verpackung macht die Dose nicht nur zu einem praktischen Beh\u00e4ltnis, sondern auch zu einem Designobjekt f\u00fcr Ihre K\u00fcche oder zu einem geschmackvollen Geschenk.  <\/p>\n<p>Die Kaktusfeigen- und die Polka-Dot-Dose enthalten das Intensiv Fruchtig \u00d6l. Die Rainbow-Dose enth\u00e4lt das Mittel Fruchtig \u00d6l. <\/p>\n<p>Alle Anwendungstipps unter &#8222;\u00d6lkultur&#8220;.<\/p>\n","protected":false},"excerpt":{"rendered":"<p>SET LATTINE 250<\/p>\n","protected":false},"featured_media":33546,"template":"","meta":{"_acf_changed":false},"product_cat":[203,142,397],"product_tag":[329,303,308,180],"class_list":{"0":"post-30604","1":"product","2":"type-product","3":"status-publish","4":"has-post-thumbnail","6":"product_cat-geschenkideen","7":"product_cat-upsell_shopper-de","8":"product_cat-kanister-in-regenbogenfarben","9":"product_tag-cans-de","10":"product_tag-gift-ideas-de-2","11":"product_tag-intense-variant-de","12":"product_tag-tpl_intensiv_fruchtiges","14":"first","15":"instock","16":"taxable","17":"shipping-taxable","18":"purchasable","19":"product-type-simple"},"acf":[],"yoast_head":"<!-- This site is optimized with the Yoast SEO plugin v26.8 - https:\/\/yoast.com\/product\/yoast-seo-wordpress\/ -->\n<title>Geschenkset aus farbigen Dosen - Frantoio Muraglia<\/title>\n<meta name=\"description\" content=\"Das neue Dosen-Set verk\u00f6rpert das Beste aus der apulischen Natur, mit einem Vintage-Charme, der perfekt f\u00fcr Ihren Tisch und den Ihrer Liebsten ist: Das Pois-Design f\u00fcr eine Retro-Eleganz, die Kaktusfeige f\u00fcr warme Nuancen und der Regenbogen, der durch seine Farbvielfalt und die G\u00fcte unseres \u00d6ls verzaubert. Ein wahres Feuerwerk an Stilen und Geschmacksrichtungen, die das Land und die Leidenschaft f\u00fcr das Gute und Unverf\u00e4lschte widerspiegeln, die uns schon immer ausgezeichnet haben.\" \/>\n<meta name=\"robots\" content=\"noindex, follow, max-snippet:-1, max-image-preview:large, max-video-preview:-1\" \/>\n<meta property=\"og:locale\" content=\"de_DE\" \/>\n<meta property=\"og:type\" content=\"article\" \/>\n<meta property=\"og:title\" content=\"Geschenkset aus farbigen Dosen - Frantoio Muraglia\" \/>\n<meta property=\"og:description\" content=\"Das neue Dosen-Set verk\u00f6rpert das Beste aus der apulischen Natur, mit einem Vintage-Charme, der perfekt f\u00fcr Ihren Tisch und den Ihrer Liebsten ist: Das Pois-Design f\u00fcr eine Retro-Eleganz, die Kaktusfeige f\u00fcr warme Nuancen und der Regenbogen, der durch seine Farbvielfalt und die G\u00fcte unseres \u00d6ls verzaubert. Ein wahres Feuerwerk an Stilen und Geschmacksrichtungen, die das Land und die Leidenschaft f\u00fcr das Gute und Unverf\u00e4lschte widerspiegeln, die uns schon immer ausgezeichnet haben.\" \/>\n<meta property=\"og:url\" content=\"https:\/\/dev.frantoiomuraglia.it\/de\/produkt\/geschenkset-aus-farbigen-dosen\/\" \/>\n<meta property=\"og:site_name\" content=\"Frantoio Muraglia\" \/>\n<meta property=\"article:modified_time\" content=\"2025-06-11T09:04:37+00:00\" \/>\n<meta property=\"og:image\" content=\"https:\/\/dev.frantoiomuraglia.it\/wp-content\/uploads\/2024\/03\/Tris-latte-2_fondo_bianco.jpg\" \/>\n\t<meta property=\"og:image:width\" content=\"2180\" \/>\n\t<meta property=\"og:image:height\" content=\"2294\" \/>\n\t<meta property=\"og:image:type\" content=\"image\/jpeg\" \/>\n<meta name=\"twitter:card\" content=\"summary_large_image\" \/>\n<script type=\"application\/ld+json\" class=\"yoast-schema-graph\">{\"@context\":\"https:\/\/schema.org\",\"@graph\":[{\"@type\":\"WebPage\",\"@id\":\"https:\/\/dev.frantoiomuraglia.it\/de\/produkt\/geschenkset-aus-farbigen-dosen\/\",\"url\":\"https:\/\/dev.frantoiomuraglia.it\/de\/produkt\/geschenkset-aus-farbigen-dosen\/\",\"name\":\"Geschenkset aus farbigen Dosen - Frantoio Muraglia\",\"isPartOf\":{\"@id\":\"https:\/\/dev.frantoiomuraglia.it\/de\/#website\"},\"primaryImageOfPage\":{\"@id\":\"https:\/\/dev.frantoiomuraglia.it\/de\/produkt\/geschenkset-aus-farbigen-dosen\/#primaryimage\"},\"image\":{\"@id\":\"https:\/\/dev.frantoiomuraglia.it\/de\/produkt\/geschenkset-aus-farbigen-dosen\/#primaryimage\"},\"thumbnailUrl\":\"https:\/\/dev.frantoiomuraglia.it\/wp-content\/uploads\/2024\/03\/Tris-latte-2_fondo_bianco.jpg\",\"datePublished\":\"2024-03-28T07:29:55+00:00\",\"dateModified\":\"2025-06-11T09:04:37+00:00\",\"description\":\"Das neue Dosen-Set verk\u00f6rpert das Beste aus der apulischen Natur, mit einem Vintage-Charme, der perfekt f\u00fcr Ihren Tisch und den Ihrer Liebsten ist: Das Pois-Design f\u00fcr eine Retro-Eleganz, die Kaktusfeige f\u00fcr warme Nuancen und der Regenbogen, der durch seine Farbvielfalt und die G\u00fcte unseres \u00d6ls verzaubert. Ein wahres Feuerwerk an Stilen und Geschmacksrichtungen, die das Land und die Leidenschaft f\u00fcr das Gute und Unverf\u00e4lschte widerspiegeln, die uns schon immer ausgezeichnet haben.\",\"breadcrumb\":{\"@id\":\"https:\/\/dev.frantoiomuraglia.it\/de\/produkt\/geschenkset-aus-farbigen-dosen\/#breadcrumb\"},\"inLanguage\":\"de\",\"potentialAction\":[{\"@type\":\"ReadAction\",\"target\":[\"https:\/\/dev.frantoiomuraglia.it\/de\/produkt\/geschenkset-aus-farbigen-dosen\/\"]}]},{\"@type\":\"ImageObject\",\"inLanguage\":\"de\",\"@id\":\"https:\/\/dev.frantoiomuraglia.it\/de\/produkt\/geschenkset-aus-farbigen-dosen\/#primaryimage\",\"url\":\"https:\/\/dev.frantoiomuraglia.it\/wp-content\/uploads\/2024\/03\/Tris-latte-2_fondo_bianco.jpg\",\"contentUrl\":\"https:\/\/dev.frantoiomuraglia.it\/wp-content\/uploads\/2024\/03\/Tris-latte-2_fondo_bianco.jpg\",\"width\":2180,\"height\":2294,\"caption\":\"Foto \u00a9 Alessandra Farinelli\"},{\"@type\":\"BreadcrumbList\",\"@id\":\"https:\/\/dev.frantoiomuraglia.it\/de\/produkt\/geschenkset-aus-farbigen-dosen\/#breadcrumb\",\"itemListElement\":[{\"@type\":\"ListItem\",\"position\":1,\"name\":\"Home\",\"item\":\"https:\/\/dev.frantoiomuraglia.it\/de\/\"},{\"@type\":\"ListItem\",\"position\":2,\"name\":\"Shop\",\"item\":\"https:\/\/dev.frantoiomuraglia.it\/de\/shop\/\"},{\"@type\":\"ListItem\",\"position\":3,\"name\":\"Geschenkset aus farbigen Dosen\"}]},{\"@type\":\"WebSite\",\"@id\":\"https:\/\/dev.frantoiomuraglia.it\/de\/#website\",\"url\":\"https:\/\/dev.frantoiomuraglia.it\/de\/\",\"name\":\"Frantoio Muraglia\",\"description\":\"Just another WordPress site\",\"publisher\":{\"@id\":\"https:\/\/dev.frantoiomuraglia.it\/de\/#organization\"},\"potentialAction\":[{\"@type\":\"SearchAction\",\"target\":{\"@type\":\"EntryPoint\",\"urlTemplate\":\"https:\/\/dev.frantoiomuraglia.it\/de\/?s={search_term_string}\"},\"query-input\":{\"@type\":\"PropertyValueSpecification\",\"valueRequired\":true,\"valueName\":\"search_term_string\"}}],\"inLanguage\":\"de\"},{\"@type\":\"Organization\",\"@id\":\"https:\/\/dev.frantoiomuraglia.it\/de\/#organization\",\"name\":\"Frantoio Muraglia\",\"url\":\"https:\/\/dev.frantoiomuraglia.it\/de\/\",\"logo\":{\"@type\":\"ImageObject\",\"inLanguage\":\"de\",\"@id\":\"https:\/\/dev.frantoiomuraglia.it\/de\/#\/schema\/logo\/image\/\",\"url\":\"https:\/\/www.frantoiomuraglia.it\/wp-content\/uploads\/2022\/06\/Logo-Frantoio-Muraglia-black-email.jpg\",\"contentUrl\":\"https:\/\/www.frantoiomuraglia.it\/wp-content\/uploads\/2022\/06\/Logo-Frantoio-Muraglia-black-email.jpg\",\"width\":326,\"height\":150,\"caption\":\"Frantoio Muraglia\"},\"image\":{\"@id\":\"https:\/\/dev.frantoiomuraglia.it\/de\/#\/schema\/logo\/image\/\"}}]}<\/script>\n<!-- \/ Yoast SEO plugin. -->","yoast_head_json":{"title":"Geschenkset aus farbigen Dosen - Frantoio Muraglia","description":"Das neue Dosen-Set verk\u00f6rpert das Beste aus der apulischen Natur, mit einem Vintage-Charme, der perfekt f\u00fcr Ihren Tisch und den Ihrer Liebsten ist: Das Pois-Design f\u00fcr eine Retro-Eleganz, die Kaktusfeige f\u00fcr warme Nuancen und der Regenbogen, der durch seine Farbvielfalt und die G\u00fcte unseres \u00d6ls verzaubert. Ein wahres Feuerwerk an Stilen und Geschmacksrichtungen, die das Land und die Leidenschaft f\u00fcr das Gute und Unverf\u00e4lschte widerspiegeln, die uns schon immer ausgezeichnet haben.","robots":{"index":"noindex","follow":"follow","max-snippet":"max-snippet:-1","max-image-preview":"max-image-preview:large","max-video-preview":"max-video-preview:-1"},"og_locale":"de_DE","og_type":"article","og_title":"Geschenkset aus farbigen Dosen - Frantoio Muraglia","og_description":"Das neue Dosen-Set verk\u00f6rpert das Beste aus der apulischen Natur, mit einem Vintage-Charme, der perfekt f\u00fcr Ihren Tisch und den Ihrer Liebsten ist: Das Pois-Design f\u00fcr eine Retro-Eleganz, die Kaktusfeige f\u00fcr warme Nuancen und der Regenbogen, der durch seine Farbvielfalt und die G\u00fcte unseres \u00d6ls verzaubert. Ein wahres Feuerwerk an Stilen und Geschmacksrichtungen, die das Land und die Leidenschaft f\u00fcr das Gute und Unverf\u00e4lschte widerspiegeln, die uns schon immer ausgezeichnet haben.","og_url":"https:\/\/dev.frantoiomuraglia.it\/de\/produkt\/geschenkset-aus-farbigen-dosen\/","og_site_name":"Frantoio Muraglia","article_modified_time":"2025-06-11T09:04:37+00:00","og_image":[{"width":2180,"height":2294,"url":"https:\/\/dev.frantoiomuraglia.it\/wp-content\/uploads\/2024\/03\/Tris-latte-2_fondo_bianco.jpg","type":"image\/jpeg"}],"twitter_card":"summary_large_image","schema":{"@context":"https:\/\/schema.org","@graph":[{"@type":"WebPage","@id":"https:\/\/dev.frantoiomuraglia.it\/de\/produkt\/geschenkset-aus-farbigen-dosen\/","url":"https:\/\/dev.frantoiomuraglia.it\/de\/produkt\/geschenkset-aus-farbigen-dosen\/","name":"Geschenkset aus farbigen Dosen - Frantoio Muraglia","isPartOf":{"@id":"https:\/\/dev.frantoiomuraglia.it\/de\/#website"},"primaryImageOfPage":{"@id":"https:\/\/dev.frantoiomuraglia.it\/de\/produkt\/geschenkset-aus-farbigen-dosen\/#primaryimage"},"image":{"@id":"https:\/\/dev.frantoiomuraglia.it\/de\/produkt\/geschenkset-aus-farbigen-dosen\/#primaryimage"},"thumbnailUrl":"https:\/\/dev.frantoiomuraglia.it\/wp-content\/uploads\/2024\/03\/Tris-latte-2_fondo_bianco.jpg","datePublished":"2024-03-28T07:29:55+00:00","dateModified":"2025-06-11T09:04:37+00:00","description":"Das neue Dosen-Set verk\u00f6rpert das Beste aus der apulischen Natur, mit einem Vintage-Charme, der perfekt f\u00fcr Ihren Tisch und den Ihrer Liebsten ist: Das Pois-Design f\u00fcr eine Retro-Eleganz, die Kaktusfeige f\u00fcr warme Nuancen und der Regenbogen, der durch seine Farbvielfalt und die G\u00fcte unseres \u00d6ls verzaubert. Ein wahres Feuerwerk an Stilen und Geschmacksrichtungen, die das Land und die Leidenschaft f\u00fcr das Gute und Unverf\u00e4lschte widerspiegeln, die uns schon immer ausgezeichnet haben.","breadcrumb":{"@id":"https:\/\/dev.frantoiomuraglia.it\/de\/produkt\/geschenkset-aus-farbigen-dosen\/#breadcrumb"},"inLanguage":"de","potentialAction":[{"@type":"ReadAction","target":["https:\/\/dev.frantoiomuraglia.it\/de\/produkt\/geschenkset-aus-farbigen-dosen\/"]}]},{"@type":"ImageObject","inLanguage":"de","@id":"https:\/\/dev.frantoiomuraglia.it\/de\/produkt\/geschenkset-aus-farbigen-dosen\/#primaryimage","url":"https:\/\/dev.frantoiomuraglia.it\/wp-content\/uploads\/2024\/03\/Tris-latte-2_fondo_bianco.jpg","contentUrl":"https:\/\/dev.frantoiomuraglia.it\/wp-content\/uploads\/2024\/03\/Tris-latte-2_fondo_bianco.jpg","width":2180,"height":2294,"caption":"Foto \u00a9 Alessandra Farinelli"},{"@type":"BreadcrumbList","@id":"https:\/\/dev.frantoiomuraglia.it\/de\/produkt\/geschenkset-aus-farbigen-dosen\/#breadcrumb","itemListElement":[{"@type":"ListItem","position":1,"name":"Home","item":"https:\/\/dev.frantoiomuraglia.it\/de\/"},{"@type":"ListItem","position":2,"name":"Shop","item":"https:\/\/dev.frantoiomuraglia.it\/de\/shop\/"},{"@type":"ListItem","position":3,"name":"Geschenkset aus farbigen Dosen"}]},{"@type":"WebSite","@id":"https:\/\/dev.frantoiomuraglia.it\/de\/#website","url":"https:\/\/dev.frantoiomuraglia.it\/de\/","name":"Frantoio Muraglia","description":"Just another WordPress site","publisher":{"@id":"https:\/\/dev.frantoiomuraglia.it\/de\/#organization"},"potentialAction":[{"@type":"SearchAction","target":{"@type":"EntryPoint","urlTemplate":"https:\/\/dev.frantoiomuraglia.it\/de\/?s={search_term_string}"},"query-input":{"@type":"PropertyValueSpecification","valueRequired":true,"valueName":"search_term_string"}}],"inLanguage":"de"},{"@type":"Organization","@id":"https:\/\/dev.frantoiomuraglia.it\/de\/#organization","name":"Frantoio Muraglia","url":"https:\/\/dev.frantoiomuraglia.it\/de\/","logo":{"@type":"ImageObject","inLanguage":"de","@id":"https:\/\/dev.frantoiomuraglia.it\/de\/#\/schema\/logo\/image\/","url":"https:\/\/www.frantoiomuraglia.it\/wp-content\/uploads\/2022\/06\/Logo-Frantoio-Muraglia-black-email.jpg","contentUrl":"https:\/\/www.frantoiomuraglia.it\/wp-content\/uploads\/2022\/06\/Logo-Frantoio-Muraglia-black-email.jpg","width":326,"height":150,"caption":"Frantoio Muraglia"},"image":{"@id":"https:\/\/dev.frantoiomuraglia.it\/de\/#\/schema\/logo\/image\/"}}]}},"_links":{"self":[{"href":"https:\/\/dev.frantoiomuraglia.it\/de\/wp-json\/wp\/v2\/product\/30604","targetHints":{"allow":["GET"]}}],"collection":[{"href":"https:\/\/dev.frantoiomuraglia.it\/de\/wp-json\/wp\/v2\/product"}],"about":[{"href":"https:\/\/dev.frantoiomuraglia.it\/de\/wp-json\/wp\/v2\/types\/product"}],"wp:featuredmedia":[{"embeddable":true,"href":"https:\/\/dev.frantoiomuraglia.it\/de\/wp-json\/wp\/v2\/media\/33546"}],"wp:attachment":[{"href":"https:\/\/dev.frantoiomuraglia.it\/de\/wp-json\/wp\/v2\/media?parent=30604"}],"wp:term":[{"taxonomy":"product_cat","embeddable":true,"href":"https:\/\/dev.frantoiomuraglia.it\/de\/wp-json\/wp\/v2\/product_cat?post=30604"},{"taxonomy":"product_tag","embeddable":true,"href":"https:\/\/dev.frantoiomuraglia.it\/de\/wp-json\/wp\/v2\/product_tag?post=30604"}],"curies":[{"name":"wp","href":"https:\/\/api.w.org\/{rel}","templated":true}]}}