{"id":30040,"date":"2024-02-28T10:39:42","date_gmt":"2024-02-28T08:39:44","guid":{"rendered":"https:\/\/www.frantoiomuraglia.it\/?post_type=product&#038;p=30040"},"modified":"2025-05-04T18:53:45","modified_gmt":"2025-05-04T16:53:45","slug":"keramikflasche-goldenen-tupfen","status":"publish","type":"product","link":"https:\/\/dev.frantoiomuraglia.it\/de\/produkt\/keramikflasche-goldenen-tupfen\/","title":{"rendered":"Keramischer Urchus Polka Dot Gold &#8211; Limitierte Auflage"},"content":{"rendered":"<p>Orcio Pois Gold White ist eine Hommage an die authentische Sch\u00f6nheit, die sich nicht aufdr\u00e4ngen muss, um sich zu profilieren. Ein perfektes Gleichgewicht zwischen Kraft und Anmut, zwischen Licht und Charakter.<br \/>\nWei\u00df, die Essenz der Reinheit und der M\u00f6glichkeiten. Gold, das Symbol f\u00fcr Wert und Einzigartigkeit. Sie vereinen sich in einem Design, das eine Geschichte der Verwandlung erz\u00e4hlt, um eine Weiblichkeit zu feiern, die tr\u00e4umt, kreiert und aufbl\u00fcht.   <\/p>\n<p>Eine limitierte Auflage in einer besonderen Verpackung f\u00fcr alle, die Details lieben, die den Unterschied ausmachen: das Glas, eine passende Tasse und die Eleganz, die jede Geste begleitet.<\/p>\n<p>Verschenken oder verw\u00f6hnen Sie sich selbst mit den einzigartigen Aromen unseres intensiv-fruchtigen nativen Oliven\u00f6ls extra.<\/p>\n<p>Exklusiv online.<\/p>\n<p>&nbsp;<\/p>\n","protected":false},"excerpt":{"rendered":"<p>KERAMIK-TUPFENGLAS GOLD 500 ML<\/p>\n","protected":false},"featured_media":37630,"template":"","meta":{"_acf_changed":false},"product_cat":[203,141,142,374,355],"product_tag":[303,308,294,369,147],"class_list":{"0":"post-30040","1":"product","2":"type-product","3":"status-publish","4":"has-post-thumbnail","6":"product_cat-geschenkideen","7":"product_cat-keramikflasche","8":"product_cat-upsell_shopper-de","9":"product_cat-capsule-collection-de","10":"product_cat-flaschensammlung","11":"product_tag-gift-ideas-de-2","12":"product_tag-intense-variant-de","13":"product_tag-jars-de-2","14":"product_tag-tpl_jars-de","15":"product_tag-upsell_shopper-de","17":"first","18":"instock","19":"taxable","20":"shipping-taxable","21":"purchasable","22":"product-type-simple"},"acf":[],"yoast_head":"<!-- This site is optimized with the Yoast SEO plugin v26.8 - https:\/\/yoast.com\/product\/yoast-seo-wordpress\/ -->\n<title>Keramischer Urchus Polka Dot Gold - Limitierte Auflage - Frantoio Muraglia<\/title>\n<meta name=\"description\" content=\"Ein wei\u00dfes Glas, das die Reinheit symbolisiert und auf das goldene Punkte fallen, die so kostbar sind wie die Frauen.eine Schachtel, die dieses besondere Glas in limitierter Auflage enth\u00e4lt, um alle Frauen zu feiern.nur 50 St\u00fcck, exklusiv online.verschenken oder verw\u00f6hnen Sie sich selbst mit dem einzigartigen Geschmack unseres Nativen Oliven\u00f6ls Extra Intensiv Fruchtig.\" \/>\n<meta name=\"robots\" content=\"noindex, follow, max-snippet:-1, max-image-preview:large, max-video-preview:-1\" \/>\n<meta property=\"og:locale\" content=\"de_DE\" \/>\n<meta property=\"og:type\" content=\"article\" \/>\n<meta property=\"og:title\" content=\"Keramischer Urchus Polka Dot Gold - Limitierte Auflage - Frantoio Muraglia\" \/>\n<meta property=\"og:description\" content=\"Ein wei\u00dfes Glas, das die Reinheit symbolisiert und auf das goldene Punkte fallen, die so kostbar sind wie die Frauen.eine Schachtel, die dieses besondere Glas in limitierter Auflage enth\u00e4lt, um alle Frauen zu feiern.nur 50 St\u00fcck, exklusiv online.verschenken oder verw\u00f6hnen Sie sich selbst mit dem einzigartigen Geschmack unseres Nativen Oliven\u00f6ls Extra Intensiv Fruchtig.\" \/>\n<meta property=\"og:url\" content=\"https:\/\/dev.frantoiomuraglia.it\/de\/produkt\/keramikflasche-goldenen-tupfen\/\" \/>\n<meta property=\"og:site_name\" content=\"Frantoio Muraglia\" \/>\n<meta property=\"article:modified_time\" content=\"2025-05-04T16:53:45+00:00\" \/>\n<meta property=\"og:image\" content=\"https:\/\/dev.frantoiomuraglia.it\/wp-content\/uploads\/2024\/02\/Muragliadonna_01-1.jpg\" \/>\n\t<meta property=\"og:image:width\" content=\"2180\" \/>\n\t<meta property=\"og:image:height\" content=\"2294\" \/>\n\t<meta property=\"og:image:type\" content=\"image\/jpeg\" \/>\n<meta name=\"twitter:card\" content=\"summary_large_image\" \/>\n<script type=\"application\/ld+json\" class=\"yoast-schema-graph\">{\"@context\":\"https:\/\/schema.org\",\"@graph\":[{\"@type\":\"WebPage\",\"@id\":\"https:\/\/dev.frantoiomuraglia.it\/de\/produkt\/keramikflasche-goldenen-tupfen\/\",\"url\":\"https:\/\/dev.frantoiomuraglia.it\/de\/produkt\/keramikflasche-goldenen-tupfen\/\",\"name\":\"Keramischer Urchus Polka Dot Gold - Limitierte Auflage - Frantoio Muraglia\",\"isPartOf\":{\"@id\":\"https:\/\/dev.frantoiomuraglia.it\/de\/#website\"},\"primaryImageOfPage\":{\"@id\":\"https:\/\/dev.frantoiomuraglia.it\/de\/produkt\/keramikflasche-goldenen-tupfen\/#primaryimage\"},\"image\":{\"@id\":\"https:\/\/dev.frantoiomuraglia.it\/de\/produkt\/keramikflasche-goldenen-tupfen\/#primaryimage\"},\"thumbnailUrl\":\"https:\/\/dev.frantoiomuraglia.it\/wp-content\/uploads\/2024\/02\/Muragliadonna_01-1.jpg\",\"datePublished\":\"2024-02-28T08:39:44+00:00\",\"dateModified\":\"2025-05-04T16:53:45+00:00\",\"description\":\"Ein wei\u00dfes Glas, das die Reinheit symbolisiert und auf das goldene Punkte fallen, die so kostbar sind wie die Frauen.eine Schachtel, die dieses besondere Glas in limitierter Auflage enth\u00e4lt, um alle Frauen zu feiern.nur 50 St\u00fcck, exklusiv online.verschenken oder verw\u00f6hnen Sie sich selbst mit dem einzigartigen Geschmack unseres Nativen Oliven\u00f6ls Extra Intensiv Fruchtig.\",\"breadcrumb\":{\"@id\":\"https:\/\/dev.frantoiomuraglia.it\/de\/produkt\/keramikflasche-goldenen-tupfen\/#breadcrumb\"},\"inLanguage\":\"de\",\"potentialAction\":[{\"@type\":\"ReadAction\",\"target\":[\"https:\/\/dev.frantoiomuraglia.it\/de\/produkt\/keramikflasche-goldenen-tupfen\/\"]}]},{\"@type\":\"ImageObject\",\"inLanguage\":\"de\",\"@id\":\"https:\/\/dev.frantoiomuraglia.it\/de\/produkt\/keramikflasche-goldenen-tupfen\/#primaryimage\",\"url\":\"https:\/\/dev.frantoiomuraglia.it\/wp-content\/uploads\/2024\/02\/Muragliadonna_01-1.jpg\",\"contentUrl\":\"https:\/\/dev.frantoiomuraglia.it\/wp-content\/uploads\/2024\/02\/Muragliadonna_01-1.jpg\",\"width\":2180,\"height\":2294},{\"@type\":\"BreadcrumbList\",\"@id\":\"https:\/\/dev.frantoiomuraglia.it\/de\/produkt\/keramikflasche-goldenen-tupfen\/#breadcrumb\",\"itemListElement\":[{\"@type\":\"ListItem\",\"position\":1,\"name\":\"Home\",\"item\":\"https:\/\/dev.frantoiomuraglia.it\/de\/\"},{\"@type\":\"ListItem\",\"position\":2,\"name\":\"Shop\",\"item\":\"https:\/\/dev.frantoiomuraglia.it\/de\/shop\/\"},{\"@type\":\"ListItem\",\"position\":3,\"name\":\"Keramischer Urchus Polka Dot Gold &#8211; Limitierte Auflage\"}]},{\"@type\":\"WebSite\",\"@id\":\"https:\/\/dev.frantoiomuraglia.it\/de\/#website\",\"url\":\"https:\/\/dev.frantoiomuraglia.it\/de\/\",\"name\":\"Frantoio Muraglia\",\"description\":\"Just another WordPress site\",\"publisher\":{\"@id\":\"https:\/\/dev.frantoiomuraglia.it\/de\/#organization\"},\"potentialAction\":[{\"@type\":\"SearchAction\",\"target\":{\"@type\":\"EntryPoint\",\"urlTemplate\":\"https:\/\/dev.frantoiomuraglia.it\/de\/?s={search_term_string}\"},\"query-input\":{\"@type\":\"PropertyValueSpecification\",\"valueRequired\":true,\"valueName\":\"search_term_string\"}}],\"inLanguage\":\"de\"},{\"@type\":\"Organization\",\"@id\":\"https:\/\/dev.frantoiomuraglia.it\/de\/#organization\",\"name\":\"Frantoio Muraglia\",\"url\":\"https:\/\/dev.frantoiomuraglia.it\/de\/\",\"logo\":{\"@type\":\"ImageObject\",\"inLanguage\":\"de\",\"@id\":\"https:\/\/dev.frantoiomuraglia.it\/de\/#\/schema\/logo\/image\/\",\"url\":\"https:\/\/www.frantoiomuraglia.it\/wp-content\/uploads\/2022\/06\/Logo-Frantoio-Muraglia-black-email.jpg\",\"contentUrl\":\"https:\/\/www.frantoiomuraglia.it\/wp-content\/uploads\/2022\/06\/Logo-Frantoio-Muraglia-black-email.jpg\",\"width\":326,\"height\":150,\"caption\":\"Frantoio Muraglia\"},\"image\":{\"@id\":\"https:\/\/dev.frantoiomuraglia.it\/de\/#\/schema\/logo\/image\/\"}}]}<\/script>\n<!-- \/ Yoast SEO plugin. -->","yoast_head_json":{"title":"Keramischer Urchus Polka Dot Gold - Limitierte Auflage - Frantoio Muraglia","description":"Ein wei\u00dfes Glas, das die Reinheit symbolisiert und auf das goldene Punkte fallen, die so kostbar sind wie die Frauen.eine Schachtel, die dieses besondere Glas in limitierter Auflage enth\u00e4lt, um alle Frauen zu feiern.nur 50 St\u00fcck, exklusiv online.verschenken oder verw\u00f6hnen Sie sich selbst mit dem einzigartigen Geschmack unseres Nativen Oliven\u00f6ls Extra Intensiv Fruchtig.","robots":{"index":"noindex","follow":"follow","max-snippet":"max-snippet:-1","max-image-preview":"max-image-preview:large","max-video-preview":"max-video-preview:-1"},"og_locale":"de_DE","og_type":"article","og_title":"Keramischer Urchus Polka Dot Gold - Limitierte Auflage - Frantoio Muraglia","og_description":"Ein wei\u00dfes Glas, das die Reinheit symbolisiert und auf das goldene Punkte fallen, die so kostbar sind wie die Frauen.eine Schachtel, die dieses besondere Glas in limitierter Auflage enth\u00e4lt, um alle Frauen zu feiern.nur 50 St\u00fcck, exklusiv online.verschenken oder verw\u00f6hnen Sie sich selbst mit dem einzigartigen Geschmack unseres Nativen Oliven\u00f6ls Extra Intensiv Fruchtig.","og_url":"https:\/\/dev.frantoiomuraglia.it\/de\/produkt\/keramikflasche-goldenen-tupfen\/","og_site_name":"Frantoio Muraglia","article_modified_time":"2025-05-04T16:53:45+00:00","og_image":[{"width":2180,"height":2294,"url":"https:\/\/dev.frantoiomuraglia.it\/wp-content\/uploads\/2024\/02\/Muragliadonna_01-1.jpg","type":"image\/jpeg"}],"twitter_card":"summary_large_image","schema":{"@context":"https:\/\/schema.org","@graph":[{"@type":"WebPage","@id":"https:\/\/dev.frantoiomuraglia.it\/de\/produkt\/keramikflasche-goldenen-tupfen\/","url":"https:\/\/dev.frantoiomuraglia.it\/de\/produkt\/keramikflasche-goldenen-tupfen\/","name":"Keramischer Urchus Polka Dot Gold - Limitierte Auflage - Frantoio Muraglia","isPartOf":{"@id":"https:\/\/dev.frantoiomuraglia.it\/de\/#website"},"primaryImageOfPage":{"@id":"https:\/\/dev.frantoiomuraglia.it\/de\/produkt\/keramikflasche-goldenen-tupfen\/#primaryimage"},"image":{"@id":"https:\/\/dev.frantoiomuraglia.it\/de\/produkt\/keramikflasche-goldenen-tupfen\/#primaryimage"},"thumbnailUrl":"https:\/\/dev.frantoiomuraglia.it\/wp-content\/uploads\/2024\/02\/Muragliadonna_01-1.jpg","datePublished":"2024-02-28T08:39:44+00:00","dateModified":"2025-05-04T16:53:45+00:00","description":"Ein wei\u00dfes Glas, das die Reinheit symbolisiert und auf das goldene Punkte fallen, die so kostbar sind wie die Frauen.eine Schachtel, die dieses besondere Glas in limitierter Auflage enth\u00e4lt, um alle Frauen zu feiern.nur 50 St\u00fcck, exklusiv online.verschenken oder verw\u00f6hnen Sie sich selbst mit dem einzigartigen Geschmack unseres Nativen Oliven\u00f6ls Extra Intensiv Fruchtig.","breadcrumb":{"@id":"https:\/\/dev.frantoiomuraglia.it\/de\/produkt\/keramikflasche-goldenen-tupfen\/#breadcrumb"},"inLanguage":"de","potentialAction":[{"@type":"ReadAction","target":["https:\/\/dev.frantoiomuraglia.it\/de\/produkt\/keramikflasche-goldenen-tupfen\/"]}]},{"@type":"ImageObject","inLanguage":"de","@id":"https:\/\/dev.frantoiomuraglia.it\/de\/produkt\/keramikflasche-goldenen-tupfen\/#primaryimage","url":"https:\/\/dev.frantoiomuraglia.it\/wp-content\/uploads\/2024\/02\/Muragliadonna_01-1.jpg","contentUrl":"https:\/\/dev.frantoiomuraglia.it\/wp-content\/uploads\/2024\/02\/Muragliadonna_01-1.jpg","width":2180,"height":2294},{"@type":"BreadcrumbList","@id":"https:\/\/dev.frantoiomuraglia.it\/de\/produkt\/keramikflasche-goldenen-tupfen\/#breadcrumb","itemListElement":[{"@type":"ListItem","position":1,"name":"Home","item":"https:\/\/dev.frantoiomuraglia.it\/de\/"},{"@type":"ListItem","position":2,"name":"Shop","item":"https:\/\/dev.frantoiomuraglia.it\/de\/shop\/"},{"@type":"ListItem","position":3,"name":"Keramischer Urchus Polka Dot Gold &#8211; Limitierte Auflage"}]},{"@type":"WebSite","@id":"https:\/\/dev.frantoiomuraglia.it\/de\/#website","url":"https:\/\/dev.frantoiomuraglia.it\/de\/","name":"Frantoio Muraglia","description":"Just another WordPress site","publisher":{"@id":"https:\/\/dev.frantoiomuraglia.it\/de\/#organization"},"potentialAction":[{"@type":"SearchAction","target":{"@type":"EntryPoint","urlTemplate":"https:\/\/dev.frantoiomuraglia.it\/de\/?s={search_term_string}"},"query-input":{"@type":"PropertyValueSpecification","valueRequired":true,"valueName":"search_term_string"}}],"inLanguage":"de"},{"@type":"Organization","@id":"https:\/\/dev.frantoiomuraglia.it\/de\/#organization","name":"Frantoio Muraglia","url":"https:\/\/dev.frantoiomuraglia.it\/de\/","logo":{"@type":"ImageObject","inLanguage":"de","@id":"https:\/\/dev.frantoiomuraglia.it\/de\/#\/schema\/logo\/image\/","url":"https:\/\/www.frantoiomuraglia.it\/wp-content\/uploads\/2022\/06\/Logo-Frantoio-Muraglia-black-email.jpg","contentUrl":"https:\/\/www.frantoiomuraglia.it\/wp-content\/uploads\/2022\/06\/Logo-Frantoio-Muraglia-black-email.jpg","width":326,"height":150,"caption":"Frantoio Muraglia"},"image":{"@id":"https:\/\/dev.frantoiomuraglia.it\/de\/#\/schema\/logo\/image\/"}}]}},"_links":{"self":[{"href":"https:\/\/dev.frantoiomuraglia.it\/de\/wp-json\/wp\/v2\/product\/30040","targetHints":{"allow":["GET"]}}],"collection":[{"href":"https:\/\/dev.frantoiomuraglia.it\/de\/wp-json\/wp\/v2\/product"}],"about":[{"href":"https:\/\/dev.frantoiomuraglia.it\/de\/wp-json\/wp\/v2\/types\/product"}],"wp:featuredmedia":[{"embeddable":true,"href":"https:\/\/dev.frantoiomuraglia.it\/de\/wp-json\/wp\/v2\/media\/37630"}],"wp:attachment":[{"href":"https:\/\/dev.frantoiomuraglia.it\/de\/wp-json\/wp\/v2\/media?parent=30040"}],"wp:term":[{"taxonomy":"product_cat","embeddable":true,"href":"https:\/\/dev.frantoiomuraglia.it\/de\/wp-json\/wp\/v2\/product_cat?post=30040"},{"taxonomy":"product_tag","embeddable":true,"href":"https:\/\/dev.frantoiomuraglia.it\/de\/wp-json\/wp\/v2\/product_tag?post=30040"}],"curies":[{"name":"wp","href":"https:\/\/api.w.org\/{rel}","templated":true}]}}