{"id":27337,"date":"2023-10-19T09:32:26","date_gmt":"2023-10-19T07:32:29","guid":{"rendered":"https:\/\/www.frantoiomuraglia.it\/?post_type=product&#038;p=27337"},"modified":"2025-06-13T17:13:49","modified_gmt":"2025-06-13T15:13:49","slug":"orcio-in-ceramica-magnum-fico-india","status":"publish","type":"product","link":"https:\/\/dev.frantoiomuraglia.it\/de\/produkt\/orcio-in-ceramica-magnum-fico-india\/","title":{"rendered":"Keramikgef\u00e4\u00df Magnum Kaktusfeige"},"content":{"rendered":"<p>Der von unseren apulischen Handwerkern handgefertigte Keramikkrug Magnum bringt 1500 ml Kunst auf Ihren Tisch, die mit dem Duft frisch gepresster Oliven gef\u00fcllt wird. Die apulische Keramik h\u00e4lt die sensorischen Eigenschaften unseres nativen Oliven\u00f6ls intakt. Jeder Magnum ist in einer schwarzen Schachtel aufbewahrt, perfekt f\u00fcr ein elegantes und raffiniertes Geschenk.   Klare Linien und raffinierte Farben f\u00fcr ein \u00d6lgef\u00e4\u00df mit ironischem Charakter.<\/p>\n<p>Der Kaktusfeigen-Magnum-Keramikkrug ist poppig. Helle T\u00f6ne und matte Farben verleihen unseren Fichi di Puglia eine pers\u00f6nliche Note, mit einem Regenbogen im Inneren.<\/p>\n<p>Erh\u00e4ltlich in der Sorte Intensiv fruchtig.<\/p>\n<p>Alle Anwendungstipps unter &#8222;Oliven\u00f6lkultur&#8220;.<\/p>\n","protected":false},"excerpt":{"rendered":"<p>Der von unseren apulischen Handwerkern handgefertigte Keramikkrug Magnum bringt 1500 ml Kunst auf Ihren Tisch, die mit dem Duft frisch gepresster Oliven gef\u00fcllt wird. Die apulische Keramik h\u00e4lt die sensorischen Eigenschaften unseres nativen Oliven\u00f6ls intakt. Jeder Magnum ist in einer schwarzen Schachtel aufbewahrt, perfekt f\u00fcr ein elegantes und raffiniertes Geschenk. Klare Linien und raffinierte Farben [&hellip;]<\/p>\n","protected":false},"featured_media":27354,"template":"","meta":{"_acf_changed":false},"product_cat":[141],"product_tag":[308,294,369],"class_list":{"0":"post-27337","1":"product","2":"type-product","3":"status-publish","4":"has-post-thumbnail","6":"product_cat-keramikflasche","7":"product_tag-intense-variant-de","8":"product_tag-jars-de-2","9":"product_tag-tpl_jars-de","11":"first","12":"instock","13":"taxable","14":"shipping-taxable","15":"purchasable","16":"product-type-simple"},"acf":[],"yoast_head":"<!-- This site is optimized with the Yoast SEO plugin v26.8 - https:\/\/yoast.com\/product\/yoast-seo-wordpress\/ -->\n<title>Keramikgef\u00e4\u00df Magnum Kaktusfeige - Frantoio Muraglia<\/title>\n<meta name=\"description\" content=\"Handgefertigt von unseren apulischen Handwerkern. Darin werden alle Aromen und der Geschmack unseres nativen Oliven\u00f6ls extra bewahrt.\" \/>\n<meta name=\"robots\" content=\"noindex, follow, max-snippet:-1, max-image-preview:large, max-video-preview:-1\" \/>\n<meta property=\"og:locale\" content=\"de_DE\" \/>\n<meta property=\"og:type\" content=\"article\" \/>\n<meta property=\"og:title\" content=\"Keramikgef\u00e4\u00df Magnum Kaktusfeige - Frantoio Muraglia\" \/>\n<meta property=\"og:description\" content=\"Handgefertigt von unseren apulischen Handwerkern. Darin werden alle Aromen und der Geschmack unseres nativen Oliven\u00f6ls extra bewahrt.\" \/>\n<meta property=\"og:url\" content=\"https:\/\/dev.frantoiomuraglia.it\/de\/produkt\/orcio-in-ceramica-magnum-fico-india\/\" \/>\n<meta property=\"og:site_name\" content=\"Frantoio Muraglia\" \/>\n<meta property=\"article:modified_time\" content=\"2025-06-13T15:13:49+00:00\" \/>\n<meta property=\"og:image\" content=\"https:\/\/dev.frantoiomuraglia.it\/wp-content\/uploads\/2023\/10\/MAGNUM-FICO-INDIA-I-.jpg\" \/>\n\t<meta property=\"og:image:width\" content=\"2180\" \/>\n\t<meta property=\"og:image:height\" content=\"2294\" \/>\n\t<meta property=\"og:image:type\" content=\"image\/jpeg\" \/>\n<meta name=\"twitter:card\" content=\"summary_large_image\" \/>\n<script type=\"application\/ld+json\" class=\"yoast-schema-graph\">{\"@context\":\"https:\/\/schema.org\",\"@graph\":[{\"@type\":\"WebPage\",\"@id\":\"https:\/\/dev.frantoiomuraglia.it\/de\/produkt\/orcio-in-ceramica-magnum-fico-india\/\",\"url\":\"https:\/\/dev.frantoiomuraglia.it\/de\/produkt\/orcio-in-ceramica-magnum-fico-india\/\",\"name\":\"Keramikgef\u00e4\u00df Magnum Kaktusfeige - Frantoio Muraglia\",\"isPartOf\":{\"@id\":\"https:\/\/dev.frantoiomuraglia.it\/de\/#website\"},\"primaryImageOfPage\":{\"@id\":\"https:\/\/dev.frantoiomuraglia.it\/de\/produkt\/orcio-in-ceramica-magnum-fico-india\/#primaryimage\"},\"image\":{\"@id\":\"https:\/\/dev.frantoiomuraglia.it\/de\/produkt\/orcio-in-ceramica-magnum-fico-india\/#primaryimage\"},\"thumbnailUrl\":\"https:\/\/dev.frantoiomuraglia.it\/wp-content\/uploads\/2023\/10\/MAGNUM-FICO-INDIA-I-.jpg\",\"datePublished\":\"2023-10-19T07:32:29+00:00\",\"dateModified\":\"2025-06-13T15:13:49+00:00\",\"description\":\"Handgefertigt von unseren apulischen Handwerkern. Darin werden alle Aromen und der Geschmack unseres nativen Oliven\u00f6ls extra bewahrt.\",\"breadcrumb\":{\"@id\":\"https:\/\/dev.frantoiomuraglia.it\/de\/produkt\/orcio-in-ceramica-magnum-fico-india\/#breadcrumb\"},\"inLanguage\":\"de\",\"potentialAction\":[{\"@type\":\"ReadAction\",\"target\":[\"https:\/\/dev.frantoiomuraglia.it\/de\/produkt\/orcio-in-ceramica-magnum-fico-india\/\"]}]},{\"@type\":\"ImageObject\",\"inLanguage\":\"de\",\"@id\":\"https:\/\/dev.frantoiomuraglia.it\/de\/produkt\/orcio-in-ceramica-magnum-fico-india\/#primaryimage\",\"url\":\"https:\/\/dev.frantoiomuraglia.it\/wp-content\/uploads\/2023\/10\/MAGNUM-FICO-INDIA-I-.jpg\",\"contentUrl\":\"https:\/\/dev.frantoiomuraglia.it\/wp-content\/uploads\/2023\/10\/MAGNUM-FICO-INDIA-I-.jpg\",\"width\":2180,\"height\":2294},{\"@type\":\"BreadcrumbList\",\"@id\":\"https:\/\/dev.frantoiomuraglia.it\/de\/produkt\/orcio-in-ceramica-magnum-fico-india\/#breadcrumb\",\"itemListElement\":[{\"@type\":\"ListItem\",\"position\":1,\"name\":\"Home\",\"item\":\"https:\/\/dev.frantoiomuraglia.it\/de\/\"},{\"@type\":\"ListItem\",\"position\":2,\"name\":\"Shop\",\"item\":\"https:\/\/dev.frantoiomuraglia.it\/de\/shop\/\"},{\"@type\":\"ListItem\",\"position\":3,\"name\":\"Keramikgef\u00e4\u00df Magnum Kaktusfeige\"}]},{\"@type\":\"WebSite\",\"@id\":\"https:\/\/dev.frantoiomuraglia.it\/de\/#website\",\"url\":\"https:\/\/dev.frantoiomuraglia.it\/de\/\",\"name\":\"Frantoio Muraglia\",\"description\":\"Just another WordPress site\",\"publisher\":{\"@id\":\"https:\/\/dev.frantoiomuraglia.it\/de\/#organization\"},\"potentialAction\":[{\"@type\":\"SearchAction\",\"target\":{\"@type\":\"EntryPoint\",\"urlTemplate\":\"https:\/\/dev.frantoiomuraglia.it\/de\/?s={search_term_string}\"},\"query-input\":{\"@type\":\"PropertyValueSpecification\",\"valueRequired\":true,\"valueName\":\"search_term_string\"}}],\"inLanguage\":\"de\"},{\"@type\":\"Organization\",\"@id\":\"https:\/\/dev.frantoiomuraglia.it\/de\/#organization\",\"name\":\"Frantoio Muraglia\",\"url\":\"https:\/\/dev.frantoiomuraglia.it\/de\/\",\"logo\":{\"@type\":\"ImageObject\",\"inLanguage\":\"de\",\"@id\":\"https:\/\/dev.frantoiomuraglia.it\/de\/#\/schema\/logo\/image\/\",\"url\":\"https:\/\/www.frantoiomuraglia.it\/wp-content\/uploads\/2022\/06\/Logo-Frantoio-Muraglia-black-email.jpg\",\"contentUrl\":\"https:\/\/www.frantoiomuraglia.it\/wp-content\/uploads\/2022\/06\/Logo-Frantoio-Muraglia-black-email.jpg\",\"width\":326,\"height\":150,\"caption\":\"Frantoio Muraglia\"},\"image\":{\"@id\":\"https:\/\/dev.frantoiomuraglia.it\/de\/#\/schema\/logo\/image\/\"}}]}<\/script>\n<!-- \/ Yoast SEO plugin. -->","yoast_head_json":{"title":"Keramikgef\u00e4\u00df Magnum Kaktusfeige - Frantoio Muraglia","description":"Handgefertigt von unseren apulischen Handwerkern. Darin werden alle Aromen und der Geschmack unseres nativen Oliven\u00f6ls extra bewahrt.","robots":{"index":"noindex","follow":"follow","max-snippet":"max-snippet:-1","max-image-preview":"max-image-preview:large","max-video-preview":"max-video-preview:-1"},"og_locale":"de_DE","og_type":"article","og_title":"Keramikgef\u00e4\u00df Magnum Kaktusfeige - Frantoio Muraglia","og_description":"Handgefertigt von unseren apulischen Handwerkern. Darin werden alle Aromen und der Geschmack unseres nativen Oliven\u00f6ls extra bewahrt.","og_url":"https:\/\/dev.frantoiomuraglia.it\/de\/produkt\/orcio-in-ceramica-magnum-fico-india\/","og_site_name":"Frantoio Muraglia","article_modified_time":"2025-06-13T15:13:49+00:00","og_image":[{"width":2180,"height":2294,"url":"https:\/\/dev.frantoiomuraglia.it\/wp-content\/uploads\/2023\/10\/MAGNUM-FICO-INDIA-I-.jpg","type":"image\/jpeg"}],"twitter_card":"summary_large_image","schema":{"@context":"https:\/\/schema.org","@graph":[{"@type":"WebPage","@id":"https:\/\/dev.frantoiomuraglia.it\/de\/produkt\/orcio-in-ceramica-magnum-fico-india\/","url":"https:\/\/dev.frantoiomuraglia.it\/de\/produkt\/orcio-in-ceramica-magnum-fico-india\/","name":"Keramikgef\u00e4\u00df Magnum Kaktusfeige - Frantoio Muraglia","isPartOf":{"@id":"https:\/\/dev.frantoiomuraglia.it\/de\/#website"},"primaryImageOfPage":{"@id":"https:\/\/dev.frantoiomuraglia.it\/de\/produkt\/orcio-in-ceramica-magnum-fico-india\/#primaryimage"},"image":{"@id":"https:\/\/dev.frantoiomuraglia.it\/de\/produkt\/orcio-in-ceramica-magnum-fico-india\/#primaryimage"},"thumbnailUrl":"https:\/\/dev.frantoiomuraglia.it\/wp-content\/uploads\/2023\/10\/MAGNUM-FICO-INDIA-I-.jpg","datePublished":"2023-10-19T07:32:29+00:00","dateModified":"2025-06-13T15:13:49+00:00","description":"Handgefertigt von unseren apulischen Handwerkern. Darin werden alle Aromen und der Geschmack unseres nativen Oliven\u00f6ls extra bewahrt.","breadcrumb":{"@id":"https:\/\/dev.frantoiomuraglia.it\/de\/produkt\/orcio-in-ceramica-magnum-fico-india\/#breadcrumb"},"inLanguage":"de","potentialAction":[{"@type":"ReadAction","target":["https:\/\/dev.frantoiomuraglia.it\/de\/produkt\/orcio-in-ceramica-magnum-fico-india\/"]}]},{"@type":"ImageObject","inLanguage":"de","@id":"https:\/\/dev.frantoiomuraglia.it\/de\/produkt\/orcio-in-ceramica-magnum-fico-india\/#primaryimage","url":"https:\/\/dev.frantoiomuraglia.it\/wp-content\/uploads\/2023\/10\/MAGNUM-FICO-INDIA-I-.jpg","contentUrl":"https:\/\/dev.frantoiomuraglia.it\/wp-content\/uploads\/2023\/10\/MAGNUM-FICO-INDIA-I-.jpg","width":2180,"height":2294},{"@type":"BreadcrumbList","@id":"https:\/\/dev.frantoiomuraglia.it\/de\/produkt\/orcio-in-ceramica-magnum-fico-india\/#breadcrumb","itemListElement":[{"@type":"ListItem","position":1,"name":"Home","item":"https:\/\/dev.frantoiomuraglia.it\/de\/"},{"@type":"ListItem","position":2,"name":"Shop","item":"https:\/\/dev.frantoiomuraglia.it\/de\/shop\/"},{"@type":"ListItem","position":3,"name":"Keramikgef\u00e4\u00df Magnum Kaktusfeige"}]},{"@type":"WebSite","@id":"https:\/\/dev.frantoiomuraglia.it\/de\/#website","url":"https:\/\/dev.frantoiomuraglia.it\/de\/","name":"Frantoio Muraglia","description":"Just another WordPress site","publisher":{"@id":"https:\/\/dev.frantoiomuraglia.it\/de\/#organization"},"potentialAction":[{"@type":"SearchAction","target":{"@type":"EntryPoint","urlTemplate":"https:\/\/dev.frantoiomuraglia.it\/de\/?s={search_term_string}"},"query-input":{"@type":"PropertyValueSpecification","valueRequired":true,"valueName":"search_term_string"}}],"inLanguage":"de"},{"@type":"Organization","@id":"https:\/\/dev.frantoiomuraglia.it\/de\/#organization","name":"Frantoio Muraglia","url":"https:\/\/dev.frantoiomuraglia.it\/de\/","logo":{"@type":"ImageObject","inLanguage":"de","@id":"https:\/\/dev.frantoiomuraglia.it\/de\/#\/schema\/logo\/image\/","url":"https:\/\/www.frantoiomuraglia.it\/wp-content\/uploads\/2022\/06\/Logo-Frantoio-Muraglia-black-email.jpg","contentUrl":"https:\/\/www.frantoiomuraglia.it\/wp-content\/uploads\/2022\/06\/Logo-Frantoio-Muraglia-black-email.jpg","width":326,"height":150,"caption":"Frantoio Muraglia"},"image":{"@id":"https:\/\/dev.frantoiomuraglia.it\/de\/#\/schema\/logo\/image\/"}}]}},"_links":{"self":[{"href":"https:\/\/dev.frantoiomuraglia.it\/de\/wp-json\/wp\/v2\/product\/27337","targetHints":{"allow":["GET"]}}],"collection":[{"href":"https:\/\/dev.frantoiomuraglia.it\/de\/wp-json\/wp\/v2\/product"}],"about":[{"href":"https:\/\/dev.frantoiomuraglia.it\/de\/wp-json\/wp\/v2\/types\/product"}],"wp:featuredmedia":[{"embeddable":true,"href":"https:\/\/dev.frantoiomuraglia.it\/de\/wp-json\/wp\/v2\/media\/27354"}],"wp:attachment":[{"href":"https:\/\/dev.frantoiomuraglia.it\/de\/wp-json\/wp\/v2\/media?parent=27337"}],"wp:term":[{"taxonomy":"product_cat","embeddable":true,"href":"https:\/\/dev.frantoiomuraglia.it\/de\/wp-json\/wp\/v2\/product_cat?post=27337"},{"taxonomy":"product_tag","embeddable":true,"href":"https:\/\/dev.frantoiomuraglia.it\/de\/wp-json\/wp\/v2\/product_tag?post=27337"}],"curies":[{"name":"wp","href":"https:\/\/api.w.org\/{rel}","templated":true}]}}