{"id":18032,"date":"2023-06-16T17:41:03","date_gmt":"2023-06-16T15:41:05","guid":{"rendered":"https:\/\/www.frantoiomuraglia.it\/?post_type=product&#038;p=18032"},"modified":"2025-02-12T17:30:26","modified_gmt":"2025-02-12T15:30:26","slug":"orcio-in-ceramica-arcobaleno-limited-edition","status":"publish","type":"product","link":"https:\/\/dev.frantoiomuraglia.it\/de\/produkt\/orcio-in-ceramica-arcobaleno-limited-edition\/","title":{"rendered":"Regenbogen-Keramikgef\u00e4\u00df &#8218;Special Pack&#8216;"},"content":{"rendered":"<p>Diese Keramikflasche in den Farben des Regenbogens ist eine echte Stilikone. In dem von unseren T\u00f6pfermeistern handgefertigten Keramikgef\u00e4\u00df bleiben nicht nur alle D\u00fcfte und der volle Geschmack unseres nativen Oliven\u00f6ls extra erhalten, er bringt auch Farbe auf Ihren Tisch und eine wohlige Atmosph\u00e4re in Ihre K\u00fcche.<\/p>\n<p>Das Rainbow-Glas in einer Rainbow-Verpackung, die mit Liebe gepflegt wird.<\/p>\n<p>Liebe kennt keine Farben, Geschlechter oder Grenzen.<br \/>\nDie Liebe ist so echt wie \u00d6l, sie kennt keine Unterschiede, sie liebt nur.<br \/>\nLiebe ist fl\u00fcssig, wie unser \u00d6l.<\/p>\n<p>Kunst steckt in jeder Geste und in jeder Entscheidung. Viele Menschen haben uns wegen der Sch\u00f6nheit unserer Produkte kennengelernt, haben sie probiert und festgestellt, dass das Gute in der Sch\u00f6nheit liegt. Die Kunst der geschickten H\u00e4nde unserer Handwerksmeister, die die weltber\u00fchmten Keramikkr\u00fcge im wahrsten Sinne des Wortes gestalten und formen.<\/p>\n","protected":false},"excerpt":{"rendered":"<p>Diese Keramikflasche in den Farben des Regenbogens ist eine echte Stilikone. In dem von unseren T\u00f6pfermeistern handgefertigten Keramikgef\u00e4\u00df bleiben nicht nur alle D\u00fcfte und der volle Geschmack unseres nativen Oliven\u00f6ls extra erhalten, er bringt auch Farbe auf Ihren Tisch und eine wohlige Atmosph\u00e4re in Ihre K\u00fcche. Das Rainbow-Glas in einer Rainbow-Verpackung, die mit Liebe gepflegt [&hellip;]<\/p>\n","protected":false},"featured_media":33550,"template":"","meta":{"_acf_changed":false},"product_cat":[141,142,355,362],"product_tag":[293,308,294,310,369,147],"class_list":{"0":"post-18032","1":"product","2":"type-product","3":"status-publish","4":"has-post-thumbnail","6":"product_cat-keramikflasche","7":"product_cat-upsell_shopper-de","8":"product_cat-flaschensammlung","9":"product_cat-love-de","10":"product_tag-featured-de-2","11":"product_tag-intense-variant-de","12":"product_tag-jars-de-2","13":"product_tag-medium-variant-de","14":"product_tag-tpl_jars-de","15":"product_tag-upsell_shopper-de","17":"first","18":"instock","19":"taxable","20":"shipping-taxable","21":"purchasable","22":"product-type-simple"},"acf":[],"yoast_head":"<!-- This site is optimized with the Yoast SEO plugin v26.8 - https:\/\/yoast.com\/product\/yoast-seo-wordpress\/ -->\n<title>Regenbogen-Keramikgef\u00e4\u00df &#039;Special Pack&#039; - Frantoio Muraglia<\/title>\n<meta name=\"description\" content=\"Die Liebe kennt keine Farben, keine Geschlechter, keine Grenzen. Die Liebe ist echt wie \u00d6l, sie kennt keine Unterschiede, sie liebt nur. Liebe ist fl\u00fcssig, wie \u00d6l.\" \/>\n<meta name=\"robots\" content=\"noindex, follow, max-snippet:-1, max-image-preview:large, max-video-preview:-1\" \/>\n<meta property=\"og:locale\" content=\"de_DE\" \/>\n<meta property=\"og:type\" content=\"article\" \/>\n<meta property=\"og:title\" content=\"Regenbogen-Keramikgef\u00e4\u00df &#039;Special Pack&#039; - Frantoio Muraglia\" \/>\n<meta property=\"og:description\" content=\"Die Liebe kennt keine Farben, keine Geschlechter, keine Grenzen. Die Liebe ist echt wie \u00d6l, sie kennt keine Unterschiede, sie liebt nur. Liebe ist fl\u00fcssig, wie \u00d6l.\" \/>\n<meta property=\"og:url\" content=\"https:\/\/dev.frantoiomuraglia.it\/de\/produkt\/orcio-in-ceramica-arcobaleno-limited-edition\/\" \/>\n<meta property=\"og:site_name\" content=\"Frantoio Muraglia\" \/>\n<meta property=\"article:modified_time\" content=\"2025-02-12T15:30:26+00:00\" \/>\n<meta property=\"og:image\" content=\"https:\/\/dev.frantoiomuraglia.it\/wp-content\/uploads\/2023\/06\/ARCOBALENO-astuccio-19_bianco-scaled.jpg\" \/>\n\t<meta property=\"og:image:width\" content=\"2180\" \/>\n\t<meta property=\"og:image:height\" content=\"2295\" \/>\n\t<meta property=\"og:image:type\" content=\"image\/jpeg\" \/>\n<meta name=\"twitter:card\" content=\"summary_large_image\" \/>\n<script type=\"application\/ld+json\" class=\"yoast-schema-graph\">{\"@context\":\"https:\/\/schema.org\",\"@graph\":[{\"@type\":\"WebPage\",\"@id\":\"https:\/\/dev.frantoiomuraglia.it\/de\/produkt\/orcio-in-ceramica-arcobaleno-limited-edition\/\",\"url\":\"https:\/\/dev.frantoiomuraglia.it\/de\/produkt\/orcio-in-ceramica-arcobaleno-limited-edition\/\",\"name\":\"Regenbogen-Keramikgef\u00e4\u00df 'Special Pack' - Frantoio Muraglia\",\"isPartOf\":{\"@id\":\"https:\/\/dev.frantoiomuraglia.it\/de\/#website\"},\"primaryImageOfPage\":{\"@id\":\"https:\/\/dev.frantoiomuraglia.it\/de\/produkt\/orcio-in-ceramica-arcobaleno-limited-edition\/#primaryimage\"},\"image\":{\"@id\":\"https:\/\/dev.frantoiomuraglia.it\/de\/produkt\/orcio-in-ceramica-arcobaleno-limited-edition\/#primaryimage\"},\"thumbnailUrl\":\"https:\/\/dev.frantoiomuraglia.it\/wp-content\/uploads\/2023\/06\/ARCOBALENO-astuccio-19_bianco-scaled.jpg\",\"datePublished\":\"2023-06-16T15:41:05+00:00\",\"dateModified\":\"2025-02-12T15:30:26+00:00\",\"description\":\"Die Liebe kennt keine Farben, keine Geschlechter, keine Grenzen. Die Liebe ist echt wie \u00d6l, sie kennt keine Unterschiede, sie liebt nur. Liebe ist fl\u00fcssig, wie \u00d6l.\",\"breadcrumb\":{\"@id\":\"https:\/\/dev.frantoiomuraglia.it\/de\/produkt\/orcio-in-ceramica-arcobaleno-limited-edition\/#breadcrumb\"},\"inLanguage\":\"de\",\"potentialAction\":[{\"@type\":\"ReadAction\",\"target\":[\"https:\/\/dev.frantoiomuraglia.it\/de\/produkt\/orcio-in-ceramica-arcobaleno-limited-edition\/\"]}]},{\"@type\":\"ImageObject\",\"inLanguage\":\"de\",\"@id\":\"https:\/\/dev.frantoiomuraglia.it\/de\/produkt\/orcio-in-ceramica-arcobaleno-limited-edition\/#primaryimage\",\"url\":\"https:\/\/dev.frantoiomuraglia.it\/wp-content\/uploads\/2023\/06\/ARCOBALENO-astuccio-19_bianco-scaled.jpg\",\"contentUrl\":\"https:\/\/dev.frantoiomuraglia.it\/wp-content\/uploads\/2023\/06\/ARCOBALENO-astuccio-19_bianco-scaled.jpg\",\"width\":2180,\"height\":2295,\"caption\":\"Foto \u00a9 Alessandra Farinelli\"},{\"@type\":\"BreadcrumbList\",\"@id\":\"https:\/\/dev.frantoiomuraglia.it\/de\/produkt\/orcio-in-ceramica-arcobaleno-limited-edition\/#breadcrumb\",\"itemListElement\":[{\"@type\":\"ListItem\",\"position\":1,\"name\":\"Home\",\"item\":\"https:\/\/dev.frantoiomuraglia.it\/de\/\"},{\"@type\":\"ListItem\",\"position\":2,\"name\":\"Shop\",\"item\":\"https:\/\/dev.frantoiomuraglia.it\/de\/shop\/\"},{\"@type\":\"ListItem\",\"position\":3,\"name\":\"Regenbogen-Keramikgef\u00e4\u00df &#8218;Special Pack&#8216;\"}]},{\"@type\":\"WebSite\",\"@id\":\"https:\/\/dev.frantoiomuraglia.it\/de\/#website\",\"url\":\"https:\/\/dev.frantoiomuraglia.it\/de\/\",\"name\":\"Frantoio Muraglia\",\"description\":\"Just another WordPress site\",\"publisher\":{\"@id\":\"https:\/\/dev.frantoiomuraglia.it\/de\/#organization\"},\"potentialAction\":[{\"@type\":\"SearchAction\",\"target\":{\"@type\":\"EntryPoint\",\"urlTemplate\":\"https:\/\/dev.frantoiomuraglia.it\/de\/?s={search_term_string}\"},\"query-input\":{\"@type\":\"PropertyValueSpecification\",\"valueRequired\":true,\"valueName\":\"search_term_string\"}}],\"inLanguage\":\"de\"},{\"@type\":\"Organization\",\"@id\":\"https:\/\/dev.frantoiomuraglia.it\/de\/#organization\",\"name\":\"Frantoio Muraglia\",\"url\":\"https:\/\/dev.frantoiomuraglia.it\/de\/\",\"logo\":{\"@type\":\"ImageObject\",\"inLanguage\":\"de\",\"@id\":\"https:\/\/dev.frantoiomuraglia.it\/de\/#\/schema\/logo\/image\/\",\"url\":\"https:\/\/www.frantoiomuraglia.it\/wp-content\/uploads\/2022\/06\/Logo-Frantoio-Muraglia-black-email.jpg\",\"contentUrl\":\"https:\/\/www.frantoiomuraglia.it\/wp-content\/uploads\/2022\/06\/Logo-Frantoio-Muraglia-black-email.jpg\",\"width\":326,\"height\":150,\"caption\":\"Frantoio Muraglia\"},\"image\":{\"@id\":\"https:\/\/dev.frantoiomuraglia.it\/de\/#\/schema\/logo\/image\/\"}}]}<\/script>\n<!-- \/ Yoast SEO plugin. -->","yoast_head_json":{"title":"Regenbogen-Keramikgef\u00e4\u00df 'Special Pack' - Frantoio Muraglia","description":"Die Liebe kennt keine Farben, keine Geschlechter, keine Grenzen. Die Liebe ist echt wie \u00d6l, sie kennt keine Unterschiede, sie liebt nur. Liebe ist fl\u00fcssig, wie \u00d6l.","robots":{"index":"noindex","follow":"follow","max-snippet":"max-snippet:-1","max-image-preview":"max-image-preview:large","max-video-preview":"max-video-preview:-1"},"og_locale":"de_DE","og_type":"article","og_title":"Regenbogen-Keramikgef\u00e4\u00df 'Special Pack' - Frantoio Muraglia","og_description":"Die Liebe kennt keine Farben, keine Geschlechter, keine Grenzen. Die Liebe ist echt wie \u00d6l, sie kennt keine Unterschiede, sie liebt nur. Liebe ist fl\u00fcssig, wie \u00d6l.","og_url":"https:\/\/dev.frantoiomuraglia.it\/de\/produkt\/orcio-in-ceramica-arcobaleno-limited-edition\/","og_site_name":"Frantoio Muraglia","article_modified_time":"2025-02-12T15:30:26+00:00","og_image":[{"width":2180,"height":2295,"url":"https:\/\/dev.frantoiomuraglia.it\/wp-content\/uploads\/2023\/06\/ARCOBALENO-astuccio-19_bianco-scaled.jpg","type":"image\/jpeg"}],"twitter_card":"summary_large_image","schema":{"@context":"https:\/\/schema.org","@graph":[{"@type":"WebPage","@id":"https:\/\/dev.frantoiomuraglia.it\/de\/produkt\/orcio-in-ceramica-arcobaleno-limited-edition\/","url":"https:\/\/dev.frantoiomuraglia.it\/de\/produkt\/orcio-in-ceramica-arcobaleno-limited-edition\/","name":"Regenbogen-Keramikgef\u00e4\u00df 'Special Pack' - Frantoio Muraglia","isPartOf":{"@id":"https:\/\/dev.frantoiomuraglia.it\/de\/#website"},"primaryImageOfPage":{"@id":"https:\/\/dev.frantoiomuraglia.it\/de\/produkt\/orcio-in-ceramica-arcobaleno-limited-edition\/#primaryimage"},"image":{"@id":"https:\/\/dev.frantoiomuraglia.it\/de\/produkt\/orcio-in-ceramica-arcobaleno-limited-edition\/#primaryimage"},"thumbnailUrl":"https:\/\/dev.frantoiomuraglia.it\/wp-content\/uploads\/2023\/06\/ARCOBALENO-astuccio-19_bianco-scaled.jpg","datePublished":"2023-06-16T15:41:05+00:00","dateModified":"2025-02-12T15:30:26+00:00","description":"Die Liebe kennt keine Farben, keine Geschlechter, keine Grenzen. Die Liebe ist echt wie \u00d6l, sie kennt keine Unterschiede, sie liebt nur. Liebe ist fl\u00fcssig, wie \u00d6l.","breadcrumb":{"@id":"https:\/\/dev.frantoiomuraglia.it\/de\/produkt\/orcio-in-ceramica-arcobaleno-limited-edition\/#breadcrumb"},"inLanguage":"de","potentialAction":[{"@type":"ReadAction","target":["https:\/\/dev.frantoiomuraglia.it\/de\/produkt\/orcio-in-ceramica-arcobaleno-limited-edition\/"]}]},{"@type":"ImageObject","inLanguage":"de","@id":"https:\/\/dev.frantoiomuraglia.it\/de\/produkt\/orcio-in-ceramica-arcobaleno-limited-edition\/#primaryimage","url":"https:\/\/dev.frantoiomuraglia.it\/wp-content\/uploads\/2023\/06\/ARCOBALENO-astuccio-19_bianco-scaled.jpg","contentUrl":"https:\/\/dev.frantoiomuraglia.it\/wp-content\/uploads\/2023\/06\/ARCOBALENO-astuccio-19_bianco-scaled.jpg","width":2180,"height":2295,"caption":"Foto \u00a9 Alessandra Farinelli"},{"@type":"BreadcrumbList","@id":"https:\/\/dev.frantoiomuraglia.it\/de\/produkt\/orcio-in-ceramica-arcobaleno-limited-edition\/#breadcrumb","itemListElement":[{"@type":"ListItem","position":1,"name":"Home","item":"https:\/\/dev.frantoiomuraglia.it\/de\/"},{"@type":"ListItem","position":2,"name":"Shop","item":"https:\/\/dev.frantoiomuraglia.it\/de\/shop\/"},{"@type":"ListItem","position":3,"name":"Regenbogen-Keramikgef\u00e4\u00df &#8218;Special Pack&#8216;"}]},{"@type":"WebSite","@id":"https:\/\/dev.frantoiomuraglia.it\/de\/#website","url":"https:\/\/dev.frantoiomuraglia.it\/de\/","name":"Frantoio Muraglia","description":"Just another WordPress site","publisher":{"@id":"https:\/\/dev.frantoiomuraglia.it\/de\/#organization"},"potentialAction":[{"@type":"SearchAction","target":{"@type":"EntryPoint","urlTemplate":"https:\/\/dev.frantoiomuraglia.it\/de\/?s={search_term_string}"},"query-input":{"@type":"PropertyValueSpecification","valueRequired":true,"valueName":"search_term_string"}}],"inLanguage":"de"},{"@type":"Organization","@id":"https:\/\/dev.frantoiomuraglia.it\/de\/#organization","name":"Frantoio Muraglia","url":"https:\/\/dev.frantoiomuraglia.it\/de\/","logo":{"@type":"ImageObject","inLanguage":"de","@id":"https:\/\/dev.frantoiomuraglia.it\/de\/#\/schema\/logo\/image\/","url":"https:\/\/www.frantoiomuraglia.it\/wp-content\/uploads\/2022\/06\/Logo-Frantoio-Muraglia-black-email.jpg","contentUrl":"https:\/\/www.frantoiomuraglia.it\/wp-content\/uploads\/2022\/06\/Logo-Frantoio-Muraglia-black-email.jpg","width":326,"height":150,"caption":"Frantoio Muraglia"},"image":{"@id":"https:\/\/dev.frantoiomuraglia.it\/de\/#\/schema\/logo\/image\/"}}]}},"_links":{"self":[{"href":"https:\/\/dev.frantoiomuraglia.it\/de\/wp-json\/wp\/v2\/product\/18032","targetHints":{"allow":["GET"]}}],"collection":[{"href":"https:\/\/dev.frantoiomuraglia.it\/de\/wp-json\/wp\/v2\/product"}],"about":[{"href":"https:\/\/dev.frantoiomuraglia.it\/de\/wp-json\/wp\/v2\/types\/product"}],"wp:featuredmedia":[{"embeddable":true,"href":"https:\/\/dev.frantoiomuraglia.it\/de\/wp-json\/wp\/v2\/media\/33550"}],"wp:attachment":[{"href":"https:\/\/dev.frantoiomuraglia.it\/de\/wp-json\/wp\/v2\/media?parent=18032"}],"wp:term":[{"taxonomy":"product_cat","embeddable":true,"href":"https:\/\/dev.frantoiomuraglia.it\/de\/wp-json\/wp\/v2\/product_cat?post=18032"},{"taxonomy":"product_tag","embeddable":true,"href":"https:\/\/dev.frantoiomuraglia.it\/de\/wp-json\/wp\/v2\/product_tag?post=18032"}],"curies":[{"name":"wp","href":"https:\/\/api.w.org\/{rel}","templated":true}]}}