{"id":17294,"date":"2023-04-13T15:03:48","date_gmt":"2023-04-13T13:03:49","guid":{"rendered":"https:\/\/www.frantoiomuraglia.it\/?post_type=product&#038;p=17294"},"modified":"2025-02-12T17:51:16","modified_gmt":"2025-02-12T15:51:16","slug":"reviva-collection","status":"publish","type":"product","link":"https:\/\/dev.frantoiomuraglia.it\/de\/produkt\/reviva-collection\/","title":{"rendered":"Reviva Collection"},"content":{"rendered":"<p>Unvollkommene Gl\u00e4ser, die als wirklich einzigartige St\u00fccke wiedergewonnen und regeneriert wurden; innen leer, verkauft zusammen mit einer 1-Liter-Dose unseres \u00d6ls: Beh\u00e4lter der Sch\u00f6nheit.<\/p>\n<p>Wir feiern die Sch\u00f6nheit eines zweiten Lebens. Das Design des Keramikgef\u00e4\u00dfes wird je nach Verf\u00fcgbarkeit zuf\u00e4llig ausgew\u00e4hlt.<\/p>\n<p style=\"font-weight: 400;\">Wir glauben, dass unvollkommen bedeutet, perfekt zu sein, jeder auf seine Weise, jeder so, wie es ihm gef\u00e4llt. Und dieser Respekt bedeutet, nicht zu verschwenden, sondern der Natur mit Dankbarkeit etwas zur\u00fcckzugeben. Jedes unserer Produkte ist so wertvoll, dass es nicht abgef\u00fcllt wird, wenn es nicht perfekt ist, selbst wenn es unmerkliche M\u00e4ngel aufweist.<\/p>\n<p style=\"font-weight: 400;\">Wir haben uns jedoch entschieden, diese Scherben wieder zu beleben, ohne eine einzige Ressource zu verschwenden: die unvollkommenen Scherben, die einzigartigen Scherben, die in Verbindung mit einer Ein-Liter-Dose nativem Oliven\u00f6l extra leer verkauft werden. Wir kombinieren das leere Glas mit der Dose, damit Sie es mit unserem \u00d6l f\u00fcllen oder diesem Objekt ein neues Leben geben k\u00f6nnen, wie es Sie inspiriert. Als Blumenst\u00e4nder oder als andere Einrichtungsideen und Funktionen.<\/p>\n<p style=\"font-weight: 400;\">Denn das Imperfekt bleibt nur eine verbale Zeitform f\u00fcr etwas, das \u00fcber die Zeit in seiner Einzigartigkeit bleibt.<\/p>\n<p>Exklusiv online.<\/p>\n<p>&nbsp;<\/p>\n<p>&nbsp;<\/p>\n","protected":false},"excerpt":{"rendered":"<p>Unvollkommene Gl\u00e4ser, die als wirklich einzigartige St\u00fccke wiedergewonnen und regeneriert wurden; innen leer, verkauft zusammen mit einer 1-Liter-Dose unseres \u00d6ls: Beh\u00e4lter der Sch\u00f6nheit. Wir feiern die Sch\u00f6nheit eines zweiten Lebens. Das Design des Keramikgef\u00e4\u00dfes wird je nach Verf\u00fcgbarkeit zuf\u00e4llig ausgew\u00e4hlt. Wir glauben, dass unvollkommen bedeutet, perfekt zu sein, jeder auf seine Weise, jeder so, wie [&hellip;]<\/p>\n","protected":false},"featured_media":17300,"template":"","meta":{"_acf_changed":false},"product_cat":[141,142],"product_tag":[329,303,308,294,180,369,147],"class_list":{"0":"post-17294","1":"product","2":"type-product","3":"status-publish","4":"has-post-thumbnail","6":"product_cat-keramikflasche","7":"product_cat-upsell_shopper-de","8":"product_tag-cans-de","9":"product_tag-gift-ideas-de-2","10":"product_tag-intense-variant-de","11":"product_tag-jars-de-2","12":"product_tag-tpl_intensiv_fruchtiges","13":"product_tag-tpl_jars-de","14":"product_tag-upsell_shopper-de","16":"first","17":"instock","18":"taxable","19":"shipping-taxable","20":"purchasable","21":"product-type-simple"},"acf":[],"yoast_head":"<!-- This site is optimized with the Yoast SEO plugin v26.8 - https:\/\/yoast.com\/product\/yoast-seo-wordpress\/ -->\n<title>Reviva Collection - Frantoio Muraglia<\/title>\n<meta name=\"description\" content=\"Unvollkommene Gl\u00e4ser, die als wirklich einzigartige St\u00fccke wiedergewonnen und regeneriert wurden; innen leer, verkauft zusammen mit einer 1-Liter-Dose unseres \u00d6ls: Beh\u00e4lter der Sch\u00f6nheit.\" \/>\n<meta name=\"robots\" content=\"noindex, follow, max-snippet:-1, max-image-preview:large, max-video-preview:-1\" \/>\n<meta property=\"og:locale\" content=\"de_DE\" \/>\n<meta property=\"og:type\" content=\"article\" \/>\n<meta property=\"og:title\" content=\"Reviva Collection - Frantoio Muraglia\" \/>\n<meta property=\"og:description\" content=\"Unvollkommene Gl\u00e4ser, die als wirklich einzigartige St\u00fccke wiedergewonnen und regeneriert wurden; innen leer, verkauft zusammen mit einer 1-Liter-Dose unseres \u00d6ls: Beh\u00e4lter der Sch\u00f6nheit.\" \/>\n<meta property=\"og:url\" content=\"https:\/\/dev.frantoiomuraglia.it\/de\/produkt\/reviva-collection\/\" \/>\n<meta property=\"og:site_name\" content=\"Frantoio Muraglia\" \/>\n<meta property=\"article:modified_time\" content=\"2025-02-12T15:51:16+00:00\" \/>\n<meta property=\"og:image\" content=\"https:\/\/dev.frantoiomuraglia.it\/wp-content\/uploads\/2023\/04\/Reviva-collection.jpg\" \/>\n\t<meta property=\"og:image:width\" content=\"2180\" \/>\n\t<meta property=\"og:image:height\" content=\"2294\" \/>\n\t<meta property=\"og:image:type\" content=\"image\/jpeg\" \/>\n<meta name=\"twitter:card\" content=\"summary_large_image\" \/>\n<script type=\"application\/ld+json\" class=\"yoast-schema-graph\">{\"@context\":\"https:\/\/schema.org\",\"@graph\":[{\"@type\":\"WebPage\",\"@id\":\"https:\/\/dev.frantoiomuraglia.it\/de\/produkt\/reviva-collection\/\",\"url\":\"https:\/\/dev.frantoiomuraglia.it\/de\/produkt\/reviva-collection\/\",\"name\":\"Reviva Collection - Frantoio Muraglia\",\"isPartOf\":{\"@id\":\"https:\/\/dev.frantoiomuraglia.it\/de\/#website\"},\"primaryImageOfPage\":{\"@id\":\"https:\/\/dev.frantoiomuraglia.it\/de\/produkt\/reviva-collection\/#primaryimage\"},\"image\":{\"@id\":\"https:\/\/dev.frantoiomuraglia.it\/de\/produkt\/reviva-collection\/#primaryimage\"},\"thumbnailUrl\":\"https:\/\/dev.frantoiomuraglia.it\/wp-content\/uploads\/2023\/04\/Reviva-collection.jpg\",\"datePublished\":\"2023-04-13T13:03:49+00:00\",\"dateModified\":\"2025-02-12T15:51:16+00:00\",\"description\":\"Unvollkommene Gl\u00e4ser, die als wirklich einzigartige St\u00fccke wiedergewonnen und regeneriert wurden; innen leer, verkauft zusammen mit einer 1-Liter-Dose unseres \u00d6ls: Beh\u00e4lter der Sch\u00f6nheit.\",\"breadcrumb\":{\"@id\":\"https:\/\/dev.frantoiomuraglia.it\/de\/produkt\/reviva-collection\/#breadcrumb\"},\"inLanguage\":\"de\",\"potentialAction\":[{\"@type\":\"ReadAction\",\"target\":[\"https:\/\/dev.frantoiomuraglia.it\/de\/produkt\/reviva-collection\/\"]}]},{\"@type\":\"ImageObject\",\"inLanguage\":\"de\",\"@id\":\"https:\/\/dev.frantoiomuraglia.it\/de\/produkt\/reviva-collection\/#primaryimage\",\"url\":\"https:\/\/dev.frantoiomuraglia.it\/wp-content\/uploads\/2023\/04\/Reviva-collection.jpg\",\"contentUrl\":\"https:\/\/dev.frantoiomuraglia.it\/wp-content\/uploads\/2023\/04\/Reviva-collection.jpg\",\"width\":2180,\"height\":2294},{\"@type\":\"BreadcrumbList\",\"@id\":\"https:\/\/dev.frantoiomuraglia.it\/de\/produkt\/reviva-collection\/#breadcrumb\",\"itemListElement\":[{\"@type\":\"ListItem\",\"position\":1,\"name\":\"Home\",\"item\":\"https:\/\/dev.frantoiomuraglia.it\/de\/\"},{\"@type\":\"ListItem\",\"position\":2,\"name\":\"Shop\",\"item\":\"https:\/\/dev.frantoiomuraglia.it\/de\/shop\/\"},{\"@type\":\"ListItem\",\"position\":3,\"name\":\"Reviva Collection\"}]},{\"@type\":\"WebSite\",\"@id\":\"https:\/\/dev.frantoiomuraglia.it\/de\/#website\",\"url\":\"https:\/\/dev.frantoiomuraglia.it\/de\/\",\"name\":\"Frantoio Muraglia\",\"description\":\"Just another WordPress site\",\"publisher\":{\"@id\":\"https:\/\/dev.frantoiomuraglia.it\/de\/#organization\"},\"potentialAction\":[{\"@type\":\"SearchAction\",\"target\":{\"@type\":\"EntryPoint\",\"urlTemplate\":\"https:\/\/dev.frantoiomuraglia.it\/de\/?s={search_term_string}\"},\"query-input\":{\"@type\":\"PropertyValueSpecification\",\"valueRequired\":true,\"valueName\":\"search_term_string\"}}],\"inLanguage\":\"de\"},{\"@type\":\"Organization\",\"@id\":\"https:\/\/dev.frantoiomuraglia.it\/de\/#organization\",\"name\":\"Frantoio Muraglia\",\"url\":\"https:\/\/dev.frantoiomuraglia.it\/de\/\",\"logo\":{\"@type\":\"ImageObject\",\"inLanguage\":\"de\",\"@id\":\"https:\/\/dev.frantoiomuraglia.it\/de\/#\/schema\/logo\/image\/\",\"url\":\"https:\/\/www.frantoiomuraglia.it\/wp-content\/uploads\/2022\/06\/Logo-Frantoio-Muraglia-black-email.jpg\",\"contentUrl\":\"https:\/\/www.frantoiomuraglia.it\/wp-content\/uploads\/2022\/06\/Logo-Frantoio-Muraglia-black-email.jpg\",\"width\":326,\"height\":150,\"caption\":\"Frantoio Muraglia\"},\"image\":{\"@id\":\"https:\/\/dev.frantoiomuraglia.it\/de\/#\/schema\/logo\/image\/\"}}]}<\/script>\n<!-- \/ Yoast SEO plugin. -->","yoast_head_json":{"title":"Reviva Collection - Frantoio Muraglia","description":"Unvollkommene Gl\u00e4ser, die als wirklich einzigartige St\u00fccke wiedergewonnen und regeneriert wurden; innen leer, verkauft zusammen mit einer 1-Liter-Dose unseres \u00d6ls: Beh\u00e4lter der Sch\u00f6nheit.","robots":{"index":"noindex","follow":"follow","max-snippet":"max-snippet:-1","max-image-preview":"max-image-preview:large","max-video-preview":"max-video-preview:-1"},"og_locale":"de_DE","og_type":"article","og_title":"Reviva Collection - Frantoio Muraglia","og_description":"Unvollkommene Gl\u00e4ser, die als wirklich einzigartige St\u00fccke wiedergewonnen und regeneriert wurden; innen leer, verkauft zusammen mit einer 1-Liter-Dose unseres \u00d6ls: Beh\u00e4lter der Sch\u00f6nheit.","og_url":"https:\/\/dev.frantoiomuraglia.it\/de\/produkt\/reviva-collection\/","og_site_name":"Frantoio Muraglia","article_modified_time":"2025-02-12T15:51:16+00:00","og_image":[{"width":2180,"height":2294,"url":"https:\/\/dev.frantoiomuraglia.it\/wp-content\/uploads\/2023\/04\/Reviva-collection.jpg","type":"image\/jpeg"}],"twitter_card":"summary_large_image","schema":{"@context":"https:\/\/schema.org","@graph":[{"@type":"WebPage","@id":"https:\/\/dev.frantoiomuraglia.it\/de\/produkt\/reviva-collection\/","url":"https:\/\/dev.frantoiomuraglia.it\/de\/produkt\/reviva-collection\/","name":"Reviva Collection - Frantoio Muraglia","isPartOf":{"@id":"https:\/\/dev.frantoiomuraglia.it\/de\/#website"},"primaryImageOfPage":{"@id":"https:\/\/dev.frantoiomuraglia.it\/de\/produkt\/reviva-collection\/#primaryimage"},"image":{"@id":"https:\/\/dev.frantoiomuraglia.it\/de\/produkt\/reviva-collection\/#primaryimage"},"thumbnailUrl":"https:\/\/dev.frantoiomuraglia.it\/wp-content\/uploads\/2023\/04\/Reviva-collection.jpg","datePublished":"2023-04-13T13:03:49+00:00","dateModified":"2025-02-12T15:51:16+00:00","description":"Unvollkommene Gl\u00e4ser, die als wirklich einzigartige St\u00fccke wiedergewonnen und regeneriert wurden; innen leer, verkauft zusammen mit einer 1-Liter-Dose unseres \u00d6ls: Beh\u00e4lter der Sch\u00f6nheit.","breadcrumb":{"@id":"https:\/\/dev.frantoiomuraglia.it\/de\/produkt\/reviva-collection\/#breadcrumb"},"inLanguage":"de","potentialAction":[{"@type":"ReadAction","target":["https:\/\/dev.frantoiomuraglia.it\/de\/produkt\/reviva-collection\/"]}]},{"@type":"ImageObject","inLanguage":"de","@id":"https:\/\/dev.frantoiomuraglia.it\/de\/produkt\/reviva-collection\/#primaryimage","url":"https:\/\/dev.frantoiomuraglia.it\/wp-content\/uploads\/2023\/04\/Reviva-collection.jpg","contentUrl":"https:\/\/dev.frantoiomuraglia.it\/wp-content\/uploads\/2023\/04\/Reviva-collection.jpg","width":2180,"height":2294},{"@type":"BreadcrumbList","@id":"https:\/\/dev.frantoiomuraglia.it\/de\/produkt\/reviva-collection\/#breadcrumb","itemListElement":[{"@type":"ListItem","position":1,"name":"Home","item":"https:\/\/dev.frantoiomuraglia.it\/de\/"},{"@type":"ListItem","position":2,"name":"Shop","item":"https:\/\/dev.frantoiomuraglia.it\/de\/shop\/"},{"@type":"ListItem","position":3,"name":"Reviva Collection"}]},{"@type":"WebSite","@id":"https:\/\/dev.frantoiomuraglia.it\/de\/#website","url":"https:\/\/dev.frantoiomuraglia.it\/de\/","name":"Frantoio Muraglia","description":"Just another WordPress site","publisher":{"@id":"https:\/\/dev.frantoiomuraglia.it\/de\/#organization"},"potentialAction":[{"@type":"SearchAction","target":{"@type":"EntryPoint","urlTemplate":"https:\/\/dev.frantoiomuraglia.it\/de\/?s={search_term_string}"},"query-input":{"@type":"PropertyValueSpecification","valueRequired":true,"valueName":"search_term_string"}}],"inLanguage":"de"},{"@type":"Organization","@id":"https:\/\/dev.frantoiomuraglia.it\/de\/#organization","name":"Frantoio Muraglia","url":"https:\/\/dev.frantoiomuraglia.it\/de\/","logo":{"@type":"ImageObject","inLanguage":"de","@id":"https:\/\/dev.frantoiomuraglia.it\/de\/#\/schema\/logo\/image\/","url":"https:\/\/www.frantoiomuraglia.it\/wp-content\/uploads\/2022\/06\/Logo-Frantoio-Muraglia-black-email.jpg","contentUrl":"https:\/\/www.frantoiomuraglia.it\/wp-content\/uploads\/2022\/06\/Logo-Frantoio-Muraglia-black-email.jpg","width":326,"height":150,"caption":"Frantoio Muraglia"},"image":{"@id":"https:\/\/dev.frantoiomuraglia.it\/de\/#\/schema\/logo\/image\/"}}]}},"_links":{"self":[{"href":"https:\/\/dev.frantoiomuraglia.it\/de\/wp-json\/wp\/v2\/product\/17294","targetHints":{"allow":["GET"]}}],"collection":[{"href":"https:\/\/dev.frantoiomuraglia.it\/de\/wp-json\/wp\/v2\/product"}],"about":[{"href":"https:\/\/dev.frantoiomuraglia.it\/de\/wp-json\/wp\/v2\/types\/product"}],"wp:featuredmedia":[{"embeddable":true,"href":"https:\/\/dev.frantoiomuraglia.it\/de\/wp-json\/wp\/v2\/media\/17300"}],"wp:attachment":[{"href":"https:\/\/dev.frantoiomuraglia.it\/de\/wp-json\/wp\/v2\/media?parent=17294"}],"wp:term":[{"taxonomy":"product_cat","embeddable":true,"href":"https:\/\/dev.frantoiomuraglia.it\/de\/wp-json\/wp\/v2\/product_cat?post=17294"},{"taxonomy":"product_tag","embeddable":true,"href":"https:\/\/dev.frantoiomuraglia.it\/de\/wp-json\/wp\/v2\/product_tag?post=17294"}],"curies":[{"name":"wp","href":"https:\/\/api.w.org\/{rel}","templated":true}]}}