{"id":13460,"date":"2022-09-27T10:19:21","date_gmt":"2022-10-22T07:53:51","guid":{"rendered":"https:\/\/www.frantoiomuraglia.it\/product\/geschenkpaket-pop-art\/"},"modified":"2025-02-12T18:38:47","modified_gmt":"2025-02-12T16:38:47","slug":"geschenkpaket-pop-art","status":"publish","type":"product","link":"https:\/\/dev.frantoiomuraglia.it\/de\/produkt\/geschenkpaket-pop-art\/","title":{"rendered":"Geschenkpaket &#8218;Pop Art&#8216;"},"content":{"rendered":"<p>W\u00e4hlen Sie f\u00fcr Ihr Geschenk hervorragende Leistungen.<\/p>\n<p>Einzigartige Geschenkpackungen, die nur online erh\u00e4ltlich sind. Die perfekte Geschenkidee, um die Atmosph\u00e4re von Frantoio Muraglia zu erleben. Sie wird Ihren Tisch mit Qualit\u00e4tsprodukten und viel Farbe bereichern, dank dem Duft unseres apulischen nativen Oliven\u00f6ls extra und den Farben unserer handgefertigten Designerobjekte.<\/p>\n<p>Ein perfektes Geschenkpaket, um Farbe auf den Tisch von Familie, Freunden und Kunden zu bringen. Ein Weihnachtskorb oder ein Firmengeschenk mit einigen Produkten von Frantoio Muraglia, das Sie begeistern wird. Ikonische, handgemalte Objekte f\u00fcr unser Unternehmen und jede Menge gutes natives Oliven\u00f6l extra.<\/p>\n<p>Ein Paket aus handgefertigten Produkten. In der Geschenkbox befinden sich 3 Kr\u00fcge aus der Pop Art Kollektion: Keramikkrug Prickly Pear 500 ml &#8211; Intense Fruity. Keramikgef\u00e4\u00df Octopus 500 ml &#8211; Medium Fruchtig. Keramik-Glas Sardinen 500 ml &#8211; Medium Fruchtig.<\/p>\n<p>Erg\u00e4nzt wird diese Geschenkbox durch drei von Keramikern handbemalte Keramikschalen, die sich hervorragend zum Probieren von \u00d6l bei Tisch oder zum Servieren von guten Oliven f\u00fcr einen Aperitif eignen.<\/p>\n","protected":false},"excerpt":{"rendered":"<p>Einzigartige Geschenkpackungen, die nur online erh\u00e4ltlich sind. Die Pop-Art-Geschenkbox ist die perfekte Geschenkidee, um die Atmosph\u00e4re von Frantoio Muraglia zu erleben. Wir werden Ihren Tisch mit Qualit\u00e4tsprodukten und viel Farbe bereichern, dank des Dufts unseres nativen Oliven\u00f6ls extra und der Farben unserer handgefertigten Designobjekte.<\/p>\n<p>Ein perfektes Geschenkpaket, um Farbe auf den Tisch von Familie, Freunden und Kunden zu bringen. Ein Weihnachtskorb oder ein Firmengeschenk mit einigen Produkten von Frantoio Muraglia, das Sie begeistern wird. Ikonische, handgemalte Gegenst\u00e4nde und viel gutes Oliven\u00f6l.<\/p>\n<p>Eine Verpackung, die zu 100 Prozent aus Handwerkskunst besteht. In der Geschenkbox befinden sich 3 Kr\u00fcge aus der Pop Art Kollektion: Keramikkrug Prickly Pear 500 ml &#8211; Intense Fruity. Keramiktopf Octopus 500 ml &#8211; Intensiv fruchtig. Keramik-Glas Sardinen 500 ml &#8211; Medium Fruchtig.<\/p>\n<p>Erg\u00e4nzt wird diese Geschenkbox durch drei von Keramikern handbemalte Keramikschalen, die sich hervorragend zum Probieren von \u00d6l bei Tisch oder zum Servieren guter Oliven eignen.<\/p>\n","protected":false},"featured_media":13365,"template":"","meta":{"_acf_changed":false},"product_cat":[203,141,358],"product_tag":[219],"class_list":{"0":"post-13460","1":"product","2":"type-product","3":"status-publish","4":"has-post-thumbnail","6":"product_cat-geschenkideen","7":"product_cat-keramikflasche","8":"product_cat-pop-art-de","9":"product_tag-tpl_no_category-de","11":"first","12":"instock","13":"taxable","14":"shipping-taxable","15":"purchasable","16":"product-type-simple"},"acf":[],"yoast_head":"<!-- This site is optimized with the Yoast SEO plugin v26.8 - https:\/\/yoast.com\/product\/yoast-seo-wordpress\/ -->\n<title>Geschenkpaket &#039;Pop Art&#039; - Frantoio Muraglia<\/title>\n<meta name=\"description\" content=\"Einzigartige Geschenkpackungen, die nur online erh\u00e4ltlich sind. Die perfekte Geschenkidee, um die Atmosph\u00e4re von Frantoio Muraglia zu erleben. Wir werden Ihren Tisch mit Qualit\u00e4tsprodukten und viel Farbe bereichern, dank des Dufts unseres nativen Oliven\u00f6ls extra und der Farben unserer handgefertigten Designobjekte.\" \/>\n<meta name=\"robots\" content=\"noindex, follow, max-snippet:-1, max-image-preview:large, max-video-preview:-1\" \/>\n<meta property=\"og:locale\" content=\"de_DE\" \/>\n<meta property=\"og:type\" content=\"article\" \/>\n<meta property=\"og:title\" content=\"Geschenkpaket &#039;Pop Art&#039; - Frantoio Muraglia\" \/>\n<meta property=\"og:description\" content=\"Einzigartige Geschenkpackungen, die nur online erh\u00e4ltlich sind. Die perfekte Geschenkidee, um die Atmosph\u00e4re von Frantoio Muraglia zu erleben. Wir werden Ihren Tisch mit Qualit\u00e4tsprodukten und viel Farbe bereichern, dank des Dufts unseres nativen Oliven\u00f6ls extra und der Farben unserer handgefertigten Designobjekte.\" \/>\n<meta property=\"og:url\" content=\"https:\/\/dev.frantoiomuraglia.it\/de\/produkt\/geschenkpaket-pop-art\/\" \/>\n<meta property=\"og:site_name\" content=\"Frantoio Muraglia\" \/>\n<meta property=\"article:modified_time\" content=\"2025-02-12T16:38:47+00:00\" \/>\n<meta property=\"og:image\" content=\"https:\/\/dev.frantoiomuraglia.it\/wp-content\/uploads\/2022\/09\/Schermata-2022-10-14-alle-16.08.47.png\" \/>\n\t<meta property=\"og:image:width\" content=\"2244\" \/>\n\t<meta property=\"og:image:height\" content=\"2090\" \/>\n\t<meta property=\"og:image:type\" content=\"image\/png\" \/>\n<meta name=\"twitter:card\" content=\"summary_large_image\" \/>\n<script type=\"application\/ld+json\" class=\"yoast-schema-graph\">{\"@context\":\"https:\/\/schema.org\",\"@graph\":[{\"@type\":\"WebPage\",\"@id\":\"https:\/\/dev.frantoiomuraglia.it\/de\/produkt\/geschenkpaket-pop-art\/\",\"url\":\"https:\/\/dev.frantoiomuraglia.it\/de\/produkt\/geschenkpaket-pop-art\/\",\"name\":\"Geschenkpaket 'Pop Art' - Frantoio Muraglia\",\"isPartOf\":{\"@id\":\"https:\/\/dev.frantoiomuraglia.it\/de\/#website\"},\"primaryImageOfPage\":{\"@id\":\"https:\/\/dev.frantoiomuraglia.it\/de\/produkt\/geschenkpaket-pop-art\/#primaryimage\"},\"image\":{\"@id\":\"https:\/\/dev.frantoiomuraglia.it\/de\/produkt\/geschenkpaket-pop-art\/#primaryimage\"},\"thumbnailUrl\":\"https:\/\/dev.frantoiomuraglia.it\/wp-content\/uploads\/2022\/09\/Schermata-2022-10-14-alle-16.08.47.png\",\"datePublished\":\"2022-10-22T07:53:51+00:00\",\"dateModified\":\"2025-02-12T16:38:47+00:00\",\"description\":\"Einzigartige Geschenkpackungen, die nur online erh\u00e4ltlich sind. Die perfekte Geschenkidee, um die Atmosph\u00e4re von Frantoio Muraglia zu erleben. Wir werden Ihren Tisch mit Qualit\u00e4tsprodukten und viel Farbe bereichern, dank des Dufts unseres nativen Oliven\u00f6ls extra und der Farben unserer handgefertigten Designobjekte.\",\"breadcrumb\":{\"@id\":\"https:\/\/dev.frantoiomuraglia.it\/de\/produkt\/geschenkpaket-pop-art\/#breadcrumb\"},\"inLanguage\":\"de\",\"potentialAction\":[{\"@type\":\"ReadAction\",\"target\":[\"https:\/\/dev.frantoiomuraglia.it\/de\/produkt\/geschenkpaket-pop-art\/\"]}]},{\"@type\":\"ImageObject\",\"inLanguage\":\"de\",\"@id\":\"https:\/\/dev.frantoiomuraglia.it\/de\/produkt\/geschenkpaket-pop-art\/#primaryimage\",\"url\":\"https:\/\/dev.frantoiomuraglia.it\/wp-content\/uploads\/2022\/09\/Schermata-2022-10-14-alle-16.08.47.png\",\"contentUrl\":\"https:\/\/dev.frantoiomuraglia.it\/wp-content\/uploads\/2022\/09\/Schermata-2022-10-14-alle-16.08.47.png\",\"width\":2244,\"height\":2090},{\"@type\":\"BreadcrumbList\",\"@id\":\"https:\/\/dev.frantoiomuraglia.it\/de\/produkt\/geschenkpaket-pop-art\/#breadcrumb\",\"itemListElement\":[{\"@type\":\"ListItem\",\"position\":1,\"name\":\"Home\",\"item\":\"https:\/\/dev.frantoiomuraglia.it\/de\/\"},{\"@type\":\"ListItem\",\"position\":2,\"name\":\"Shop\",\"item\":\"https:\/\/dev.frantoiomuraglia.it\/de\/shop\/\"},{\"@type\":\"ListItem\",\"position\":3,\"name\":\"Geschenkpaket &#8218;Pop Art&#8216;\"}]},{\"@type\":\"WebSite\",\"@id\":\"https:\/\/dev.frantoiomuraglia.it\/de\/#website\",\"url\":\"https:\/\/dev.frantoiomuraglia.it\/de\/\",\"name\":\"Frantoio Muraglia\",\"description\":\"Just another WordPress site\",\"publisher\":{\"@id\":\"https:\/\/dev.frantoiomuraglia.it\/de\/#organization\"},\"potentialAction\":[{\"@type\":\"SearchAction\",\"target\":{\"@type\":\"EntryPoint\",\"urlTemplate\":\"https:\/\/dev.frantoiomuraglia.it\/de\/?s={search_term_string}\"},\"query-input\":{\"@type\":\"PropertyValueSpecification\",\"valueRequired\":true,\"valueName\":\"search_term_string\"}}],\"inLanguage\":\"de\"},{\"@type\":\"Organization\",\"@id\":\"https:\/\/dev.frantoiomuraglia.it\/de\/#organization\",\"name\":\"Frantoio Muraglia\",\"url\":\"https:\/\/dev.frantoiomuraglia.it\/de\/\",\"logo\":{\"@type\":\"ImageObject\",\"inLanguage\":\"de\",\"@id\":\"https:\/\/dev.frantoiomuraglia.it\/de\/#\/schema\/logo\/image\/\",\"url\":\"https:\/\/www.frantoiomuraglia.it\/wp-content\/uploads\/2022\/06\/Logo-Frantoio-Muraglia-black-email.jpg\",\"contentUrl\":\"https:\/\/www.frantoiomuraglia.it\/wp-content\/uploads\/2022\/06\/Logo-Frantoio-Muraglia-black-email.jpg\",\"width\":326,\"height\":150,\"caption\":\"Frantoio Muraglia\"},\"image\":{\"@id\":\"https:\/\/dev.frantoiomuraglia.it\/de\/#\/schema\/logo\/image\/\"}}]}<\/script>\n<!-- \/ Yoast SEO plugin. -->","yoast_head_json":{"title":"Geschenkpaket 'Pop Art' - Frantoio Muraglia","description":"Einzigartige Geschenkpackungen, die nur online erh\u00e4ltlich sind. Die perfekte Geschenkidee, um die Atmosph\u00e4re von Frantoio Muraglia zu erleben. Wir werden Ihren Tisch mit Qualit\u00e4tsprodukten und viel Farbe bereichern, dank des Dufts unseres nativen Oliven\u00f6ls extra und der Farben unserer handgefertigten Designobjekte.","robots":{"index":"noindex","follow":"follow","max-snippet":"max-snippet:-1","max-image-preview":"max-image-preview:large","max-video-preview":"max-video-preview:-1"},"og_locale":"de_DE","og_type":"article","og_title":"Geschenkpaket 'Pop Art' - Frantoio Muraglia","og_description":"Einzigartige Geschenkpackungen, die nur online erh\u00e4ltlich sind. Die perfekte Geschenkidee, um die Atmosph\u00e4re von Frantoio Muraglia zu erleben. Wir werden Ihren Tisch mit Qualit\u00e4tsprodukten und viel Farbe bereichern, dank des Dufts unseres nativen Oliven\u00f6ls extra und der Farben unserer handgefertigten Designobjekte.","og_url":"https:\/\/dev.frantoiomuraglia.it\/de\/produkt\/geschenkpaket-pop-art\/","og_site_name":"Frantoio Muraglia","article_modified_time":"2025-02-12T16:38:47+00:00","og_image":[{"width":2244,"height":2090,"url":"https:\/\/dev.frantoiomuraglia.it\/wp-content\/uploads\/2022\/09\/Schermata-2022-10-14-alle-16.08.47.png","type":"image\/png"}],"twitter_card":"summary_large_image","schema":{"@context":"https:\/\/schema.org","@graph":[{"@type":"WebPage","@id":"https:\/\/dev.frantoiomuraglia.it\/de\/produkt\/geschenkpaket-pop-art\/","url":"https:\/\/dev.frantoiomuraglia.it\/de\/produkt\/geschenkpaket-pop-art\/","name":"Geschenkpaket 'Pop Art' - Frantoio Muraglia","isPartOf":{"@id":"https:\/\/dev.frantoiomuraglia.it\/de\/#website"},"primaryImageOfPage":{"@id":"https:\/\/dev.frantoiomuraglia.it\/de\/produkt\/geschenkpaket-pop-art\/#primaryimage"},"image":{"@id":"https:\/\/dev.frantoiomuraglia.it\/de\/produkt\/geschenkpaket-pop-art\/#primaryimage"},"thumbnailUrl":"https:\/\/dev.frantoiomuraglia.it\/wp-content\/uploads\/2022\/09\/Schermata-2022-10-14-alle-16.08.47.png","datePublished":"2022-10-22T07:53:51+00:00","dateModified":"2025-02-12T16:38:47+00:00","description":"Einzigartige Geschenkpackungen, die nur online erh\u00e4ltlich sind. Die perfekte Geschenkidee, um die Atmosph\u00e4re von Frantoio Muraglia zu erleben. Wir werden Ihren Tisch mit Qualit\u00e4tsprodukten und viel Farbe bereichern, dank des Dufts unseres nativen Oliven\u00f6ls extra und der Farben unserer handgefertigten Designobjekte.","breadcrumb":{"@id":"https:\/\/dev.frantoiomuraglia.it\/de\/produkt\/geschenkpaket-pop-art\/#breadcrumb"},"inLanguage":"de","potentialAction":[{"@type":"ReadAction","target":["https:\/\/dev.frantoiomuraglia.it\/de\/produkt\/geschenkpaket-pop-art\/"]}]},{"@type":"ImageObject","inLanguage":"de","@id":"https:\/\/dev.frantoiomuraglia.it\/de\/produkt\/geschenkpaket-pop-art\/#primaryimage","url":"https:\/\/dev.frantoiomuraglia.it\/wp-content\/uploads\/2022\/09\/Schermata-2022-10-14-alle-16.08.47.png","contentUrl":"https:\/\/dev.frantoiomuraglia.it\/wp-content\/uploads\/2022\/09\/Schermata-2022-10-14-alle-16.08.47.png","width":2244,"height":2090},{"@type":"BreadcrumbList","@id":"https:\/\/dev.frantoiomuraglia.it\/de\/produkt\/geschenkpaket-pop-art\/#breadcrumb","itemListElement":[{"@type":"ListItem","position":1,"name":"Home","item":"https:\/\/dev.frantoiomuraglia.it\/de\/"},{"@type":"ListItem","position":2,"name":"Shop","item":"https:\/\/dev.frantoiomuraglia.it\/de\/shop\/"},{"@type":"ListItem","position":3,"name":"Geschenkpaket &#8218;Pop Art&#8216;"}]},{"@type":"WebSite","@id":"https:\/\/dev.frantoiomuraglia.it\/de\/#website","url":"https:\/\/dev.frantoiomuraglia.it\/de\/","name":"Frantoio Muraglia","description":"Just another WordPress site","publisher":{"@id":"https:\/\/dev.frantoiomuraglia.it\/de\/#organization"},"potentialAction":[{"@type":"SearchAction","target":{"@type":"EntryPoint","urlTemplate":"https:\/\/dev.frantoiomuraglia.it\/de\/?s={search_term_string}"},"query-input":{"@type":"PropertyValueSpecification","valueRequired":true,"valueName":"search_term_string"}}],"inLanguage":"de"},{"@type":"Organization","@id":"https:\/\/dev.frantoiomuraglia.it\/de\/#organization","name":"Frantoio Muraglia","url":"https:\/\/dev.frantoiomuraglia.it\/de\/","logo":{"@type":"ImageObject","inLanguage":"de","@id":"https:\/\/dev.frantoiomuraglia.it\/de\/#\/schema\/logo\/image\/","url":"https:\/\/www.frantoiomuraglia.it\/wp-content\/uploads\/2022\/06\/Logo-Frantoio-Muraglia-black-email.jpg","contentUrl":"https:\/\/www.frantoiomuraglia.it\/wp-content\/uploads\/2022\/06\/Logo-Frantoio-Muraglia-black-email.jpg","width":326,"height":150,"caption":"Frantoio Muraglia"},"image":{"@id":"https:\/\/dev.frantoiomuraglia.it\/de\/#\/schema\/logo\/image\/"}}]}},"_links":{"self":[{"href":"https:\/\/dev.frantoiomuraglia.it\/de\/wp-json\/wp\/v2\/product\/13460","targetHints":{"allow":["GET"]}}],"collection":[{"href":"https:\/\/dev.frantoiomuraglia.it\/de\/wp-json\/wp\/v2\/product"}],"about":[{"href":"https:\/\/dev.frantoiomuraglia.it\/de\/wp-json\/wp\/v2\/types\/product"}],"wp:featuredmedia":[{"embeddable":true,"href":"https:\/\/dev.frantoiomuraglia.it\/de\/wp-json\/wp\/v2\/media\/13365"}],"wp:attachment":[{"href":"https:\/\/dev.frantoiomuraglia.it\/de\/wp-json\/wp\/v2\/media?parent=13460"}],"wp:term":[{"taxonomy":"product_cat","embeddable":true,"href":"https:\/\/dev.frantoiomuraglia.it\/de\/wp-json\/wp\/v2\/product_cat?post=13460"},{"taxonomy":"product_tag","embeddable":true,"href":"https:\/\/dev.frantoiomuraglia.it\/de\/wp-json\/wp\/v2\/product_tag?post=13460"}],"curies":[{"name":"wp","href":"https:\/\/api.w.org\/{rel}","templated":true}]}}