{"id":13450,"date":"2022-09-13T18:42:03","date_gmt":"2022-10-21T14:42:59","guid":{"rendered":"https:\/\/www.frantoiomuraglia.it\/product\/olio-evo-auswahl-geschenkbox\/"},"modified":"2025-06-16T11:00:19","modified_gmt":"2025-06-16T09:00:19","slug":"pacco-esperienza-muraglia-2","status":"publish","type":"product","link":"https:\/\/dev.frantoiomuraglia.it\/de\/produkt\/pacco-esperienza-muraglia-2\/","title":{"rendered":"&#8218;Olio Evo Auswahl&#8216; &#8211; Geschenkbox"},"content":{"rendered":"<p>W\u00e4hlen Sie f\u00fcr Ihr Geschenk hervorragende Leistungen.<\/p>\n<p>Einzigartige Geschenkpackungen, die nur online erh\u00e4ltlich sind. Perfekt als Geschenkidee, um Eindruck zu hinterlassen und den Geschmack der \u00d6lm\u00fchle Frantoio Muraglia zu erleben. Qualit\u00e4t und Farbe, um den Tisch zu bereichern, Gerichte mit nativem Oliven\u00f6l extra zu versch\u00f6nern und das Haus zu dekorieren. Eine Idee f\u00fcr einen einfachen Geschenkkorb zu Weihnachten mit hochwertigen Produkten f\u00fcr ein Weihnachtsgeschenk, ein Firmengeschenk oder ein Geschenkset f\u00fcr verschiedene Anl\u00e4sse.<\/p>\n<p>In der Schachtel befinden sich zwei Packungen unserer nativen Oliven\u00f6le extra: eine 250-ml-Regenbogen-Dose mit intensivem Fruchtgeschmack und eine Essenz mit mittlerem Fruchtgeschmack, zwei verschiedene Geschmacksrichtungen, die aus unterschiedlichen Olivenqualit\u00e4ten gewonnen werden, um die ganze Vielfalt eines handwerklich hergestellten \u00d6ls zu genie\u00dfen.<\/p>\n<p>Abgerundet wird die Verkostung durch eine 250-ml-Flasche unseres Bio-\u00d6ls aus Coratina-Oliven und zwei unserer nat\u00fcrlichen Aromen: Chili und Zitrone. F\u00fcr einen Hauch von Farbe sorgt der Regenbogen, der zwei kleine, von Keramikern handgefertigte und bemalte Keramikschalen kennzeichnet, die sich perfekt zum Probieren von \u00d6l am Tisch oder zum Servieren guter Oliven eignen<\/p>\n","protected":false},"excerpt":{"rendered":"<p>Einzigartige Geschenkpackungen, die nur online erh\u00e4ltlich sind. Perfekt als Geschenkidee, um Eindruck zu hinterlassen und den Geschmack der \u00d6lm\u00fchle Frantoio Muraglia zu erleben. Qualit\u00e4t und Farbe, um den Tisch zu bereichern, Gerichte mit nativem Oliven\u00f6l extra zu versch\u00f6nern und das Haus zu dekorieren. Eine Idee f\u00fcr einen einfachen Geschenkkorb zu Weihnachten mit hochwertigen Produkten f\u00fcr ein Weihnachtsgeschenk, ein Firmengeschenk oder ein Geschenkset f\u00fcr verschiedene Anl\u00e4sse.<\/p>\n<p>In der Schachtel befinden sich zwei Packungen unserer nativen Oliven\u00f6le extra: eine 250-ml-Regenbogen-Dose mit intensivem Fruchtgeschmack und eine Essenz mit mittlerem Fruchtgeschmack, zwei verschiedene Geschmacksrichtungen, die aus unterschiedlichen Olivenqualit\u00e4ten gewonnen werden, um die ganze Vielfalt eines handwerklich hergestellten \u00d6ls zu genie\u00dfen.<\/p>\n<p>Zur Vervollst\u00e4ndigung der Verkostung eine 250-ml-Flasche unseres entsteinten \u00d6ls aus Coratina-Oliven und zwei unserer nat\u00fcrlichen Aromen: Chilipfeffer und Zitrone. F\u00fcr einen Hauch von Farbe sorgt der Regenbogen, der zwei kleine, von Keramikern handgefertigte und bemalte Keramikschalen kennzeichnet, die sich perfekt zum Probieren von \u00d6l am Tisch oder zum Servieren guter Oliven eignen<\/p>\n","protected":false},"featured_media":39745,"template":"","meta":{"_acf_changed":false},"product_cat":[203],"product_tag":[219],"class_list":{"0":"post-13450","1":"product","2":"type-product","3":"status-publish","4":"has-post-thumbnail","6":"product_cat-geschenkideen","7":"product_tag-tpl_no_category-de","9":"first","10":"instock","11":"taxable","12":"shipping-taxable","13":"purchasable","14":"product-type-simple"},"acf":[],"yoast_head":"<!-- This site is optimized with the Yoast SEO plugin v26.8 - https:\/\/yoast.com\/product\/yoast-seo-wordpress\/ -->\n<title>&#039;Olio Evo Auswahl&#039; - Geschenkbox - Frantoio Muraglia<\/title>\n<meta name=\"robots\" content=\"noindex, follow, max-snippet:-1, max-image-preview:large, max-video-preview:-1\" \/>\n<meta property=\"og:locale\" content=\"de_DE\" \/>\n<meta property=\"og:type\" content=\"article\" \/>\n<meta property=\"og:title\" content=\"&#039;Olio Evo Auswahl&#039; - Geschenkbox - Frantoio Muraglia\" \/>\n<meta property=\"og:description\" content=\"Einzigartige Geschenkpackungen, die nur online erh\u00e4ltlich sind. Perfekt als Geschenkidee, um Eindruck zu hinterlassen und den Geschmack der \u00d6lm\u00fchle Frantoio Muraglia zu erleben. Qualit\u00e4t und Farbe, um den Tisch zu bereichern, Gerichte mit nativem Oliven\u00f6l extra zu versch\u00f6nern und das Haus zu dekorieren. Eine Idee f\u00fcr einen einfachen Geschenkkorb zu Weihnachten mit hochwertigen Produkten f\u00fcr ein Weihnachtsgeschenk, ein Firmengeschenk oder ein Geschenkset f\u00fcr verschiedene Anl\u00e4sse. In der Schachtel befinden sich zwei Packungen unserer nativen Oliven\u00f6le extra: eine 250-ml-Regenbogen-Dose mit intensivem Fruchtgeschmack und eine Essenz mit mittlerem Fruchtgeschmack, zwei verschiedene Geschmacksrichtungen, die aus unterschiedlichen Olivenqualit\u00e4ten gewonnen werden, um die ganze Vielfalt eines handwerklich hergestellten \u00d6ls zu genie\u00dfen. Zur Vervollst\u00e4ndigung der Verkostung eine 250-ml-Flasche unseres entsteinten \u00d6ls aus Coratina-Oliven und zwei unserer nat\u00fcrlichen Aromen: Chilipfeffer und Zitrone. F\u00fcr einen Hauch von Farbe sorgt der Regenbogen, der zwei kleine, von Keramikern handgefertigte und bemalte Keramikschalen kennzeichnet, die sich perfekt zum Probieren von \u00d6l am Tisch oder zum Servieren guter Oliven eignen\" \/>\n<meta property=\"og:url\" content=\"https:\/\/dev.frantoiomuraglia.it\/de\/produkt\/pacco-esperienza-muraglia-2\/\" \/>\n<meta property=\"og:site_name\" content=\"Frantoio Muraglia\" \/>\n<meta property=\"article:modified_time\" content=\"2025-06-16T09:00:19+00:00\" \/>\n<meta property=\"og:image\" content=\"https:\/\/dev.frantoiomuraglia.it\/wp-content\/uploads\/2022\/09\/Olio-Evo-Selection_3_2025_con-BIO.jpg\" \/>\n\t<meta property=\"og:image:width\" content=\"2180\" \/>\n\t<meta property=\"og:image:height\" content=\"2294\" \/>\n\t<meta property=\"og:image:type\" content=\"image\/jpeg\" \/>\n<meta name=\"twitter:card\" content=\"summary_large_image\" \/>\n<script type=\"application\/ld+json\" class=\"yoast-schema-graph\">{\"@context\":\"https:\/\/schema.org\",\"@graph\":[{\"@type\":\"WebPage\",\"@id\":\"https:\/\/dev.frantoiomuraglia.it\/de\/produkt\/pacco-esperienza-muraglia-2\/\",\"url\":\"https:\/\/dev.frantoiomuraglia.it\/de\/produkt\/pacco-esperienza-muraglia-2\/\",\"name\":\"'Olio Evo Auswahl' - Geschenkbox - Frantoio Muraglia\",\"isPartOf\":{\"@id\":\"https:\/\/dev.frantoiomuraglia.it\/de\/#website\"},\"primaryImageOfPage\":{\"@id\":\"https:\/\/dev.frantoiomuraglia.it\/de\/produkt\/pacco-esperienza-muraglia-2\/#primaryimage\"},\"image\":{\"@id\":\"https:\/\/dev.frantoiomuraglia.it\/de\/produkt\/pacco-esperienza-muraglia-2\/#primaryimage\"},\"thumbnailUrl\":\"https:\/\/dev.frantoiomuraglia.it\/wp-content\/uploads\/2022\/09\/Olio-Evo-Selection_3_2025_con-BIO.jpg\",\"datePublished\":\"2022-10-21T14:42:59+00:00\",\"dateModified\":\"2025-06-16T09:00:19+00:00\",\"breadcrumb\":{\"@id\":\"https:\/\/dev.frantoiomuraglia.it\/de\/produkt\/pacco-esperienza-muraglia-2\/#breadcrumb\"},\"inLanguage\":\"de\",\"potentialAction\":[{\"@type\":\"ReadAction\",\"target\":[\"https:\/\/dev.frantoiomuraglia.it\/de\/produkt\/pacco-esperienza-muraglia-2\/\"]}]},{\"@type\":\"ImageObject\",\"inLanguage\":\"de\",\"@id\":\"https:\/\/dev.frantoiomuraglia.it\/de\/produkt\/pacco-esperienza-muraglia-2\/#primaryimage\",\"url\":\"https:\/\/dev.frantoiomuraglia.it\/wp-content\/uploads\/2022\/09\/Olio-Evo-Selection_3_2025_con-BIO.jpg\",\"contentUrl\":\"https:\/\/dev.frantoiomuraglia.it\/wp-content\/uploads\/2022\/09\/Olio-Evo-Selection_3_2025_con-BIO.jpg\",\"width\":2180,\"height\":2294},{\"@type\":\"BreadcrumbList\",\"@id\":\"https:\/\/dev.frantoiomuraglia.it\/de\/produkt\/pacco-esperienza-muraglia-2\/#breadcrumb\",\"itemListElement\":[{\"@type\":\"ListItem\",\"position\":1,\"name\":\"Home\",\"item\":\"https:\/\/dev.frantoiomuraglia.it\/de\/\"},{\"@type\":\"ListItem\",\"position\":2,\"name\":\"Shop\",\"item\":\"https:\/\/dev.frantoiomuraglia.it\/de\/shop\/\"},{\"@type\":\"ListItem\",\"position\":3,\"name\":\"&#8218;Olio Evo Auswahl&#8216; &#8211; Geschenkbox\"}]},{\"@type\":\"WebSite\",\"@id\":\"https:\/\/dev.frantoiomuraglia.it\/de\/#website\",\"url\":\"https:\/\/dev.frantoiomuraglia.it\/de\/\",\"name\":\"Frantoio Muraglia\",\"description\":\"Just another WordPress site\",\"publisher\":{\"@id\":\"https:\/\/dev.frantoiomuraglia.it\/de\/#organization\"},\"potentialAction\":[{\"@type\":\"SearchAction\",\"target\":{\"@type\":\"EntryPoint\",\"urlTemplate\":\"https:\/\/dev.frantoiomuraglia.it\/de\/?s={search_term_string}\"},\"query-input\":{\"@type\":\"PropertyValueSpecification\",\"valueRequired\":true,\"valueName\":\"search_term_string\"}}],\"inLanguage\":\"de\"},{\"@type\":\"Organization\",\"@id\":\"https:\/\/dev.frantoiomuraglia.it\/de\/#organization\",\"name\":\"Frantoio Muraglia\",\"url\":\"https:\/\/dev.frantoiomuraglia.it\/de\/\",\"logo\":{\"@type\":\"ImageObject\",\"inLanguage\":\"de\",\"@id\":\"https:\/\/dev.frantoiomuraglia.it\/de\/#\/schema\/logo\/image\/\",\"url\":\"https:\/\/www.frantoiomuraglia.it\/wp-content\/uploads\/2022\/06\/Logo-Frantoio-Muraglia-black-email.jpg\",\"contentUrl\":\"https:\/\/www.frantoiomuraglia.it\/wp-content\/uploads\/2022\/06\/Logo-Frantoio-Muraglia-black-email.jpg\",\"width\":326,\"height\":150,\"caption\":\"Frantoio Muraglia\"},\"image\":{\"@id\":\"https:\/\/dev.frantoiomuraglia.it\/de\/#\/schema\/logo\/image\/\"}}]}<\/script>\n<!-- \/ Yoast SEO plugin. -->","yoast_head_json":{"title":"'Olio Evo Auswahl' - Geschenkbox - Frantoio Muraglia","robots":{"index":"noindex","follow":"follow","max-snippet":"max-snippet:-1","max-image-preview":"max-image-preview:large","max-video-preview":"max-video-preview:-1"},"og_locale":"de_DE","og_type":"article","og_title":"'Olio Evo Auswahl' - Geschenkbox - Frantoio Muraglia","og_description":"Einzigartige Geschenkpackungen, die nur online erh\u00e4ltlich sind. Perfekt als Geschenkidee, um Eindruck zu hinterlassen und den Geschmack der \u00d6lm\u00fchle Frantoio Muraglia zu erleben. Qualit\u00e4t und Farbe, um den Tisch zu bereichern, Gerichte mit nativem Oliven\u00f6l extra zu versch\u00f6nern und das Haus zu dekorieren. Eine Idee f\u00fcr einen einfachen Geschenkkorb zu Weihnachten mit hochwertigen Produkten f\u00fcr ein Weihnachtsgeschenk, ein Firmengeschenk oder ein Geschenkset f\u00fcr verschiedene Anl\u00e4sse. In der Schachtel befinden sich zwei Packungen unserer nativen Oliven\u00f6le extra: eine 250-ml-Regenbogen-Dose mit intensivem Fruchtgeschmack und eine Essenz mit mittlerem Fruchtgeschmack, zwei verschiedene Geschmacksrichtungen, die aus unterschiedlichen Olivenqualit\u00e4ten gewonnen werden, um die ganze Vielfalt eines handwerklich hergestellten \u00d6ls zu genie\u00dfen. Zur Vervollst\u00e4ndigung der Verkostung eine 250-ml-Flasche unseres entsteinten \u00d6ls aus Coratina-Oliven und zwei unserer nat\u00fcrlichen Aromen: Chilipfeffer und Zitrone. F\u00fcr einen Hauch von Farbe sorgt der Regenbogen, der zwei kleine, von Keramikern handgefertigte und bemalte Keramikschalen kennzeichnet, die sich perfekt zum Probieren von \u00d6l am Tisch oder zum Servieren guter Oliven eignen","og_url":"https:\/\/dev.frantoiomuraglia.it\/de\/produkt\/pacco-esperienza-muraglia-2\/","og_site_name":"Frantoio Muraglia","article_modified_time":"2025-06-16T09:00:19+00:00","og_image":[{"width":2180,"height":2294,"url":"https:\/\/dev.frantoiomuraglia.it\/wp-content\/uploads\/2022\/09\/Olio-Evo-Selection_3_2025_con-BIO.jpg","type":"image\/jpeg"}],"twitter_card":"summary_large_image","schema":{"@context":"https:\/\/schema.org","@graph":[{"@type":"WebPage","@id":"https:\/\/dev.frantoiomuraglia.it\/de\/produkt\/pacco-esperienza-muraglia-2\/","url":"https:\/\/dev.frantoiomuraglia.it\/de\/produkt\/pacco-esperienza-muraglia-2\/","name":"'Olio Evo Auswahl' - Geschenkbox - Frantoio Muraglia","isPartOf":{"@id":"https:\/\/dev.frantoiomuraglia.it\/de\/#website"},"primaryImageOfPage":{"@id":"https:\/\/dev.frantoiomuraglia.it\/de\/produkt\/pacco-esperienza-muraglia-2\/#primaryimage"},"image":{"@id":"https:\/\/dev.frantoiomuraglia.it\/de\/produkt\/pacco-esperienza-muraglia-2\/#primaryimage"},"thumbnailUrl":"https:\/\/dev.frantoiomuraglia.it\/wp-content\/uploads\/2022\/09\/Olio-Evo-Selection_3_2025_con-BIO.jpg","datePublished":"2022-10-21T14:42:59+00:00","dateModified":"2025-06-16T09:00:19+00:00","breadcrumb":{"@id":"https:\/\/dev.frantoiomuraglia.it\/de\/produkt\/pacco-esperienza-muraglia-2\/#breadcrumb"},"inLanguage":"de","potentialAction":[{"@type":"ReadAction","target":["https:\/\/dev.frantoiomuraglia.it\/de\/produkt\/pacco-esperienza-muraglia-2\/"]}]},{"@type":"ImageObject","inLanguage":"de","@id":"https:\/\/dev.frantoiomuraglia.it\/de\/produkt\/pacco-esperienza-muraglia-2\/#primaryimage","url":"https:\/\/dev.frantoiomuraglia.it\/wp-content\/uploads\/2022\/09\/Olio-Evo-Selection_3_2025_con-BIO.jpg","contentUrl":"https:\/\/dev.frantoiomuraglia.it\/wp-content\/uploads\/2022\/09\/Olio-Evo-Selection_3_2025_con-BIO.jpg","width":2180,"height":2294},{"@type":"BreadcrumbList","@id":"https:\/\/dev.frantoiomuraglia.it\/de\/produkt\/pacco-esperienza-muraglia-2\/#breadcrumb","itemListElement":[{"@type":"ListItem","position":1,"name":"Home","item":"https:\/\/dev.frantoiomuraglia.it\/de\/"},{"@type":"ListItem","position":2,"name":"Shop","item":"https:\/\/dev.frantoiomuraglia.it\/de\/shop\/"},{"@type":"ListItem","position":3,"name":"&#8218;Olio Evo Auswahl&#8216; &#8211; Geschenkbox"}]},{"@type":"WebSite","@id":"https:\/\/dev.frantoiomuraglia.it\/de\/#website","url":"https:\/\/dev.frantoiomuraglia.it\/de\/","name":"Frantoio Muraglia","description":"Just another WordPress site","publisher":{"@id":"https:\/\/dev.frantoiomuraglia.it\/de\/#organization"},"potentialAction":[{"@type":"SearchAction","target":{"@type":"EntryPoint","urlTemplate":"https:\/\/dev.frantoiomuraglia.it\/de\/?s={search_term_string}"},"query-input":{"@type":"PropertyValueSpecification","valueRequired":true,"valueName":"search_term_string"}}],"inLanguage":"de"},{"@type":"Organization","@id":"https:\/\/dev.frantoiomuraglia.it\/de\/#organization","name":"Frantoio Muraglia","url":"https:\/\/dev.frantoiomuraglia.it\/de\/","logo":{"@type":"ImageObject","inLanguage":"de","@id":"https:\/\/dev.frantoiomuraglia.it\/de\/#\/schema\/logo\/image\/","url":"https:\/\/www.frantoiomuraglia.it\/wp-content\/uploads\/2022\/06\/Logo-Frantoio-Muraglia-black-email.jpg","contentUrl":"https:\/\/www.frantoiomuraglia.it\/wp-content\/uploads\/2022\/06\/Logo-Frantoio-Muraglia-black-email.jpg","width":326,"height":150,"caption":"Frantoio Muraglia"},"image":{"@id":"https:\/\/dev.frantoiomuraglia.it\/de\/#\/schema\/logo\/image\/"}}]}},"_links":{"self":[{"href":"https:\/\/dev.frantoiomuraglia.it\/de\/wp-json\/wp\/v2\/product\/13450","targetHints":{"allow":["GET"]}}],"collection":[{"href":"https:\/\/dev.frantoiomuraglia.it\/de\/wp-json\/wp\/v2\/product"}],"about":[{"href":"https:\/\/dev.frantoiomuraglia.it\/de\/wp-json\/wp\/v2\/types\/product"}],"wp:featuredmedia":[{"embeddable":true,"href":"https:\/\/dev.frantoiomuraglia.it\/de\/wp-json\/wp\/v2\/media\/39745"}],"wp:attachment":[{"href":"https:\/\/dev.frantoiomuraglia.it\/de\/wp-json\/wp\/v2\/media?parent=13450"}],"wp:term":[{"taxonomy":"product_cat","embeddable":true,"href":"https:\/\/dev.frantoiomuraglia.it\/de\/wp-json\/wp\/v2\/product_cat?post=13450"},{"taxonomy":"product_tag","embeddable":true,"href":"https:\/\/dev.frantoiomuraglia.it\/de\/wp-json\/wp\/v2\/product_tag?post=13450"}],"curies":[{"name":"wp","href":"https:\/\/api.w.org\/{rel}","templated":true}]}}