{"id":11001,"date":"2022-03-24T13:55:19","date_gmt":"2022-06-09T08:55:16","guid":{"rendered":"https:\/\/www.frantoiomuraglia.it\/product\/rot\/"},"modified":"2025-02-14T10:50:30","modified_gmt":"2025-02-14T08:50:30","slug":"vetro-shining-red-2","status":"publish","type":"product","link":"https:\/\/dev.frantoiomuraglia.it\/de\/produkt\/vetro-shining-red-2\/","title":{"rendered":"Rot"},"content":{"rendered":"<p>Inspiriert von der Welt der Mode, in raffiniertem, leichtem Glas und k\u00fchlen Farben, steht die COOLors-Kollektion f\u00fcr Eleganz bei Tisch.<\/p>\n<p>Die COOLors-\u00d6lflaschen sind eine Weiterentwicklung, die die Terrakotta-Gef\u00e4\u00dfe nicht ersetzt. Diese Kollektion mit Glasflaschen, die an der Modewelt inspiriert ist, besteht aus raffinierten \u00d6lflaschen aus Leichtglas, die eine bunte Geschmacksparade voller Farben zu Ihnen nach Hause bringt.<\/p>\n<p>Einzigartige Objekte in limitierter Sammleredition. Einzigartige Objekte in limitierter Sammleredition. Die \u00d6lflaschen der Coolors-Kollektion sind eine Neuentwicklung, die sich zu den Terrakotta-Gef\u00e4\u00dfen gesellen und unser Angebot bereichern.<\/p>\n","protected":false},"excerpt":{"rendered":"<p>Inspiriert von der Welt der Mode, in raffiniertem, leichtem Glas und k\u00fchlen Farben, steht die COOLors-Kollektion f\u00fcr Eleganz bei Tisch. Die COOLors-\u00d6lflaschen sind eine Weiterentwicklung, die die Terrakotta-Gef\u00e4\u00dfe nicht ersetzt. Diese Kollektion mit Glasflaschen, die an der Modewelt inspiriert ist, besteht aus raffinierten \u00d6lflaschen aus Leichtglas, die eine bunte Geschmacksparade voller Farben zu Ihnen nach [&hellip;]<\/p>\n","protected":false},"featured_media":10988,"template":"","meta":{"_acf_changed":false},"product_cat":[172,160,142,377],"product_tag":[308,294,310,369,147],"class_list":{"0":"post-11001","1":"product","2":"type-product","3":"status-publish","4":"has-post-thumbnail","6":"product_cat-flaschen","7":"product_cat-upsell_astuccio_orcio-de","8":"product_cat-upsell_shopper-de","9":"product_cat-coolors-de","10":"product_tag-intense-variant-de","11":"product_tag-jars-de-2","12":"product_tag-medium-variant-de","13":"product_tag-tpl_jars-de","14":"product_tag-upsell_shopper-de","16":"first","17":"instock","18":"taxable","19":"shipping-taxable","20":"purchasable","21":"product-type-variable"},"acf":[],"yoast_head":"<!-- This site is optimized with the Yoast SEO plugin v26.8 - https:\/\/yoast.com\/product\/yoast-seo-wordpress\/ -->\n<title>Rot - Frantoio Muraglia<\/title>\n<meta name=\"description\" content=\"Die Coolors-Kollektion mit den an der Modewelt inspirierten \u00d6lflaschen aus raffiniertem Leichtglas in k\u00fchlen Farben bringt Eleganz auf Ihren Tisch.\" \/>\n<meta name=\"robots\" content=\"noindex, follow, max-snippet:-1, max-image-preview:large, max-video-preview:-1\" \/>\n<meta property=\"og:locale\" content=\"de_DE\" \/>\n<meta property=\"og:type\" content=\"article\" \/>\n<meta property=\"og:title\" content=\"Rot - Frantoio Muraglia\" \/>\n<meta property=\"og:description\" content=\"Die Coolors-Kollektion mit den an der Modewelt inspirierten \u00d6lflaschen aus raffiniertem Leichtglas in k\u00fchlen Farben bringt Eleganz auf Ihren Tisch.\" \/>\n<meta property=\"og:url\" content=\"https:\/\/dev.frantoiomuraglia.it\/de\/produkt\/vetro-shining-red-2\/\" \/>\n<meta property=\"og:site_name\" content=\"Frantoio Muraglia\" \/>\n<meta property=\"article:modified_time\" content=\"2025-02-14T08:50:30+00:00\" \/>\n<meta property=\"og:image\" content=\"https:\/\/dev.frantoiomuraglia.it\/wp-content\/uploads\/2022\/06\/Shining-Red-1.jpg\" \/>\n\t<meta property=\"og:image:width\" content=\"2180\" \/>\n\t<meta property=\"og:image:height\" content=\"2294\" \/>\n\t<meta property=\"og:image:type\" content=\"image\/jpeg\" \/>\n<meta name=\"twitter:card\" content=\"summary_large_image\" \/>\n<script type=\"application\/ld+json\" class=\"yoast-schema-graph\">{\"@context\":\"https:\/\/schema.org\",\"@graph\":[{\"@type\":\"WebPage\",\"@id\":\"https:\/\/dev.frantoiomuraglia.it\/de\/produkt\/vetro-shining-red-2\/\",\"url\":\"https:\/\/dev.frantoiomuraglia.it\/de\/produkt\/vetro-shining-red-2\/\",\"name\":\"Rot - Frantoio Muraglia\",\"isPartOf\":{\"@id\":\"https:\/\/dev.frantoiomuraglia.it\/de\/#website\"},\"primaryImageOfPage\":{\"@id\":\"https:\/\/dev.frantoiomuraglia.it\/de\/produkt\/vetro-shining-red-2\/#primaryimage\"},\"image\":{\"@id\":\"https:\/\/dev.frantoiomuraglia.it\/de\/produkt\/vetro-shining-red-2\/#primaryimage\"},\"thumbnailUrl\":\"https:\/\/dev.frantoiomuraglia.it\/wp-content\/uploads\/2022\/06\/Shining-Red-1.jpg\",\"datePublished\":\"2022-06-09T08:55:16+00:00\",\"dateModified\":\"2025-02-14T08:50:30+00:00\",\"description\":\"Die Coolors-Kollektion mit den an der Modewelt inspirierten \u00d6lflaschen aus raffiniertem Leichtglas in k\u00fchlen Farben bringt Eleganz auf Ihren Tisch.\",\"breadcrumb\":{\"@id\":\"https:\/\/dev.frantoiomuraglia.it\/de\/produkt\/vetro-shining-red-2\/#breadcrumb\"},\"inLanguage\":\"de\",\"potentialAction\":[{\"@type\":\"ReadAction\",\"target\":[\"https:\/\/dev.frantoiomuraglia.it\/de\/produkt\/vetro-shining-red-2\/\"]}]},{\"@type\":\"ImageObject\",\"inLanguage\":\"de\",\"@id\":\"https:\/\/dev.frantoiomuraglia.it\/de\/produkt\/vetro-shining-red-2\/#primaryimage\",\"url\":\"https:\/\/dev.frantoiomuraglia.it\/wp-content\/uploads\/2022\/06\/Shining-Red-1.jpg\",\"contentUrl\":\"https:\/\/dev.frantoiomuraglia.it\/wp-content\/uploads\/2022\/06\/Shining-Red-1.jpg\",\"width\":2180,\"height\":2294},{\"@type\":\"BreadcrumbList\",\"@id\":\"https:\/\/dev.frantoiomuraglia.it\/de\/produkt\/vetro-shining-red-2\/#breadcrumb\",\"itemListElement\":[{\"@type\":\"ListItem\",\"position\":1,\"name\":\"Home\",\"item\":\"https:\/\/dev.frantoiomuraglia.it\/de\/\"},{\"@type\":\"ListItem\",\"position\":2,\"name\":\"Shop\",\"item\":\"https:\/\/dev.frantoiomuraglia.it\/de\/shop\/\"},{\"@type\":\"ListItem\",\"position\":3,\"name\":\"Rot\"}]},{\"@type\":\"WebSite\",\"@id\":\"https:\/\/dev.frantoiomuraglia.it\/de\/#website\",\"url\":\"https:\/\/dev.frantoiomuraglia.it\/de\/\",\"name\":\"Frantoio Muraglia\",\"description\":\"Just another WordPress site\",\"publisher\":{\"@id\":\"https:\/\/dev.frantoiomuraglia.it\/de\/#organization\"},\"potentialAction\":[{\"@type\":\"SearchAction\",\"target\":{\"@type\":\"EntryPoint\",\"urlTemplate\":\"https:\/\/dev.frantoiomuraglia.it\/de\/?s={search_term_string}\"},\"query-input\":{\"@type\":\"PropertyValueSpecification\",\"valueRequired\":true,\"valueName\":\"search_term_string\"}}],\"inLanguage\":\"de\"},{\"@type\":\"Organization\",\"@id\":\"https:\/\/dev.frantoiomuraglia.it\/de\/#organization\",\"name\":\"Frantoio Muraglia\",\"url\":\"https:\/\/dev.frantoiomuraglia.it\/de\/\",\"logo\":{\"@type\":\"ImageObject\",\"inLanguage\":\"de\",\"@id\":\"https:\/\/dev.frantoiomuraglia.it\/de\/#\/schema\/logo\/image\/\",\"url\":\"https:\/\/www.frantoiomuraglia.it\/wp-content\/uploads\/2022\/06\/Logo-Frantoio-Muraglia-black-email.jpg\",\"contentUrl\":\"https:\/\/www.frantoiomuraglia.it\/wp-content\/uploads\/2022\/06\/Logo-Frantoio-Muraglia-black-email.jpg\",\"width\":326,\"height\":150,\"caption\":\"Frantoio Muraglia\"},\"image\":{\"@id\":\"https:\/\/dev.frantoiomuraglia.it\/de\/#\/schema\/logo\/image\/\"}}]}<\/script>\n<!-- \/ Yoast SEO plugin. -->","yoast_head_json":{"title":"Rot - Frantoio Muraglia","description":"Die Coolors-Kollektion mit den an der Modewelt inspirierten \u00d6lflaschen aus raffiniertem Leichtglas in k\u00fchlen Farben bringt Eleganz auf Ihren Tisch.","robots":{"index":"noindex","follow":"follow","max-snippet":"max-snippet:-1","max-image-preview":"max-image-preview:large","max-video-preview":"max-video-preview:-1"},"og_locale":"de_DE","og_type":"article","og_title":"Rot - Frantoio Muraglia","og_description":"Die Coolors-Kollektion mit den an der Modewelt inspirierten \u00d6lflaschen aus raffiniertem Leichtglas in k\u00fchlen Farben bringt Eleganz auf Ihren Tisch.","og_url":"https:\/\/dev.frantoiomuraglia.it\/de\/produkt\/vetro-shining-red-2\/","og_site_name":"Frantoio Muraglia","article_modified_time":"2025-02-14T08:50:30+00:00","og_image":[{"width":2180,"height":2294,"url":"https:\/\/dev.frantoiomuraglia.it\/wp-content\/uploads\/2022\/06\/Shining-Red-1.jpg","type":"image\/jpeg"}],"twitter_card":"summary_large_image","schema":{"@context":"https:\/\/schema.org","@graph":[{"@type":"WebPage","@id":"https:\/\/dev.frantoiomuraglia.it\/de\/produkt\/vetro-shining-red-2\/","url":"https:\/\/dev.frantoiomuraglia.it\/de\/produkt\/vetro-shining-red-2\/","name":"Rot - Frantoio Muraglia","isPartOf":{"@id":"https:\/\/dev.frantoiomuraglia.it\/de\/#website"},"primaryImageOfPage":{"@id":"https:\/\/dev.frantoiomuraglia.it\/de\/produkt\/vetro-shining-red-2\/#primaryimage"},"image":{"@id":"https:\/\/dev.frantoiomuraglia.it\/de\/produkt\/vetro-shining-red-2\/#primaryimage"},"thumbnailUrl":"https:\/\/dev.frantoiomuraglia.it\/wp-content\/uploads\/2022\/06\/Shining-Red-1.jpg","datePublished":"2022-06-09T08:55:16+00:00","dateModified":"2025-02-14T08:50:30+00:00","description":"Die Coolors-Kollektion mit den an der Modewelt inspirierten \u00d6lflaschen aus raffiniertem Leichtglas in k\u00fchlen Farben bringt Eleganz auf Ihren Tisch.","breadcrumb":{"@id":"https:\/\/dev.frantoiomuraglia.it\/de\/produkt\/vetro-shining-red-2\/#breadcrumb"},"inLanguage":"de","potentialAction":[{"@type":"ReadAction","target":["https:\/\/dev.frantoiomuraglia.it\/de\/produkt\/vetro-shining-red-2\/"]}]},{"@type":"ImageObject","inLanguage":"de","@id":"https:\/\/dev.frantoiomuraglia.it\/de\/produkt\/vetro-shining-red-2\/#primaryimage","url":"https:\/\/dev.frantoiomuraglia.it\/wp-content\/uploads\/2022\/06\/Shining-Red-1.jpg","contentUrl":"https:\/\/dev.frantoiomuraglia.it\/wp-content\/uploads\/2022\/06\/Shining-Red-1.jpg","width":2180,"height":2294},{"@type":"BreadcrumbList","@id":"https:\/\/dev.frantoiomuraglia.it\/de\/produkt\/vetro-shining-red-2\/#breadcrumb","itemListElement":[{"@type":"ListItem","position":1,"name":"Home","item":"https:\/\/dev.frantoiomuraglia.it\/de\/"},{"@type":"ListItem","position":2,"name":"Shop","item":"https:\/\/dev.frantoiomuraglia.it\/de\/shop\/"},{"@type":"ListItem","position":3,"name":"Rot"}]},{"@type":"WebSite","@id":"https:\/\/dev.frantoiomuraglia.it\/de\/#website","url":"https:\/\/dev.frantoiomuraglia.it\/de\/","name":"Frantoio Muraglia","description":"Just another WordPress site","publisher":{"@id":"https:\/\/dev.frantoiomuraglia.it\/de\/#organization"},"potentialAction":[{"@type":"SearchAction","target":{"@type":"EntryPoint","urlTemplate":"https:\/\/dev.frantoiomuraglia.it\/de\/?s={search_term_string}"},"query-input":{"@type":"PropertyValueSpecification","valueRequired":true,"valueName":"search_term_string"}}],"inLanguage":"de"},{"@type":"Organization","@id":"https:\/\/dev.frantoiomuraglia.it\/de\/#organization","name":"Frantoio Muraglia","url":"https:\/\/dev.frantoiomuraglia.it\/de\/","logo":{"@type":"ImageObject","inLanguage":"de","@id":"https:\/\/dev.frantoiomuraglia.it\/de\/#\/schema\/logo\/image\/","url":"https:\/\/www.frantoiomuraglia.it\/wp-content\/uploads\/2022\/06\/Logo-Frantoio-Muraglia-black-email.jpg","contentUrl":"https:\/\/www.frantoiomuraglia.it\/wp-content\/uploads\/2022\/06\/Logo-Frantoio-Muraglia-black-email.jpg","width":326,"height":150,"caption":"Frantoio Muraglia"},"image":{"@id":"https:\/\/dev.frantoiomuraglia.it\/de\/#\/schema\/logo\/image\/"}}]}},"_links":{"self":[{"href":"https:\/\/dev.frantoiomuraglia.it\/de\/wp-json\/wp\/v2\/product\/11001","targetHints":{"allow":["GET"]}}],"collection":[{"href":"https:\/\/dev.frantoiomuraglia.it\/de\/wp-json\/wp\/v2\/product"}],"about":[{"href":"https:\/\/dev.frantoiomuraglia.it\/de\/wp-json\/wp\/v2\/types\/product"}],"wp:featuredmedia":[{"embeddable":true,"href":"https:\/\/dev.frantoiomuraglia.it\/de\/wp-json\/wp\/v2\/media\/10988"}],"wp:attachment":[{"href":"https:\/\/dev.frantoiomuraglia.it\/de\/wp-json\/wp\/v2\/media?parent=11001"}],"wp:term":[{"taxonomy":"product_cat","embeddable":true,"href":"https:\/\/dev.frantoiomuraglia.it\/de\/wp-json\/wp\/v2\/product_cat?post=11001"},{"taxonomy":"product_tag","embeddable":true,"href":"https:\/\/dev.frantoiomuraglia.it\/de\/wp-json\/wp\/v2\/product_tag?post=11001"}],"curies":[{"name":"wp","href":"https:\/\/api.w.org\/{rel}","templated":true}]}}